{"id":6,"date":"2007-11-07T21:55:52","date_gmt":"2007-11-07T21:55:52","guid":{"rendered":"http:\/\/www.velehrad.org\/wordpress\/?page_id=6"},"modified":"2023-01-13T09:10:49","modified_gmt":"2023-01-13T09:10:49","slug":"kontakt","status":"publish","type":"page","link":"https:\/\/www.scmlondon.org\/?page_id=6","title":{"rendered":"KONTAKT"},"content":{"rendered":"<table width=\"409\">\n<tbody>\n<tr>\n<td><strong><i class=\"fa fa-user\"><\/i> Duchovn\u00fd spr\u00e1vca SCM:<\/strong><\/td>\n<td><strong>Rev. Tibor Borovsk\u00fd<\/strong><\/td>\n<\/tr>\n<tr>\n<td>Tel. \u010d\u00edslo spr\u00e1vcu:<\/td>\n<td><a href=\"tel:+447597637411\">(+44) 075 9763 7411<\/a><\/td>\n<\/tr>\n<tr>\n<td>Email na duchovn\u00e9ho spr\u00e1vcu:<\/td>\n<td>info@scmlondon.org<\/td>\n<\/tr>\n<tr>\n<td><\/td>\n<td><\/td>\n<\/tr>\n<tr>\n<td><strong><i class=\"fa fa-user\"><\/i> Sekret\u00e1r pre administrat\u00edvu:<\/strong><\/td>\n<td><strong>Daniela Brachov\u00e1<\/strong><\/td>\n<\/tr>\n<tr>\n<td>Email pre administrat\u00edvu:<\/td>\n<td>secretary@scmlondon.org<\/td>\n<\/tr>\n<\/tbody>\n<\/table>\n<p style=\"text-align: justify;\"><strong><i class=\"fa fa-clock-o\"><\/i> Str\u00e1nkov\u00e9 hodiny:<\/strong><br \/>\nPo dohode\u00a0so sekret\u00e1rkou prostredn\u00edctvom emailu.<\/p>\n<p style=\"text-align: justify;\">Slovensk\u00e1 katol\u00edcka misia v Lond\u00fdne v s\u00fa\u010dasnosti neposkytuje vybavenie potvrden\u00ed, povolen\u00ed ku krstu a Licencie k sob\u00e1\u0161om. V t\u00fdchto z\u00e1le\u017eitostiach sa obr\u00e1\u0165te na svoju anglick\u00fa lok\u00e1lnu farnos\u0165, kam pod\u013ea k\u00e1nonick\u00e9ho pr\u00e1va patr\u00edte.<\/p>\n<p style=\"text-align: justify;\">Kancel\u00e1ria SCM sa nach\u00e1dza pri poh\u013eade zvonka na kostol Our Lady of La Salette and St Joseph vpravo &#8211; dreven\u00e9 dvere (zvon\u010dek je pri dver\u00e1ch).<\/p>\n<p><strong><i class=\"fa fa-envelope\"><\/i> Po\u0161tov\u00e1 adresa:<\/strong><br \/>\nSlovak Catholic Mission in London<br \/>\n14 Melior Street<br \/>\nLondon SE1 3QP<br \/>\nUnited Kingdom<\/p>\n<p><strong><i class=\"fa fa-street-view\"><\/i> Google Street:<\/strong> Nav\u0161t\u00edvte n\u00e1s cez <a href=\"https:\/\/www.google.co.uk\/maps\/@51.5028059,-0.0851234,3a,75y,176.39h,89.75t\/data=!3m6!1e1!3m4!1sWQEyML4-TMmFzNcRcM0aSg!2e0!7i16384!8i8192\" target=\"_blank\">Google Street View<br \/>\n<\/a><strong><i class=\"fa fa-map\"><\/i> Google Maps:<\/strong> Nechajte sa navigova\u0165 priamo cez <a href=\"https:\/\/www.google.com\/maps\/dir\/\/Slovak+Catholic+Mission+in+London,+14+Melior+St,+London+SE1+3QP\/@51.499626,-0.0849039,14z\/data=!4m9!4m8!1m0!1m5!1m1!1s0x4876038854015fcb:0x7ebc76a0e42d4cfd!2m2!1d-0.0850747!2d51.5027326!3e2\" target=\"_blank\">Google Maps<\/a><\/p>\n<p><strong> Mapa: <\/strong>S\u00eddlo Slovenskej katol\u00edckej misie v Lond\u00fdne alebo Ako do slovensk\u00e9ho kostola v Lond\u00fdne (<a href=\"https:\/\/www.google.com\/maps\/d\/viewer?mid=11z715ZVxssHce4A7ywaQsKtCEko\" target=\"_blank\">otvori\u0165 na v\u00e4\u010d\u0161ej mape<\/a>):<br \/>\n<iframe loading=\"lazy\" src=\"https:\/\/mapsengine.google.com\/map\/embed?mid=znl8Bh8DYSTw.kuTD0V3TpY0A\" width=\"600\" height=\"480\"><\/iframe><\/p>\n<p><strong>Miestna anglick\u00e1 farnos\u0165:<\/strong><br \/>\n<i class=\"fa fa-user\"><\/i> Parish Priest: Canon\u00a0Mark Powell<br \/>\nRoman Catholic Church of Our Lady of La Salette and St Jospeh<br \/>\n14 Melior Street, London SE1 3QP<br \/>\nTel:\u00a0(+44) 0207 403 8477<br \/>\nEmail: meliorstreet@rcaos.org.uk<br \/>\nWeb:\u00a0<a href=\"https:\/\/ourladyoflasalette.wordpress.com\" target=\"_blank\">https:\/\/ourladyoflasalette.wordpress.com<\/a><\/p>\n","protected":false},"excerpt":{"rendered":"<p>Duchovn\u00fd spr\u00e1vca SCM: Rev. Tibor Borovsk\u00fd Tel. \u010d\u00edslo spr\u00e1vcu: (+44) 075 9763 7411 Email na duchovn\u00e9ho spr\u00e1vcu: info@scmlondon.org Sekret\u00e1r pre administrat\u00edvu: Daniela Brachov\u00e1 Email pre administrat\u00edvu: secretary@scmlondon.org Str\u00e1nkov\u00e9 hodiny: Po&#8230; <a class=\"meta-more\" href=\"https:\/\/www.scmlondon.org\/?page_id=6\">Pokra\u010dova\u0165 v \u010d\u00edtan\u00ed <span class=\"meta-nav\">&raquo;<\/span><\/a><\/p>\n","protected":false},"author":417,"featured_media":0,"parent":0,"menu_order":7,"comment_status":"closed","ping_status":"closed","template":"","meta":{"footnotes":""},"class_list":["post-6","page","type-page","status-publish","hentry"],"_links":{"self":[{"href":"https:\/\/www.scmlondon.org\/index.php?rest_route=\/wp\/v2\/pages\/6","targetHints":{"allow":["GET"]}}],"collection":[{"href":"https:\/\/www.scmlondon.org\/index.php?rest_route=\/wp\/v2\/pages"}],"about":[{"href":"https:\/\/www.scmlondon.org\/index.php?rest_route=\/wp\/v2\/types\/page"}],"author":[{"embeddable":true,"href":"https:\/\/www.scmlondon.org\/index.php?rest_route=\/wp\/v2\/users\/417"}],"replies":[{"embeddable":true,"href":"https:\/\/www.scmlondon.org\/index.php?rest_route=%2Fwp%2Fv2%2Fcomments&post=6"}],"version-history":[{"count":320,"href":"https:\/\/www.scmlondon.org\/index.php?rest_route=\/wp\/v2\/pages\/6\/revisions"}],"predecessor-version":[{"id":31407,"href":"https:\/\/www.scmlondon.org\/index.php?rest_route=\/wp\/v2\/pages\/6\/revisions\/31407"}],"wp:attachment":[{"href":"https:\/\/www.scmlondon.org\/index.php?rest_route=%2Fwp%2Fv2%2Fmedia&parent=6"}],"curies":[{"name":"wp","href":"https:\/\/api.w.org\/{rel}","templated":true}]}}