{"id":30946,"date":"2022-07-01T11:00:47","date_gmt":"2022-07-01T10:00:47","guid":{"rendered":"http:\/\/www.scmlondon.org\/?page_id=30946"},"modified":"2022-10-04T23:33:34","modified_gmt":"2022-10-04T22:33:34","slug":"priprava-k-manzelstvu-2022","status":"publish","type":"page","link":"https:\/\/www.scmlondon.org\/?page_id=30946","title":{"rendered":"PR\u00cdPRAVA K MAN\u017dELSTVU 2022"},"content":{"rendered":"<p style=\"text-align: center;\" align=\"center\"><strong><a href=\"http:\/\/www.scmlondon.org\/wp-content\/uploads\/2010\/10\/snubn\u00e9-prstene.jpg\" data-rel=\"lightbox-image-0\" data-rl_title=\"\" data-rl_caption=\"\"><img loading=\"lazy\" decoding=\"async\" class=\"size-full wp-image-9846 alignright\" title=\"\" src=\"http:\/\/www.scmlondon.org\/wp-content\/uploads\/2010\/10\/snubn\u00e9-prstene.jpg\" alt=\"\" width=\"189\" height=\"197\" \/><\/a><\/strong><b><\/b><span style=\"color: #ff6600;\">PR\u00cdPRAVA K SVIATOSTI MAN\u017dELSTVA, RODI\u010cOVSTVU a KRES\u0164ANSKEJ V\u00ddCHOVE DET\u00cd<\/span><\/p>\n<h2 style=\"text-align: center;\"><span style=\"color: #ff0000;\"><strong><span style=\"text-decoration: underline;\">ROK 2022<\/span><\/strong><\/span><\/h2>\n<h2 style=\"text-align: center;\" align=\"center\"><\/h2>\n<h3 align=\"center\"><span style=\"color: #ff0000;\">Pre nedostato\u010dn\u00fd z\u00e1ujem\u00a0krajanov a podporu Slovenskej katol\u00edckej misie v Lond\u00fdne\u00a0sa pr\u00edprava ku sviatostiam u\u017e neposkytuje.<\/span><\/h3>\n<h4 align=\"center\"><strong><span style=\"color: #ff0000;\">Slovensk\u00fd k\u0148az bude k dispoz\u00edcii u\u017e iba v nede\u013eu<br \/>\npre sl\u00e1venie sv\u00e4tej om\u0161e<br \/>\na vysluhovanie sviatosti zmierenia.<\/span><\/strong><\/h4>\n<p style=\"text-align: center;\">Je st\u00e1le mo\u017en\u00e9 po\u017eiada\u0165 o vysl\u00fa\u017eenie sviatosti man\u017eelstva<br \/>\nv Slovenskej katol\u00edckej misii v Lond\u00fdne,<br \/>\n<strong><span style=\"color: #ff0000;\"><span style=\"text-decoration: underline;\">AV\u0160AK iba s p\u00edsomn\u00fdm potvrden\u00edm od miestneho far\u00e1ra,<\/span><br \/>\n<\/span><\/strong><span style=\"text-decoration: underline;\"><strong><span style=\"color: #ff0000; text-decoration: underline;\">na \u00fazem\u00ed ktor\u00e9ho b\u00fdvate,<br \/>\n\u017ee s\u00fahlas\u00ed so sob\u00e1\u0161om na inom mieste,<br \/>\n<\/span><\/strong><strong><span style=\"color: #ff0000; text-decoration: underline;\">ako je va\u0161a farnos\u0165,<br \/>\na p\u00edsomn\u00fdm potvrden\u00edm,<br \/>\n<\/span><\/strong><\/span><strong><span style=\"color: #ff0000;\"><span style=\"text-decoration: underline;\">\u017ee ste absolvovali pr\u00edpravu v jeho farnosti<\/span><br \/>\n<\/span><\/strong><strong><span style=\"color: #ff0000;\">(alebo na jeho odpor\u00fa\u010danie na inom mieste) <\/span><\/strong><\/p>\n<h3 style=\"text-align: justify;\">&#8212;&#8212;&#8212;&#8212;&#8212;&#8212;&#8212;&#8212;&#8212;&#8212;&#8212;&#8212;&#8212;&#8212;&#8212;&#8212;&#8212;&#8212;&#8212;&#8212;&#8212;&#8212;&#8212;&#8212;&#8212;&#8212;&#8212;&#8212;&#8212;&#8212;&#8212;&#8212;&#8212;&#8212;&#8212;<\/h3>\n<p style=\"text-align: justify;\"><strong><span style=\"text-decoration: underline;\">&#8211; k pr\u00edprave sa treba prihl\u00e1si\u0165 najmenej 6 mesiacov pred pl\u00e1novan\u00fdm term\u00ednom d\u00e1tumu sob\u00e1\u0161a (British Law and Particular Law of the Church)<\/span><\/strong><\/p>\n<p style=\"text-align: justify;\">&#8211; vy\u017eaduje sa, aby sa obaja sn\u00fabenci osobne a spolu pri\u0161li predstavi\u0165 na Farsk\u00fd \u00farad (k\u0148azovi) a prednies\u0165 svoju \u017eiados\u0165, kde sa bud\u00fa zis\u0165ova\u0165 aj potrebn\u00e9 skuto\u010dnosti k platn\u00e9mu a dovolen\u00e9mu vysl\u00fa\u017eeniu sviatosti man\u017eelstva. Kontaktova\u0165 svoju farnos\u0165 m\u00f4\u017eete bu\u010f prostredn\u00edctvom emailu, alebo telefonicky v \u00faradn\u00fdch\u00a0hodin\u00e1ch konkr\u00e9tnej farnosti. Ka\u017ed\u00e1 farnos\u0165 m\u00e1 webov\u00fa str\u00e1nku, kde n\u00e1jdete tieto \u00fadaje.<\/p>\n<p style=\"text-align: justify;\">&#8211; Treba sa v\u010das prihl\u00e1si\u0165 prostredn\u00edctvom emailu\u00a0<strong>pred pl\u00e1novan\u00fdm term\u00ednom vysluhovania sviatosti man\u017eelstva. <\/strong>Pos\u00fadi sa opr\u00e1vnenos\u0165 va\u0161ej \u017eiadosti. Ak sp\u013a\u0148a krit\u00e9ri\u00e1 dan\u00e9 \u0161t\u00e1tnymi z\u00e1konmi a K\u00f3dexom cirkevn\u00e9ho pr\u00e1va, n\u00e1sledne bud\u00fa od v\u00e1s po\u017eadovan\u00e9 \u00fadaje pre vystavenie potrebn\u00fdch dokladov a bude v\u00e1m ozn\u00e1men\u00e9, ktor\u00e9 doklady s\u00fa e\u0161te potrebn\u00e9 k doplneniu z\u00e1pisnice.<\/p>\n<p style=\"text-align: justify;\">&#8211; ak s\u00fa v\u010das a \u00faplne poskytnut\u00e9 \u00fadaje a doklady, <strong><span style=\"text-decoration: underline;\">najnesk\u00f4r v\u0161ak do 1 mesiaca pred <\/span><\/strong>\u00a0<strong>\u00a0<span style=\"text-decoration: underline;\">pl\u00e1novan\u00fdm term\u00ednom sob\u00e1\u0161a<\/span><\/strong>\u00a0a nebr\u00e1ni tomu \u017eiadna in\u00e1 prek\u00e1\u017eka, potom va\u0161a \u017eiados\u0165 o term\u00edn sob\u00e1\u0161a bude akceptovan\u00e1.<\/p>\n<p style=\"text-align: justify;\">&#8211; je v\u017edy lep\u0161ie informova\u0165 sa vopred osobne, \u010do je potrebn\u00e9 k prihl\u00e1seniu sa na pr\u00edpravu a k uzavretiu man\u017eelsk\u00e9ho zv\u00e4zku. <strong>Ve\u013emi d\u00f4le\u017eit\u00e9 je to najm\u00e4 v pr\u00edpadoch, kde ide o man\u017eelstvo, kde si katol\u00edcka str\u00e1nka berie str\u00e1nku s in\u00fdm vierovyznan\u00edm.<\/strong><\/p>\n<p style=\"text-align: justify;\">&#8211; <strong>je nutn\u00e9, aby sa sn\u00fabenci pri\u0161li predstavi\u0165 osobne<\/strong><\/p>\n<p style=\"text-align: justify;\">&#8211; v\u010das poskytn\u00fa\u0165 relevantn\u00e9 doklady k sob\u00e1\u0161nej z\u00e1pisnici<\/p>\n<p style=\"text-align: justify;\">&#8211; zariadi\u0165 si svoj osobn\u00fd program a z\u00fa\u010dastni\u0165 sa pr\u00edpravy ku sviatosti man\u017eelstva, ako v\u00e1m bud\u00fa ozn\u00e1men\u00e9 term\u00edny<\/p>\n<p style=\"text-align: justify;\">&#8211; ostatn\u00e9 n\u00e1le\u017eitosti oh\u013eadom sviatosti man\u017eelstva sa dozvedia pri pohovore<\/p>\n<p style=\"text-align: justify;\">&#8211; pr\u00edpravy sa sn\u00fabenci m\u00f4\u017eu z\u00fa\u010dastni\u0165 aj jeden rok dopredu pred pl\u00e1novan\u00fdm sob\u00e1\u0161om<\/p>\n<p style=\"text-align: justify;\">&#8211; pr\u00eds\u0165 na\u010das na sl\u00e1venie sviatosti man\u017eelstva<\/p>\n<p>&#8212;&#8212;&#8212;&#8212;&#8212;&#8212;&#8212;&#8212;&#8212;&#8212;&#8212;&#8212;&#8212;&#8212;&#8212;&#8212;&#8212;&#8212;&#8212;&#8212;&#8212;&#8212;&#8212;&#8212;&#8212;&#8212;&#8212;&#8212;&#8212;&#8212;&#8212;&#8212;&#8212;&#8212;&#8212;&#8212;&#8212;&#8212;&#8212;&#8212;&#8212;&#8212;&#8212;-<\/p>\n<p>Upozornenia:<\/p>\n<p style=\"text-align: justify;\">&#8211; t\u00ed sn\u00fabenci, ktor\u00ed neboli na 1. sv. prij\u00edman\u00ed, pr\u00edpadne nie s\u00fa ani pokrsten\u00ed, nech sa nahl\u00e1sia najmenej dva roky vopred<\/p>\n<p style=\"text-align: justify;\">&#8211; je mo\u017en\u00e9 z\u00fa\u010dastni\u0165 sa pr\u00edpravy ku sviatosti man\u017eelstva aj v Anglicku a sob\u00e1\u0161 ma\u0165 na Slovensku a opa\u010dne<\/p>\n<p style=\"text-align: justify;\">&#8212;&#8212;&#8212;&#8212;&#8212;&#8212;&#8212;&#8212;&#8212;&#8212;&#8212;&#8212;&#8212;&#8212;&#8212;&#8212;&#8212;&#8212;&#8212;&#8212;&#8212;&#8212;&#8212;&#8212;&#8212;&#8212;&#8212;&#8212;&#8212;&#8212;&#8212;&#8212;&#8212;&#8212;&#8212;&#8212;&#8212;&#8212;&#8212;&#8212;&#8212;&#8212;&#8212;-<\/p>\n<p style=\"text-align: justify;\">K uzavretiu sviatosti man\u017eelstva je potrebn\u00e9 :<\/p>\n<ul style=\"text-align: justify;\">\n<li>V pr\u00edpade, \u017ee chcete uzavrie\u0165 man\u017eelsk\u00fd zv\u00e4zok na Slovensku a z\u00fa\u010dastni\u0165 sa pr\u00edpravy v UK:<\/li>\n<\/ul>\n<ol style=\"text-align: justify;\" start=\"1\">\n<li>dohodn\u00fa\u0165 si vo farnosti, kde uva\u017eujete o uzavret\u00ed man\u017eelsk\u00e9ho zv\u00e4zku, so spr\u00e1vcom farnosti term\u00edn sob\u00e1\u0161a, aby nekolidoval s in\u00fdmi term\u00ednmi podujat\u00ed v dotknutej farnosti. Treba tak urobi\u0165 so zna\u010dn\u00fdm predstihom pred pl\u00e1novan\u00fdm term\u00ednom sob\u00e1\u0161a. Na farskom \u00farade sp\u00ed\u0161ete sob\u00e1\u0161nu z\u00e1pisnicu.<\/li>\n<li>nav\u0161t\u00edvi\u0165 pr\u00edslu\u0161n\u00fd matri\u010dn\u00fd \u00farad, ktor\u00fd prin\u00e1le\u017e\u00ed k miestu vykonania obradu a spolo\u010dne obaja sn\u00fabenci sp\u00edsa\u0165 \u0161t\u00e1tnu z\u00e1pisnicu<\/li>\n<li>k n\u00e1v\u0161teve matri\u010dn\u00e9ho \u00faradu budete potrebova\u0165 rodn\u00fd list a ob\u010diansky preukaz, ak ste obaja bu\u010f slovenskej alebo \u010deskej \u0161t\u00e1tnej pr\u00edslu\u0161nosti (ak ste inej \u0161t\u00e1tnej pr\u00edslu\u0161nnosti, tak pas)<\/li>\n<li><span style=\"text-decoration: underline;\">ak jeden zo sn\u00fabencov je inej \u0161t\u00e1tnej pr\u00edslu\u0161nosti, treba si zadov\u00e1\u017ei\u0165 \u010fal\u0161ie doklady, ktor\u00e9 v\u00e1m ozn\u00e1mi pr\u00edslu\u0161n\u00fd matri\u010dn\u00fd \u00farad (doba vybavenia t\u00fdchto dokladov trv\u00e1 aj nieko\u013eko mesiacov)<\/span><\/li>\n<li>sn\u00fabenci si zadov\u00e1\u017eia krstn\u00fd list z farnosti, kde boli pokrsten\u00ed, a prines\u00fa\u00a0ho (po\u0161l\u00fa po\u0161tou)\u00a0spr\u00e1vcovi farnosti\u00a0(m\u00f4\u017ee by\u0165 zaslan\u00e1 emailom, ak s t\u00fdm s\u00fahlas\u00ed miestny k\u0148az)<\/li>\n<li>upozor\u0148ujeme, \u017ee <strong>vysl\u00fa\u017eenie sviatosti man\u017eelstva je mo\u017en\u00e9 iba vtedy, ke\u010f s\u00fa splnen\u00e9 v\u0161etky krit\u00e9ri\u00e1 K\u00f3dexu cirkevn\u00e9ho pr\u00e1va<\/strong> pre vysluhovanie\u00a0sviatosti man\u017eelstva.<\/li>\n<li><\/li>\n<li><\/li>\n<\/ol>\n<ul style=\"text-align: justify;\">\n<li>V pr\u00edpade, \u017ee chcete uzavrie\u0165 man\u017eelsk\u00fd zv\u00e4zok v Anglicku v niektorej anglickej farnosti alebo v na\u0161ej misii :<\/li>\n<\/ul>\n<ol start=\"1\">\n<li style=\"text-align: justify;\">dohodn\u00fa\u0165 si vo farnosti, kde uva\u017eujete o uzavret\u00ed man\u017eelsk\u00e9ho zv\u00e4zku, so spr\u00e1vcom farnosti term\u00edn sob\u00e1\u0161a, aby nekolidoval s in\u00fdmi term\u00ednmi podujat\u00ed vo farnosti. Spr\u00e1vca farnosti v\u00e1s pou\u010d\u00ed o potrebe dokladov k sob\u00e1\u0161u. Treba tak urobi\u0165 <span style=\"text-decoration: underline;\"><strong>najmenej 6 mesiacov pred pl\u00e1novan\u00fdm term\u00ednom sob\u00e1\u0161a<\/strong><\/span><\/li>\n<li style=\"text-align: justify;\">nav\u0161t\u00edvi\u0165 pr\u00edslu\u0161n\u00fd Register Office v mieste svojho pobytu a spolo\u010dne obaja sn\u00fabenci sp\u00edsa\u0165 \u0161t\u00e1tnu z\u00e1pisnicu<\/li>\n<li style=\"text-align: justify;\">k n\u00e1v\u0161teve Register Office budete potrebova\u0165 rodn\u00fd list (prelo\u017een\u00fd do angli\u010dtiny znalcom z odboru prekladate\u013estvo) a pas, ak ste obaja bu\u010f slovenskej alebo \u010deskej \u0161t\u00e1tnej pr\u00edslu\u0161nosti<\/li>\n<li style=\"text-align: justify;\"><span style=\"text-decoration: underline;\">ak jeden zo sn\u00fabencov je inej \u0161t\u00e1tnej pr\u00edslu\u0161nosti, treba si zadov\u00e1\u017ei\u0165 \u010fal\u0161ie doklady, ktor\u00e9 v\u00e1m ozn\u00e1mi pr\u00edslu\u0161n\u00fd Register Office (doba vybavenia t\u00fdchto dokladov trv\u00e1 aj nieko\u013eko mesiacov)<\/span><\/li>\n<li style=\"text-align: justify;\">sn\u00fabenci si zadov\u00e1\u017eia krstn\u00fd list z farnosti, kde boli pokrsten\u00ed a prines\u00fa ho k\u0148azovi do farnosti, kde pl\u00e1nuj\u00fa ma\u0165 sob\u00e1\u0161<\/li>\n<li style=\"text-align: justify;\">poskytn\u00fa v\u0161etky po\u017eadovan\u00e9 \u00fadaje, ktor\u00e9 s\u00fa \u017eiadan\u00e9 pri osobnom pohovore<\/li>\n<li style=\"text-align: justify;\">sn\u00fabenci bud\u00fa potrebova\u0165 p\u00edsomn\u00e9 prehl\u00e1senie o tom, \u017ee s\u00fa slobodn\u00ed a m\u00f4\u017eu uzavrie\u0165 man\u017eelsk\u00fd zv\u00e4zok (Statutory Declaration of Freedom). Rob\u00ed sa tak pred anglick\u00fdm advok\u00e1tom (solicitor). T\u00e1to slu\u017eba je spoplatnen\u00e1. Tla\u010divo dostanete pri osobnom stretnut\u00ed s k\u0148azom vo farnosti, kde absolvujete pr\u00edpravu.<\/li>\n<\/ol>\n","protected":false},"excerpt":{"rendered":"<p>PR\u00cdPRAVA K SVIATOSTI MAN\u017dELSTVA, RODI\u010cOVSTVU a KRES\u0164ANSKEJ V\u00ddCHOVE DET\u00cd ROK 2022 Pre nedostato\u010dn\u00fd z\u00e1ujem\u00a0krajanov a podporu Slovenskej katol\u00edckej misie v Lond\u00fdne\u00a0sa pr\u00edprava ku sviatostiam u\u017e neposkytuje. Slovensk\u00fd k\u0148az bude k&#8230; <a class=\"meta-more\" href=\"https:\/\/www.scmlondon.org\/?page_id=30946\">Pokra\u010dova\u0165 v \u010d\u00edtan\u00ed <span class=\"meta-nav\">&raquo;<\/span><\/a><\/p>\n","protected":false},"author":826,"featured_media":0,"parent":17006,"menu_order":0,"comment_status":"closed","ping_status":"closed","template":"","meta":{"footnotes":""},"class_list":["post-30946","page","type-page","status-publish","hentry"],"_links":{"self":[{"href":"https:\/\/www.scmlondon.org\/index.php?rest_route=\/wp\/v2\/pages\/30946","targetHints":{"allow":["GET"]}}],"collection":[{"href":"https:\/\/www.scmlondon.org\/index.php?rest_route=\/wp\/v2\/pages"}],"about":[{"href":"https:\/\/www.scmlondon.org\/index.php?rest_route=\/wp\/v2\/types\/page"}],"author":[{"embeddable":true,"href":"https:\/\/www.scmlondon.org\/index.php?rest_route=\/wp\/v2\/users\/826"}],"replies":[{"embeddable":true,"href":"https:\/\/www.scmlondon.org\/index.php?rest_route=%2Fwp%2Fv2%2Fcomments&post=30946"}],"version-history":[{"count":4,"href":"https:\/\/www.scmlondon.org\/index.php?rest_route=\/wp\/v2\/pages\/30946\/revisions"}],"predecessor-version":[{"id":31317,"href":"https:\/\/www.scmlondon.org\/index.php?rest_route=\/wp\/v2\/pages\/30946\/revisions\/31317"}],"up":[{"embeddable":true,"href":"https:\/\/www.scmlondon.org\/index.php?rest_route=\/wp\/v2\/pages\/17006"}],"wp:attachment":[{"href":"https:\/\/www.scmlondon.org\/index.php?rest_route=%2Fwp%2Fv2%2Fmedia&parent=30946"}],"curies":[{"name":"wp","href":"https:\/\/api.w.org\/{rel}","templated":true}]}}