{"id":30944,"date":"2022-07-01T10:57:56","date_gmt":"2022-07-01T09:57:56","guid":{"rendered":"http:\/\/www.scmlondon.org\/?page_id=30944"},"modified":"2026-03-10T22:28:19","modified_gmt":"2026-03-10T22:28:19","slug":"krsty-2022","status":"publish","type":"page","link":"https:\/\/www.scmlondon.org\/?page_id=30944","title":{"rendered":"KRSTY 2026"},"content":{"rendered":"<h2 style=\"text-align: center;\" align=\"center\"><strong><span style=\"text-decoration: underline;\"><span style=\"color: #ff0000; text-decoration: underline;\">PR\u00cdPRAVA KU SVIATOSTI KRSTU<\/span><a href=\"http:\/\/www.scmlondon.org\/wp-content\/uploads\/2011\/01\/images1.jpg\" data-rel=\"lightbox-image-0\" data-rl_title=\"\" data-rl_caption=\"\"><img loading=\"lazy\" decoding=\"async\" class=\"alignright size-full wp-image-11305\" title=\"\" src=\"http:\/\/www.scmlondon.org\/wp-content\/uploads\/2011\/01\/images1.jpg\" alt=\"\" width=\"189\" height=\"256\"><\/a><\/span><\/strong><\/h2>\n<h2 align=\"center\"><span style=\"color: #ff0000;\">sa od 3.j\u00fala 2022 pre rodi\u010dov malolet\u00fdch det\u00ed neuskuto\u010d\u0148uje.<\/span><\/h2>\n<h3 align=\"center\"><span style=\"color: #ff0000;\">Pre nedostato\u010dn\u00fd z\u00e1ujem&nbsp;krajanov a podporu Slovenskej katol\u00edckej misie v Lond\u00fdne&nbsp;sa pr\u00edprava ku sviatostiam u\u017e neposkytuje.<\/span><\/h3>\n<p>.<\/p>\n<h3 align=\"center\"><strong><span style=\"color: #ff0000;\">Slovensk\u00fd k\u0148az bude k dispoz\u00edcii u\u017e iba v nede\u013eu<br \/>\npre sl\u00e1venie sv\u00e4tej om\u0161e<br \/>\na vysluhovanie sviatosti zmierenia.<\/span><\/strong><\/h3>\n<p style=\"text-align: center;\">Je st\u00e1le mo\u017en\u00e9 po\u017eiada\u0165 o vysl\u00fa\u017eenie sviatosti krstu<br \/>\nv Slovenskej katol\u00edckej misii v Lond\u00fdne,<br \/>\n<strong><span style=\"color: #ff0000;\"><span style=\"text-decoration: underline;\">AV\u0160AK iba s p\u00edsomn\u00fdm potvrden\u00edm od miestneho far\u00e1ra,<\/span><br \/>\n<\/span><\/strong><span style=\"text-decoration: underline;\"><strong><span style=\"color: #ff0000; text-decoration: underline;\">na \u00fazem\u00ed ktor\u00e9ho b\u00fdvate,<br \/>\n\u017ee s\u00fahlas\u00ed s krstom na inom mieste,<br \/>\n<\/span><\/strong><strong><span style=\"color: #ff0000; text-decoration: underline;\">ako je va\u0161a farnos\u0165,<br \/>\na p\u00edsomn\u00fdm potvrden\u00edm,<br \/>\n<\/span><\/strong><\/span><strong><span style=\"color: #ff0000;\"><span style=\"text-decoration: underline;\">\u017ee ste absolvovali pr\u00edpravu v jeho farnosti<\/span><br \/>\n<\/span><\/strong><strong><span style=\"color: #ff0000;\">(alebo na jeho odpor\u00fa\u010danie na inom mieste) <\/span><\/strong><\/p>\n<h3 style=\"text-align: justify;\">&#8212;&#8212;&#8212;&#8212;&#8212;&#8212;&#8212;&#8212;&#8212;&#8212;&#8212;&#8212;&#8212;&#8212;&#8212;&#8212;&#8212;&#8212;&#8212;&#8212;&#8212;&#8212;&#8212;&#8212;&#8212;&#8212;&#8212;&#8212;&#8212;&#8212;&#8212;&#8212;&#8212;&#8212;&#8212;&#8212;&#8212;-<\/h3>\n<h4 style=\"text-align: justify;\">Rodi\u010dom, ktor\u00ed chc\u00fa da\u0165 pokrsti\u0165 svoje die\u0165a v kostole Slovenskej katol\u00edckej misie v Lond\u00fdne, je potrebn\u00e9 riadi\u0165 sa nasledovn\u00fdmi pokynmi:<\/h4>\n<h4 style=\"text-align: justify;\">\u2013 k\u0148az m\u00f4\u017ee kona\u0165 iba v&nbsp;intenci\u00e1ch K\u00f3dexu cirkevn\u00e9ho pr\u00e1va a&nbsp;fak\u00falt jemu udelen\u00fdch biskupom<\/h4>\n<h4 style=\"text-align: justify;\">&#8211; ak ste \u010dlenom in\u00e9ho katol\u00edckeho spolo\u010denstva a m\u00e1te p\u00edsomn\u00e9 potvrdenia od svojho miestneho far\u00e1ra, je mo\u017en\u00e9 si dohodn\u00fa\u0165 vysl\u00fa\u017eenie sviatosti krstu cez sekret\u00e1rku SCM (secretary@scnlondon.org) na niektor\u00fa nede\u013eu popoludn\u00ed<\/h4>\n<p style=\"text-align: justify;\"><strong>&#8211; sviatos\u0165 krstu je mo\u017en\u00e9 udeli\u0165 iba die\u0165a\u0165u rodi\u010dov, z ktor\u00fdch aspo\u0148 jeden m\u00e1 \u0161t\u00e1tnu pr\u00edslu\u0161nos\u0165 slovensk\u00fa alebo \u010desk\u00fa, je r\u00edmskokatol\u00edckeho alebo gr\u00e9ckokatol\u00edckeho vierovyznania, \u017eije na \u00fazem\u00ed Ve\u013ekej Brit\u00e1nie minim\u00e1lne po dobu 6 mesiacov a po cel\u00fa t\u00fato dobu s\u00fa registrovan\u00fdmi \u010dlenmi Slovenskej katol\u00edckej misie v Lond\u00fdne. A\u017e po tomto obdob\u00ed sa st\u00e1vaj\u00fa pod\u013ea K\u00f3dexu cirkevn\u00e9ho pr\u00e1va farn\u00edkmi farnosti (alebo inej \u0161truktur\u00e1lnej jednotky Cirkvi). T\u00e1to podmienka sa vz\u0165ahuje aj na vyd\u00e1vanie ak\u00fdchko\u013evek dokladov ku krstu.<\/strong><\/p>\n<p style=\"text-align: justify;\">&#8211; vy\u017eaduje sa, aby rodi\u010dia <strong>po\u017eiadali o udelenie sviatosti krstu prostredn\u00edctvom mailu (secretary@scmlondon.org) a dohodli sa cez sekretari\u00e1t k pohovoru s k\u0148azom misie. Pohovor \u017eiadate\u013eov sa uskuto\u010dn\u00ed vo vz\u00e1jomne dohodnutom term\u00edne (iba v nede\u013eu popoludn\u00ed, pr\u00edpadne v pondelok).&nbsp;<\/strong><\/p>\n<p style=\"text-align: justify;\">&#8211; upozor\u0148ujeme, \u017ee <strong>vysl\u00fa\u017eenie sviatosti krstu je mo\u017en\u00e9 iba vtedy, ke\u010f s\u00fa splnen\u00e9 v\u0161etky krit\u00e9ri\u00e1 K\u00f3dexu cirkevn\u00e9ho pr\u00e1va<\/strong> pre udelenie sviatosti &nbsp;krstu.<\/p>\n<p style=\"text-align: justify;\">&#8211; ak \u017eiadatelia sp\u013a\u0148aj\u00fa podmienky dan\u00e9 K\u00f3dexom cirkevn\u00e9ho pr\u00e1va pre udelenie sviatosti krstu die\u0165a\u0165u,&nbsp;dohodne sa d\u00e1tum vysluhovaia sviatosti krstu (iba v nedele popoludn\u00ed)<\/p>\n<p style=\"text-align: justify;\">&#8211; pri pohovore bud\u00fa od v\u00e1s po\u017eadovan\u00e9 \u00fadaje potrebn\u00e9 k vysluhovankiu sviatosti krstu. Ak <strong>s\u00fa v\u010das a \u00faplne poskytnut\u00e9 \u00fadaje<\/strong>&nbsp;a nebr\u00e1ni tomu \u017eiadna in\u00e1 prek\u00e1\u017eka, <strong>potom v\u00e1m bude emailom potvrden\u00e9, \u017ee va\u0161a \u017eiados\u0165 &nbsp;je akceptovan\u00e1.<\/strong><\/p>\n<p style=\"text-align: justify;\">&#8211; vy\u017eaduje sa, aby sa pr\u00edpravy z\u00fa\u010dastnili obaja rodi\u010dia ako aj krstn\u00ed rodi\u010dia (m\u00f4\u017ee by\u0165 aj jeden krstn\u00fd rodi\u010d); Ak krstn\u00ed rodi\u010dia pr\u00eddu zo Slovenska alebo \u010ceska, alebo inej krajiny, m\u00f4\u017eu sa pr\u00edpravy z\u00fa\u010dastni\u0165 vo svojich farnostiach a prinies\u0165 p\u00edsomn\u00e9 potvrdenie (bez tohto potvrdenia nie je mo\u017en\u00e9 ich uvies\u0165 ako krstn\u00fdch rodi\u010dov pre z\u00e1znam do matriky pokrsten\u00fdch)<\/p>\n<p style=\"text-align: justify;\">&#8211; podmienkou K\u00f3dexu cirkevn\u00e9ho pr\u00e1va je, aby <strong><span style=\"text-decoration: underline;\">krstn\u00ed rodi\u010dia prijali v\u0161etky sviatost<\/span><\/strong>i (krst, 1. sv. prij\u00edmanie, birmovka, ak je \u017eenat\u00fd alebo vydat\u00e1 &#8211; i sviatos\u0165 man\u017eelstva) a <strong><span style=\"text-decoration: underline;\">boli veriaci praktizuj\u00faci katol\u00edcku vieru<\/span><\/strong><\/p>\n<p style=\"text-align: justify;\">&#8211; z dokladov je potrebn\u00e9 prinies\u0165 ku stretnutiu (pohovoru) <span style=\"text-decoration: underline;\"><strong>rodn\u00fd list die\u0165a\u0165a<\/strong><\/span> &#8211; sta\u010d\u00ed fotok\u00f3pia (preklad netreba)<\/p>\n<p style=\"text-align: justify;\">&#8211; je v\u017edy lep\u0161ie informova\u0165 sa dostato\u010dne vopred, pr\u00edpadne osobne, \u010do je potrebn\u00e9 k vysluhovaniu sviatosti krstu. Ve\u013emi d\u00f4le\u017eit\u00e9 je to najm\u00e4 v pr\u00edpadoch, kde ide o ne\u0161tandardn\u00e9 situ\u00e1cie alebo zlo\u017eenie (ne)man\u017eelsk\u00fdch p\u00e1rov.<\/p>\n<p style=\"text-align: justify;\">&#8211; pr\u00edprava je poskytovan\u00e1 iba v slovenskom jazyku pre rodi\u010dov a krstn\u00fdch rodi\u010dov<\/p>\n<p style=\"text-align: justify;\">&#8211; je vrelo odpor\u00fa\u010dan\u00e9 a vhodn\u00e9 z\u00fa\u010dastni\u0165 sa pr\u00edpravy e\u0161te pred naroden\u00edm die\u0165a\u0165a po\u010das tehotenstva matky<\/p>\n<p>&#8211; ku sviatosti krstu je potrebn\u00e9 zadov\u00e1\u017ei\u0165 si svie\u010dku a bielu ko\u0161ie\u013eku (m\u00f4\u017ee by\u0165 na nej vy\u0161it\u00e9 meno a priezvisko krstenca a d\u00e1tumy narodenia a krstu)<\/p>\n<p>&#8211; <span style=\"text-decoration: underline;\">pr\u00eds\u0165 na\u010das na sl\u00e1venie liturgie krstu<\/span><\/p>\n<p style=\"text-align: justify;\">&#8212;&#8212;&#8212;&#8212;&#8212;&#8212;&#8212;&#8212;&#8212;&#8212;&#8212;&#8212;&#8212;&#8212;&#8212;&#8212;&#8212;&#8212;&#8212;&#8212;&#8212;&#8212;&#8212;&#8212;&#8212;&#8212;&#8212;&#8212;&#8212;&#8212;&#8212;&#8212;&#8212;&#8212;&#8212;&#8212;&#8212;&#8212;&#8212;&#8212;&#8212;&#8212;&#8212;-<\/p>\n<p style=\"text-align: justify;\">&nbsp;<\/p>\n<h3>Related Images:<\/h3>","protected":false},"excerpt":{"rendered":"<p>PR\u00cdPRAVA KU SVIATOSTI KRSTU sa od 3.j\u00fala 2022 pre rodi\u010dov malolet\u00fdch det\u00ed neuskuto\u010d\u0148uje. Pre nedostato\u010dn\u00fd z\u00e1ujem&nbsp;krajanov a podporu Slovenskej katol\u00edckej misie v Lond\u00fdne&nbsp;sa pr\u00edprava ku sviatostiam u\u017e neposkytuje. . Slovensk\u00fd&#8230; <a class=\"meta-more\" href=\"https:\/\/www.scmlondon.org\/?page_id=30944\">Pokra\u010dova\u0165 v \u010d\u00edtan\u00ed <span class=\"meta-nav\">&raquo;<\/span><\/a><\/p>\n","protected":false},"author":826,"featured_media":0,"parent":17006,"menu_order":0,"comment_status":"closed","ping_status":"closed","template":"","meta":{"ngg_post_thumbnail":0,"footnotes":""},"class_list":["post-30944","page","type-page","status-publish","hentry"],"_links":{"self":[{"href":"https:\/\/www.scmlondon.org\/index.php?rest_route=\/wp\/v2\/pages\/30944","targetHints":{"allow":["GET"]}}],"collection":[{"href":"https:\/\/www.scmlondon.org\/index.php?rest_route=\/wp\/v2\/pages"}],"about":[{"href":"https:\/\/www.scmlondon.org\/index.php?rest_route=\/wp\/v2\/types\/page"}],"author":[{"embeddable":true,"href":"https:\/\/www.scmlondon.org\/index.php?rest_route=\/wp\/v2\/users\/826"}],"replies":[{"embeddable":true,"href":"https:\/\/www.scmlondon.org\/index.php?rest_route=%2Fwp%2Fv2%2Fcomments&post=30944"}],"version-history":[{"count":10,"href":"https:\/\/www.scmlondon.org\/index.php?rest_route=\/wp\/v2\/pages\/30944\/revisions"}],"predecessor-version":[{"id":33186,"href":"https:\/\/www.scmlondon.org\/index.php?rest_route=\/wp\/v2\/pages\/30944\/revisions\/33186"}],"up":[{"embeddable":true,"href":"https:\/\/www.scmlondon.org\/index.php?rest_route=\/wp\/v2\/pages\/17006"}],"wp:attachment":[{"href":"https:\/\/www.scmlondon.org\/index.php?rest_route=%2Fwp%2Fv2%2Fmedia&parent=30944"}],"curies":[{"name":"wp","href":"https:\/\/api.w.org\/{rel}","templated":true}]}}