{"id":30425,"date":"2021-03-12T15:08:23","date_gmt":"2021-03-12T15:08:23","guid":{"rendered":"http:\/\/www.scmlondon.org\/?page_id=30425"},"modified":"2021-03-12T15:08:23","modified_gmt":"2021-03-12T15:08:23","slug":"plan-podujati-na-rok-2021","status":"publish","type":"page","link":"https:\/\/www.scmlondon.org\/?page_id=30425","title":{"rendered":"PL\u00c1N PODUJAT\u00cd NA ROK 2021"},"content":{"rendered":"<h3 style=\"text-align: justify;\"><span style=\"color: #ff0000;\">Pre s\u00fa\u010dasn\u00fa situ\u00e1ciu pand\u00e9mie koronav\u00edrusu COVID-19 nie je mo\u017en\u00e9 uskuto\u010d\u0148ova\u0165 \u017eiadne podujatia okrem sl\u00e1venia sv\u00e4t\u00fdch om\u0161\u00ed a spovedania.<\/span><\/h3>\n<h3 style=\"text-align: justify;\"><span style=\"color: #ff0000;\">Ak to situ\u00e1cia dovol\u00ed, vl\u00e1dne nariadenia a usmernenia diec\u00e9zy umo\u017enia, budeme v\u00e1s v\u010das informova\u0165 o pl\u00e1novan\u00fdch podujatiach.<\/span><\/h3>\n","protected":false},"excerpt":{"rendered":"<p>Pre s\u00fa\u010dasn\u00fa situ\u00e1ciu pand\u00e9mie koronav\u00edrusu COVID-19 nie je mo\u017en\u00e9 uskuto\u010d\u0148ova\u0165 \u017eiadne podujatia okrem sl\u00e1venia sv\u00e4t\u00fdch om\u0161\u00ed a spovedania. Ak to situ\u00e1cia dovol\u00ed, vl\u00e1dne nariadenia a usmernenia diec\u00e9zy umo\u017enia, budeme v\u00e1s&#8230; <a class=\"meta-more\" href=\"https:\/\/www.scmlondon.org\/?page_id=30425\">Pokra\u010dova\u0165 v \u010d\u00edtan\u00ed <span class=\"meta-nav\">&raquo;<\/span><\/a><\/p>\n","protected":false},"author":417,"featured_media":0,"parent":14,"menu_order":0,"comment_status":"closed","ping_status":"closed","template":"","meta":{"footnotes":""},"class_list":["post-30425","page","type-page","status-publish","hentry"],"_links":{"self":[{"href":"https:\/\/www.scmlondon.org\/index.php?rest_route=\/wp\/v2\/pages\/30425","targetHints":{"allow":["GET"]}}],"collection":[{"href":"https:\/\/www.scmlondon.org\/index.php?rest_route=\/wp\/v2\/pages"}],"about":[{"href":"https:\/\/www.scmlondon.org\/index.php?rest_route=\/wp\/v2\/types\/page"}],"author":[{"embeddable":true,"href":"https:\/\/www.scmlondon.org\/index.php?rest_route=\/wp\/v2\/users\/417"}],"replies":[{"embeddable":true,"href":"https:\/\/www.scmlondon.org\/index.php?rest_route=%2Fwp%2Fv2%2Fcomments&post=30425"}],"version-history":[{"count":1,"href":"https:\/\/www.scmlondon.org\/index.php?rest_route=\/wp\/v2\/pages\/30425\/revisions"}],"predecessor-version":[{"id":30426,"href":"https:\/\/www.scmlondon.org\/index.php?rest_route=\/wp\/v2\/pages\/30425\/revisions\/30426"}],"up":[{"embeddable":true,"href":"https:\/\/www.scmlondon.org\/index.php?rest_route=\/wp\/v2\/pages\/14"}],"wp:attachment":[{"href":"https:\/\/www.scmlondon.org\/index.php?rest_route=%2Fwp%2Fv2%2Fmedia&parent=30425"}],"curies":[{"name":"wp","href":"https:\/\/api.w.org\/{rel}","templated":true}]}}