{"id":27680,"date":"2019-03-26T10:35:17","date_gmt":"2019-03-26T10:35:17","guid":{"rendered":"http:\/\/www.scmlondon.org\/?page_id=27680"},"modified":"2020-03-20T10:40:13","modified_gmt":"2020-03-20T10:40:13","slug":"referencie-pre-skoly-zamestnavatelov-alebo-urady","status":"publish","type":"page","link":"https:\/\/www.scmlondon.org\/?page_id=27680","title":{"rendered":"REFERENCIE PRE \u0160KOLY, ZAMESTN\u00c1VATE\u013dOV ALEBO \u00daRADY"},"content":{"rendered":"<h3 style=\"text-align: center;\"><span style=\"color: #ff0000;\">Mil\u00ed \u010dlenovia SCM, n\u00e1v\u0161tevn\u00edci, drah\u00ed priatelia.<\/span><\/h3>\n<h3 style=\"text-align: center;\"><span style=\"color: #ff0000;\">Pre pand\u00e9miu koronav\u00edrusu Slovensk\u00e1 katol\u00edcka misia v Lodn\u00fdne &#8211;<\/span><\/h3>\n<h3 style=\"text-align: center;\"><span style=\"color: #ff0000;\">na z\u00e1klade nariadenia Katol\u00edckej konferencie biskupov Anglicka a Walesu &#8211;<\/span><\/h3>\n<h3 style=\"text-align: center;\"><span style=\"color: #ff0000;\">do\u010dasne preru\u0161uje (pozastavuje) svoju \u010dinnos\u0165.\u00a0<\/span><\/h3>\n<h3 style=\"text-align: center;\"><span style=\"color: #ff0000;\">S\u00fa zak\u00e1zan\u00e9 ak\u00e9ko\u013evek verejn\u00e9 sl\u00e1venia litrugick\u00fdch sl\u00e1vnost\u00ed v kostole \u2013<\/span><\/h3>\n<h3 style=\"text-align: center;\"><span style=\"color: #ff0000;\">om\u0161\u00ed, pobo\u017enost\u00ed, sviatost\u00ed, pr\u00edprav at\u010f. <\/span><\/h3>\n<h3 style=\"text-align: center;\"><span style=\"color: #ff0000;\">a\u017e do ozn\u00e1menia nov\u00fdch in\u0161trukci\u00ed, <\/span><\/h3>\n<h3 style=\"text-align: center;\"><span style=\"color: #ff0000;\">ktor\u00e9 bud\u00fa po ich vydan\u00ed kompetentnou autoritou <\/span><\/h3>\n<h3 style=\"text-align: center;\"><span style=\"color: #ff0000;\">bezodkladne zverejnen\u00e9 na na\u0161ej webovej str\u00e1nke.<\/span><\/h3>\n<p>&nbsp;<\/p>\n<p style=\"text-align: justify;\">Slovensk\u00e1 katol\u00edcka misia v Lond\u00fdne (SCM) a jej k\u0148az m\u00f4\u017ee poskytova\u0165 referencie pre \u0161koly, zamestn\u00e1vate\u013eov, \u010di \u00farady iba tak\u00e9mu \u017eiadate\u013eovi, ktor\u00fd je ob\u010danom SR alebo \u010cR, je katol\u00edckeho vierovyznania, ovl\u00e1da slovensk\u00fd alebo \u010desk\u00fd jazyk a je<a href=\"http:\/\/www.scmlondon.org\/?p=18856\" target=\"_blank\"> riadne registrovan\u00fdm \u010dlenom SCM<\/a>.<\/p>\n<p style=\"text-align: justify;\">\u010ealej SCM m\u00f4\u017ee poskytn\u00fa\u0165 tak\u00fato referenciu iba vtedy, ak \u017eiadate\u013e pob\u00fdva na \u00fazem\u00ed Spojen\u00e9ho kr\u00e1\u013eovstva Ve\u013ekej Brit\u00e1nie po dobu minim\u00e1lne jedn\u00e9ho roka a po cel\u00fa t\u00fato dobu je riadnym registrovan\u00fdm \u010dlenom SCM. Z\u00e1rove\u0148 pre potrebu vydania referencie (potvrdenia) mus\u00ed by\u0165 akt\u00edvnym \u010dlenom tohto spolo\u010denstva (komunity) SCM v Lond\u00fdne.<\/p>\n<p style=\"text-align: justify;\">Ak nie s\u00fa splnen\u00e9 uveden\u00e9 krit\u00e9ri\u00e1 dan\u00e9 K\u00f3dexom cirkevn\u00e9ho pr\u00e1va a partikul\u00e1rnym pr\u00e1vom arcidiec\u00e9zy Westminster, pod ktor\u00fa SCM patr\u00ed, SCM nie je umo\u017enen\u00e9 poskytn\u00fa\u0165 tak\u00fato referenciu \u017eiadate\u013eovi. V takomto pr\u00edpade m\u00f4\u017ee \u017eiada\u0165 o vydanie referencie iba lok\u00e1lnu farnos\u0165, na \u00fazem\u00ed ktorej \u017eije v UK.<\/p>\n","protected":false},"excerpt":{"rendered":"<p>Mil\u00ed \u010dlenovia SCM, n\u00e1v\u0161tevn\u00edci, drah\u00ed priatelia. Pre pand\u00e9miu koronav\u00edrusu Slovensk\u00e1 katol\u00edcka misia v Lodn\u00fdne &#8211; na z\u00e1klade nariadenia Katol\u00edckej konferencie biskupov Anglicka a Walesu &#8211; do\u010dasne preru\u0161uje (pozastavuje) svoju \u010dinnos\u0165.\u00a0&#8230; <a class=\"meta-more\" href=\"https:\/\/www.scmlondon.org\/?page_id=27680\">Pokra\u010dova\u0165 v \u010d\u00edtan\u00ed <span class=\"meta-nav\">&raquo;<\/span><\/a><\/p>\n","protected":false},"author":417,"featured_media":0,"parent":17006,"menu_order":0,"comment_status":"closed","ping_status":"closed","template":"","meta":{"footnotes":""},"class_list":["post-27680","page","type-page","status-publish","hentry"],"_links":{"self":[{"href":"https:\/\/www.scmlondon.org\/index.php?rest_route=\/wp\/v2\/pages\/27680","targetHints":{"allow":["GET"]}}],"collection":[{"href":"https:\/\/www.scmlondon.org\/index.php?rest_route=\/wp\/v2\/pages"}],"about":[{"href":"https:\/\/www.scmlondon.org\/index.php?rest_route=\/wp\/v2\/types\/page"}],"author":[{"embeddable":true,"href":"https:\/\/www.scmlondon.org\/index.php?rest_route=\/wp\/v2\/users\/417"}],"replies":[{"embeddable":true,"href":"https:\/\/www.scmlondon.org\/index.php?rest_route=%2Fwp%2Fv2%2Fcomments&post=27680"}],"version-history":[{"count":4,"href":"https:\/\/www.scmlondon.org\/index.php?rest_route=\/wp\/v2\/pages\/27680\/revisions"}],"predecessor-version":[{"id":29327,"href":"https:\/\/www.scmlondon.org\/index.php?rest_route=\/wp\/v2\/pages\/27680\/revisions\/29327"}],"up":[{"embeddable":true,"href":"https:\/\/www.scmlondon.org\/index.php?rest_route=\/wp\/v2\/pages\/17006"}],"wp:attachment":[{"href":"https:\/\/www.scmlondon.org\/index.php?rest_route=%2Fwp%2Fv2%2Fmedia&parent=27680"}],"curies":[{"name":"wp","href":"https:\/\/api.w.org\/{rel}","templated":true}]}}