{"id":27677,"date":"2019-03-26T10:18:31","date_gmt":"2019-03-26T10:18:31","guid":{"rendered":"http:\/\/www.scmlondon.org\/?page_id=27677"},"modified":"2019-03-26T10:18:31","modified_gmt":"2019-03-26T10:18:31","slug":"duchovne-rozhovory-a-iny-program-scm","status":"publish","type":"page","link":"https:\/\/www.scmlondon.org\/?page_id=27677","title":{"rendered":"DUCHOVN\u00c9 ROZHOVORY A IN\u00dd PROGRAM SCM"},"content":{"rendered":"<h3><strong>DUCHOVN\u00c9 ROZHOVORY<\/strong><\/h3>\n<p>Na po\u017eiadanie a\u00a0po dohode s\u00a0k\u0148azom vopred ( prostredn\u00edctvom emailu <a href=\"mailto:info@scmlondon.org\">info@scmlondon.org<\/a> )<\/p>\n<p>&nbsp;<\/p>\n<h3><strong>\u010eAL\u0160\u00cd PROGRAM SCM<br \/>\n<\/strong>(v kostole Our Lady of La Salette and St. Joseph)<\/h3>\n<p><strong>Po\u017eehnanie so sviatos\u0165ou Olt\u00e1rnou \u2013 <\/strong>ka\u017ed\u00fd prv\u00fd piatok v\u00a0mesiaci po sv\u00e4tej om\u0161i<\/p>\n<p><strong>Ador\u00e1cia Olt\u00e1rnej sviatosti<\/strong> \u2013 ka\u017ed\u00fa tretiu stredu v\u00a0mesiaci pred sv\u00e4tou om\u0161ou od 6.30 pm<\/p>\n<p><strong>Modlitba sv\u00e4t\u00e9ho ru\u017eenca<\/strong> \u2013 pred sv\u00e4t\u00fdmi om\u0161ami (v p\u00f4stnom obdob\u00ed v\u00a0piatky Kr\u00ed\u017eov\u00e1 cesta)<\/p>\n<p><strong>Duchovn\u00e9 obnovy <\/strong><strong>\u2013 2x ro\u010dne pod\u013ea rozpisu v\u00a0pl\u00e1ne podujat\u00ed<\/strong><\/p>\n<p><strong>N\u00e1cvik om\u0161ov\u00e9ho a liturgick\u00e9ho spevu<\/strong> \u2013 pred nede\u013enou sv\u00e4tou om\u0161ou od 11.00 am v spolo\u010denskej miestnosti na fare<\/p>\n<p><strong>Ob\u010derstvenie<\/strong> \u2013 po sv\u00e4t\u00fdch om\u0161iach v nede\u013eu a v stredu (do\u010dasne nedostupn\u00e9)<\/p>\n<p>S\u00fa\u010das\u0165ou \u017eivota misie je aj n\u00e1v\u0161teva p\u00fatnick\u00fdch miest Anglicka a in\u00fdch duchovn\u00fdch aktiv\u00edt v r\u00e1mci Ve\u013ekej Brit\u00e1nie poriadan\u00fdch in\u00fdmi diec\u00e9zami, farnos\u0165ami \u010di spolo\u010denstvami.<\/p>\n","protected":false},"excerpt":{"rendered":"<p>DUCHOVN\u00c9 ROZHOVORY Na po\u017eiadanie a\u00a0po dohode s\u00a0k\u0148azom vopred ( prostredn\u00edctvom emailu info@scmlondon.org ) &nbsp; \u010eAL\u0160\u00cd PROGRAM SCM (v kostole Our Lady of La Salette and St. Joseph) Po\u017eehnanie so sviatos\u0165ou&#8230; <a class=\"meta-more\" href=\"https:\/\/www.scmlondon.org\/?page_id=27677\">Pokra\u010dova\u0165 v \u010d\u00edtan\u00ed <span class=\"meta-nav\">&raquo;<\/span><\/a><\/p>\n","protected":false},"author":417,"featured_media":0,"parent":10272,"menu_order":0,"comment_status":"closed","ping_status":"closed","template":"","meta":{"footnotes":""},"class_list":["post-27677","page","type-page","status-publish","hentry"],"_links":{"self":[{"href":"https:\/\/www.scmlondon.org\/index.php?rest_route=\/wp\/v2\/pages\/27677","targetHints":{"allow":["GET"]}}],"collection":[{"href":"https:\/\/www.scmlondon.org\/index.php?rest_route=\/wp\/v2\/pages"}],"about":[{"href":"https:\/\/www.scmlondon.org\/index.php?rest_route=\/wp\/v2\/types\/page"}],"author":[{"embeddable":true,"href":"https:\/\/www.scmlondon.org\/index.php?rest_route=\/wp\/v2\/users\/417"}],"replies":[{"embeddable":true,"href":"https:\/\/www.scmlondon.org\/index.php?rest_route=%2Fwp%2Fv2%2Fcomments&post=27677"}],"version-history":[{"count":1,"href":"https:\/\/www.scmlondon.org\/index.php?rest_route=\/wp\/v2\/pages\/27677\/revisions"}],"predecessor-version":[{"id":27678,"href":"https:\/\/www.scmlondon.org\/index.php?rest_route=\/wp\/v2\/pages\/27677\/revisions\/27678"}],"up":[{"embeddable":true,"href":"https:\/\/www.scmlondon.org\/index.php?rest_route=\/wp\/v2\/pages\/10272"}],"wp:attachment":[{"href":"https:\/\/www.scmlondon.org\/index.php?rest_route=%2Fwp%2Fv2%2Fmedia&parent=27677"}],"curies":[{"name":"wp","href":"https:\/\/api.w.org\/{rel}","templated":true}]}}