{"id":27428,"date":"2019-01-03T16:53:31","date_gmt":"2019-01-03T16:53:31","guid":{"rendered":"http:\/\/www.scmlondon.org\/?page_id=27428"},"modified":"2019-12-23T22:39:39","modified_gmt":"2019-12-23T22:39:39","slug":"plan-podujati-v-roku-2019","status":"publish","type":"page","link":"https:\/\/www.scmlondon.org\/?page_id=27428","title":{"rendered":"PL\u00c1N PODUJAT\u00cd V ROKU 2019"},"content":{"rendered":"<p><a href=\"http:\/\/www.scmlondon.org\/wp-content\/uploads\/2019\/01\/101a_Plan-of-events-JANUARY-2019-FV_03.01.2019.pdf\" rel=\"\">01_Plan of events JANUARY 2019<\/a><\/p>\n<p><a href=\"http:\/\/www.scmlondon.org\/wp-content\/uploads\/2019\/01\/101b_Plan-of-events-FEBRUARY-2019-FV_03.01.2019.pdf\" rel=\"\">02_Plan of events FEBRUARY 2019<\/a><\/p>\n<p><a href=\"http:\/\/www.scmlondon.org\/wp-content\/uploads\/2019\/01\/101c_Plan-of-events-MARCH-2019-FV_03.01.2019.pdf\" rel=\"\">03_Plan of events MARCH 2019<\/a><\/p>\n<p><a href=\"http:\/\/www.scmlondon.org\/wp-content\/uploads\/2019\/01\/101d_Plan-of-events-APRIL-2019-FV_03.01.2019.pdf\" rel=\"\">04_Plan of events APRIL 2019<\/a><\/p>\n<p><a href=\"http:\/\/www.scmlondon.org\/wp-content\/uploads\/2019\/01\/101e_Plan-of-events-MAY-2019-FV_03.01.2019.pdf\" rel=\"\">05_Plan of events MAY 201<\/a>9<\/p>\n<p><a href=\"http:\/\/www.scmlondon.org\/wp-content\/uploads\/2019\/01\/106a_Plan-of-events-JUNE-2019-FV_07.01.2019.pdf\" rel=\"\">06_Plan of events JUNE 2019<\/a><\/p>\n<p><a href=\"http:\/\/www.scmlondon.org\/wp-content\/uploads\/2019\/01\/107a_Plan-of-events-JULY-2019-FV_17.07.2019.pdf\" rel=\"\">07_Plan of events JULY 2019<\/a><\/p>\n<p><a href=\"http:\/\/www.scmlondon.org\/wp-content\/uploads\/2019\/01\/108a_Plan-of-events-AUGUST-2019-FV_17.07.2019.pdf\" rel=\"\">08_Plan of events AUGUST 2019<\/a><\/p>\n<p><a href=\"http:\/\/www.scmlondon.org\/wp-content\/uploads\/2019\/01\/109a_Plan-of-events-SEPTEMBER-2019-FV_01.09.2019.pdf\" rel=\"\">09_Plan of events SEPTEMBER 2019<\/a><\/p>\n<p><a href=\"http:\/\/www.scmlondon.org\/wp-content\/uploads\/2019\/01\/110a_Plan-of-events-OCTOBER-2019-FV_01.09.2019.pdf\" rel=\"\">10_Plan of events OCTOBER 2019<\/a><\/p>\n<p><a href=\"http:\/\/www.scmlondon.org\/wp-content\/uploads\/2019\/01\/111a_Plan-of-events-NOVEMBER-2019-FV_01.09.2019.pdf\" rel=\"\">11_Plan of events NOVEMBER 2019<\/a><\/p>\n<p><a href=\"http:\/\/www.scmlondon.org\/wp-content\/uploads\/2019\/01\/112a_Plan-of-events-DECEMBER-2019-FV_01.09.2019.pdf\" rel=\"\">12_Plan of events DECEMBER 2019<\/a><\/p>\n<p>&nbsp;<\/p>\n","protected":false},"excerpt":{"rendered":"<p>01_Plan of events JANUARY 2019 02_Plan of events FEBRUARY 2019 03_Plan of events MARCH 2019 04_Plan of events APRIL 2019 05_Plan of events MAY 2019 06_Plan of events JUNE 2019&#8230; <a class=\"meta-more\" href=\"https:\/\/www.scmlondon.org\/?page_id=27428\">Pokra\u010dova\u0165 v \u010d\u00edtan\u00ed <span class=\"meta-nav\">&raquo;<\/span><\/a><\/p>\n","protected":false},"author":826,"featured_media":0,"parent":18879,"menu_order":9,"comment_status":"closed","ping_status":"closed","template":"","meta":{"footnotes":""},"class_list":["post-27428","page","type-page","status-publish","hentry"],"_links":{"self":[{"href":"https:\/\/www.scmlondon.org\/index.php?rest_route=\/wp\/v2\/pages\/27428","targetHints":{"allow":["GET"]}}],"collection":[{"href":"https:\/\/www.scmlondon.org\/index.php?rest_route=\/wp\/v2\/pages"}],"about":[{"href":"https:\/\/www.scmlondon.org\/index.php?rest_route=\/wp\/v2\/types\/page"}],"author":[{"embeddable":true,"href":"https:\/\/www.scmlondon.org\/index.php?rest_route=\/wp\/v2\/users\/826"}],"replies":[{"embeddable":true,"href":"https:\/\/www.scmlondon.org\/index.php?rest_route=%2Fwp%2Fv2%2Fcomments&post=27428"}],"version-history":[{"count":6,"href":"https:\/\/www.scmlondon.org\/index.php?rest_route=\/wp\/v2\/pages\/27428\/revisions"}],"predecessor-version":[{"id":28509,"href":"https:\/\/www.scmlondon.org\/index.php?rest_route=\/wp\/v2\/pages\/27428\/revisions\/28509"}],"up":[{"embeddable":true,"href":"https:\/\/www.scmlondon.org\/index.php?rest_route=\/wp\/v2\/pages\/18879"}],"wp:attachment":[{"href":"https:\/\/www.scmlondon.org\/index.php?rest_route=%2Fwp%2Fv2%2Fmedia&parent=27428"}],"curies":[{"name":"wp","href":"https:\/\/api.w.org\/{rel}","templated":true}]}}