{"id":25257,"date":"2018-05-08T22:09:12","date_gmt":"2018-05-08T21:09:12","guid":{"rendered":"http:\/\/www.scmlondon.org\/?page_id=25257"},"modified":"2025-08-24T20:08:13","modified_gmt":"2025-08-24T19:08:13","slug":"slovenske-bohosluzby-mimo-londyna-aktualne-v-roku-2018","status":"publish","type":"page","link":"https:\/\/www.scmlondon.org\/?page_id=25257","title":{"rendered":"SLOVENSK\u00c9 BOHOSLU\u017dBY MIMO LOND\u00ddNA &#8211; AKTU\u00c1LNE V ROKU 2025"},"content":{"rendered":"<div style=\"text-align: justify;\">Z rozhodnutia Konferencie biskupov Slovenska (KBS) bol v roku 2021 d\u00f4stojn\u00fd p\u00e1n Marek Sit\u00e1r prelo\u017een\u00fd na in\u00fa misiu, menovite do Bruselu, pri\u010dom hlavn\u00fdm d\u00f4vodom je nedostatok k\u0148azov pre t\u00fato slu\u017ebu. Z toho ist\u00e9ho d\u00f4vodu, \u017eia\u013e, nebude mo\u017en\u00e9 vysla\u0165 na jeho miesto in\u00e9ho k\u0148aza.<\/div>\n<div style=\"text-align: justify;\">&nbsp;<\/div>\n<h2 style=\"text-align: center;\"><span style=\"color: #ff0000;\">Z uveden\u00e9ho rozhodnutia KBS <\/span><\/h2>\n<h2 style=\"text-align: center;\"><span style=\"color: #ff0000;\">duchovn\u00e9 slu\u017eby a pastora\u010dn\u00e1 starostlivos\u0165 na severe Anglicka<\/span><\/h2>\n<h2 style=\"text-align: center;\"><span style=\"color: #ff0000;\">do\u010dasne&nbsp;nie je&nbsp;poskytovan\u00e1 slovensk\u00fdm k\u0148azom.<\/span><\/h2>\n<div>.<\/div>\n<div>KEIGHLEY &#8211; St Anne&#8217;s Church (North St, Keighley BD21 3AD)<\/div>\n<div>~ ka\u017ed\u00fd piatok o 19.00 hod. a ka\u017ed\u00e1 prv\u00e1 nede\u013ea mesiaca o 9.30 hod.<\/div>\n<div>~ every Friday at 7pm and every First Sunday of the month at 9.30am<\/div>\n<div><img loading=\"lazy\" decoding=\"async\" class=\"size-thumbnail wp-image-25270 alignleft\" src=\"http:\/\/www.scmlondon.org\/wp-content\/uploads\/2018\/05\/St-Annes-Church-Keighley-ext-150x150.jpg\" alt=\"St Anne's Church Keighley ext\" width=\"150\" height=\"150\" srcset=\"https:\/\/www.scmlondon.org\/wp-content\/uploads\/2018\/05\/St-Annes-Church-Keighley-ext-150x150.jpg 150w, https:\/\/www.scmlondon.org\/wp-content\/uploads\/2018\/05\/St-Annes-Church-Keighley-ext-144x144.jpg 144w\" sizes=\"auto, (max-width: 150px) 100vw, 150px\" \/><\/div>\n<div><img loading=\"lazy\" decoding=\"async\" class=\"size-thumbnail wp-image-25271 aligncenter\" src=\"http:\/\/www.scmlondon.org\/wp-content\/uploads\/2018\/05\/St-Annes-Church-Interior--150x150.jpg\" alt=\"St Anne's Church Interior\" width=\"150\" height=\"150\" srcset=\"https:\/\/www.scmlondon.org\/wp-content\/uploads\/2018\/05\/St-Annes-Church-Interior--150x150.jpg 150w, https:\/\/www.scmlondon.org\/wp-content\/uploads\/2018\/05\/St-Annes-Church-Interior--144x144.jpg 144w\" sizes=\"auto, (max-width: 150px) 100vw, 150px\" \/><\/div>\n<div>&nbsp;<\/div>\n<div>.<\/div>\n<div>WARRINGTON &#8211; St Benedict&#8217;s Church (Rhodes St, Warrington WA2 7QE)<br \/>\n~ ka\u017ed\u00fa sobotu o 16.00 hod.&nbsp;<span style=\"color: #ff0000;\">(29. j\u00fana 2019 sv.om\u0161a nebude!)&nbsp;&nbsp;<\/span><span style=\"color: #ff0000;\">)<\/span><br \/>\n~ every Saturday at 4pm<\/div>\n<div><img loading=\"lazy\" decoding=\"async\" class=\"alignleft size-thumbnail wp-image-25272\" src=\"http:\/\/www.scmlondon.org\/wp-content\/uploads\/2018\/05\/St-Benedicts-Church-Warrington-ext-150x150.jpg\" alt=\"St Benedict's Church Warrington ext\" width=\"150\" height=\"150\" srcset=\"https:\/\/www.scmlondon.org\/wp-content\/uploads\/2018\/05\/St-Benedicts-Church-Warrington-ext-150x150.jpg 150w, https:\/\/www.scmlondon.org\/wp-content\/uploads\/2018\/05\/St-Benedicts-Church-Warrington-ext-144x144.jpg 144w\" sizes=\"auto, (max-width: 150px) 100vw, 150px\" \/><img loading=\"lazy\" decoding=\"async\" class=\"size-full wp-image-25273 aligncenter\" src=\"http:\/\/www.scmlondon.org\/wp-content\/uploads\/2018\/05\/St-Benedicts-Church-Warrington-int.jpg\" alt=\"St Benedict's Church Warrington int\" width=\"150\" height=\"150\" srcset=\"https:\/\/www.scmlondon.org\/wp-content\/uploads\/2018\/05\/St-Benedicts-Church-Warrington-int.jpg 150w, https:\/\/www.scmlondon.org\/wp-content\/uploads\/2018\/05\/St-Benedicts-Church-Warrington-int-144x144.jpg 144w\" sizes=\"auto, (max-width: 150px) 100vw, 150px\" \/><\/div>\n<div>&nbsp;<\/div>\n<div>.<\/div>\n<div>BRADFORD &#8211; St William&#8217;s Church (Duncombe St, Bradford BD8 9AJ)<br \/>\n~ ka\u017ed\u00fa nede\u013eu o 12.00 hod.<br \/>\n~ every Sunday at 12.00pm<\/div>\n<div>&nbsp;<\/div>\n<div><img loading=\"lazy\" decoding=\"async\" class=\"size-thumbnail wp-image-25274 alignleft\" src=\"http:\/\/www.scmlondon.org\/wp-content\/uploads\/2018\/05\/St-Wiliams-Church-Bradford-ext-150x150.jpg\" alt=\"St Wiliam's Church Bradford ext\" width=\"150\" height=\"150\" srcset=\"https:\/\/www.scmlondon.org\/wp-content\/uploads\/2018\/05\/St-Wiliams-Church-Bradford-ext-150x150.jpg 150w, https:\/\/www.scmlondon.org\/wp-content\/uploads\/2018\/05\/St-Wiliams-Church-Bradford-ext-144x144.jpg 144w\" sizes=\"auto, (max-width: 150px) 100vw, 150px\" \/><\/div>\n<div><img loading=\"lazy\" decoding=\"async\" class=\"size-thumbnail wp-image-25275 aligncenter\" src=\"http:\/\/www.scmlondon.org\/wp-content\/uploads\/2018\/05\/St-Williams-Church-Bradford-interior-150x150.jpg\" alt=\"St William's Church Bradford interior\" width=\"150\" height=\"150\" srcset=\"https:\/\/www.scmlondon.org\/wp-content\/uploads\/2018\/05\/St-Williams-Church-Bradford-interior-150x150.jpg 150w, https:\/\/www.scmlondon.org\/wp-content\/uploads\/2018\/05\/St-Williams-Church-Bradford-interior-144x144.jpg 144w\" sizes=\"auto, (max-width: 150px) 100vw, 150px\" \/><\/div>\n<div>&nbsp;<\/div>\n<div>.<\/div>\n<div>MANCHESTER&nbsp;&#8211; St Chad&#8217;s Church (Cheetham Hill Rd, Manchester M4 4EX)<br \/>\n~ prv\u00e1 nede\u013ea mesiaca o 18.00 hod.<br \/>\n~ First Sunday of the month at&nbsp;6pm<\/div>\n<div><img loading=\"lazy\" decoding=\"async\" class=\"size-thumbnail wp-image-25276 alignleft\" src=\"http:\/\/www.scmlondon.org\/wp-content\/uploads\/2018\/05\/St-Chad-Manchester-150x150.jpg\" alt=\"St Chad Manchester\" width=\"150\" height=\"150\" srcset=\"https:\/\/www.scmlondon.org\/wp-content\/uploads\/2018\/05\/St-Chad-Manchester-150x150.jpg 150w, https:\/\/www.scmlondon.org\/wp-content\/uploads\/2018\/05\/St-Chad-Manchester-144x144.jpg 144w\" sizes=\"auto, (max-width: 150px) 100vw, 150px\" \/><\/div>\n<div><img loading=\"lazy\" decoding=\"async\" class=\"size-thumbnail wp-image-25277 aligncenter\" src=\"http:\/\/www.scmlondon.org\/wp-content\/uploads\/2018\/05\/St-Chad-Manchester-interior-150x150.jpg\" alt=\"St Chad Manchester interior\" width=\"150\" height=\"150\" srcset=\"https:\/\/www.scmlondon.org\/wp-content\/uploads\/2018\/05\/St-Chad-Manchester-interior-150x150.jpg 150w, https:\/\/www.scmlondon.org\/wp-content\/uploads\/2018\/05\/St-Chad-Manchester-interior-144x144.jpg 144w\" sizes=\"auto, (max-width: 150px) 100vw, 150px\" \/><\/div>\n<div>&nbsp;<\/div>\n<div>.<\/div>\n<div>SHEFFIELD &#8211; St. Charles&#8217;s Church (St. Charles St, Sheffield S9 3WU)<\/div>\n<div>~ posledn\u00e1 nede\u013ea mesiaca o 16.00 hod.<br \/>\n~ Last Sunday of the month at 4pm<\/div>\n<div>&nbsp;<\/div>\n<div><img loading=\"lazy\" decoding=\"async\" class=\"alignleft size-thumbnail wp-image-25279\" src=\"http:\/\/www.scmlondon.org\/wp-content\/uploads\/2018\/05\/St-Charles-Borromeo-Sheffield-ext-1-150x150.jpg\" alt=\"St Charles Borromeo Sheffield ext\" width=\"150\" height=\"150\" srcset=\"https:\/\/www.scmlondon.org\/wp-content\/uploads\/2018\/05\/St-Charles-Borromeo-Sheffield-ext-1-150x150.jpg 150w, https:\/\/www.scmlondon.org\/wp-content\/uploads\/2018\/05\/St-Charles-Borromeo-Sheffield-ext-1-144x144.jpg 144w\" sizes=\"auto, (max-width: 150px) 100vw, 150px\" \/><\/div>\n<p><img loading=\"lazy\" decoding=\"async\" class=\"aligncenter size-thumbnail wp-image-25282\" src=\"http:\/\/www.scmlondon.org\/wp-content\/uploads\/2018\/05\/St-Charles-Borromeo-Sheffield-interior-1-150x150.jpg\" alt=\"St Charles Borromeo Sheffield interior\" width=\"150\" height=\"150\" srcset=\"https:\/\/www.scmlondon.org\/wp-content\/uploads\/2018\/05\/St-Charles-Borromeo-Sheffield-interior-1-150x150.jpg 150w, https:\/\/www.scmlondon.org\/wp-content\/uploads\/2018\/05\/St-Charles-Borromeo-Sheffield-interior-1-144x144.jpg 144w\" sizes=\"auto, (max-width: 150px) 100vw, 150px\" \/><br \/>\n.<br \/>\n<span style=\"color: #333333; font-family: Arial, serif;\">ROTHERHAM \u2013 St Bede (Station Rd, Rotherham S60 1HF)<\/span><br \/>\n~ druh\u00e1 nede\u013ea mesiaca o 16.30 hod.<br \/>\n~ Second Sunday of the month at 4.30 pm<br \/>\n<img loading=\"lazy\" decoding=\"async\" class=\"alignleft size-thumbnail wp-image-27736\" src=\"http:\/\/www.scmlondon.org\/wp-content\/uploads\/2018\/05\/St_Bede_out-150x150.jpg\" alt=\"St_Bede_out\" width=\"150\" height=\"150\"><\/p>\n<p><img loading=\"lazy\" decoding=\"async\" class=\"aligncenter size-thumbnail wp-image-27737\" src=\"http:\/\/www.scmlondon.org\/wp-content\/uploads\/2018\/05\/St_Bede_in-150x150.jpg\" alt=\"St_Bede_in\" width=\"150\" height=\"150\"><\/p>\n<p>.<br \/>\n<span style=\"color: #333333; font-family: Arial, serif;\">BURNLEY \u2013 St John (Bracewell St, Burnley BB10 1TB)<\/span><br \/>\n~ tretia nede\u013ea mesiaca o 19.00 hod.<br \/>\n~ Third Sunday of the month at 7pm<\/p>\n<p><img loading=\"lazy\" decoding=\"async\" class=\"alignleft size-thumbnail wp-image-27738\" src=\"http:\/\/www.scmlondon.org\/wp-content\/uploads\/2018\/05\/St_John_out-150x150.jpg\" alt=\"St_John_out\" width=\"150\" height=\"150\"><\/p>\n<div>&nbsp;<img loading=\"lazy\" decoding=\"async\" class=\"aligncenter size-thumbnail wp-image-27739\" src=\"http:\/\/www.scmlondon.org\/wp-content\/uploads\/2018\/05\/St_John_in-150x150.jpg\" alt=\"St_John_in\" width=\"150\" height=\"150\"><\/div>\n<div>&nbsp;<\/div>\n<h3>Related Images:<\/h3>","protected":false},"excerpt":{"rendered":"<p>Z rozhodnutia Konferencie biskupov Slovenska (KBS) bol v roku 2021 d\u00f4stojn\u00fd p\u00e1n Marek Sit\u00e1r prelo\u017een\u00fd na in\u00fa misiu, menovite do Bruselu, pri\u010dom hlavn\u00fdm d\u00f4vodom je nedostatok k\u0148azov pre t\u00fato slu\u017ebu&#8230;. <a class=\"meta-more\" href=\"https:\/\/www.scmlondon.org\/?page_id=25257\">Pokra\u010dova\u0165 v \u010d\u00edtan\u00ed <span class=\"meta-nav\">&raquo;<\/span><\/a><\/p>\n","protected":false},"author":417,"featured_media":0,"parent":12229,"menu_order":0,"comment_status":"closed","ping_status":"closed","template":"","meta":{"ngg_post_thumbnail":0,"footnotes":""},"class_list":["post-25257","page","type-page","status-publish","hentry"],"_links":{"self":[{"href":"https:\/\/www.scmlondon.org\/index.php?rest_route=\/wp\/v2\/pages\/25257","targetHints":{"allow":["GET"]}}],"collection":[{"href":"https:\/\/www.scmlondon.org\/index.php?rest_route=\/wp\/v2\/pages"}],"about":[{"href":"https:\/\/www.scmlondon.org\/index.php?rest_route=\/wp\/v2\/types\/page"}],"author":[{"embeddable":true,"href":"https:\/\/www.scmlondon.org\/index.php?rest_route=\/wp\/v2\/users\/417"}],"replies":[{"embeddable":true,"href":"https:\/\/www.scmlondon.org\/index.php?rest_route=%2Fwp%2Fv2%2Fcomments&post=25257"}],"version-history":[{"count":31,"href":"https:\/\/www.scmlondon.org\/index.php?rest_route=\/wp\/v2\/pages\/25257\/revisions"}],"predecessor-version":[{"id":32877,"href":"https:\/\/www.scmlondon.org\/index.php?rest_route=\/wp\/v2\/pages\/25257\/revisions\/32877"}],"up":[{"embeddable":true,"href":"https:\/\/www.scmlondon.org\/index.php?rest_route=\/wp\/v2\/pages\/12229"}],"wp:attachment":[{"href":"https:\/\/www.scmlondon.org\/index.php?rest_route=%2Fwp%2Fv2%2Fmedia&parent=25257"}],"curies":[{"name":"wp","href":"https:\/\/api.w.org\/{rel}","templated":true}]}}