{"id":24132,"date":"2017-12-18T13:12:40","date_gmt":"2017-12-18T13:12:40","guid":{"rendered":"http:\/\/www.scmlondon.org\/?page_id=24132"},"modified":"2019-12-23T19:30:14","modified_gmt":"2019-12-23T19:30:14","slug":"plan-podujati-v-roku-2018","status":"publish","type":"page","link":"https:\/\/www.scmlondon.org\/?page_id=24132","title":{"rendered":"PL\u00c1N PODUJAT\u00cd V ROKU 2018"},"content":{"rendered":"<p><a href=\"http:\/\/www.scmlondon.org\/wp-content\/uploads\/2017\/12\/01_PL\u00c1N-PODUJAT\u00cd-janu\u00e1r-2018-3.pdf\" rel=\"\">01_PL\u00c1N PODUJAT\u00cd janu\u00e1r 2018<\/a><\/p>\n<p><a href=\"http:\/\/www.scmlondon.org\/wp-content\/uploads\/2017\/12\/02_PL\u00c1N-PODUJAT\u00cd-febru\u00e1r-2018-4.pdf\" rel=\"\">02_PL\u00c1N PODUJAT\u00cd febru\u00e1r 2018<\/a><\/p>\n<p><a href=\"http:\/\/www.scmlondon.org\/wp-content\/uploads\/2017\/12\/03_PL\u00c1N-PODUJAT\u00cd-marec-2018-3.pdf\" rel=\"\">03_PL\u00c1N PODUJAT\u00cd marec 2018<\/a><\/p>\n<p><a href=\"http:\/\/www.scmlondon.org\/wp-content\/uploads\/2017\/12\/04_PL\u00c1N-PODUJAT\u00cd-apr\u00edl-2018-3.pdf\" rel=\"\">04_PL\u00c1N PODUJAT\u00cd apr\u00edl 2018<\/a><\/p>\n<p><a href=\"http:\/\/www.scmlondon.org\/wp-content\/uploads\/2017\/12\/05_PL\u00c1N-PODUJAT\u00cd-m\u00e1j-2018-4.pdf\" rel=\"\">05_PL\u00c1N PODUJAT\u00cd m\u00e1j 2018<\/a><\/p>\n<p><a href=\"http:\/\/www.scmlondon.org\/wp-content\/uploads\/2017\/12\/06_PL\u00c1N-PODUJAT\u00cd-j\u00fan-2018-4.pdf\" rel=\"\">06_PL\u00c1N PODUJAT\u00cd j\u00fan 2018<\/a><\/p>\n<p><a href=\"http:\/\/www.scmlondon.org\/wp-content\/uploads\/2017\/12\/07_PL\u00c1N-PODUJAT\u00cd-j\u00fal-2018-2.pdf\" rel=\"\">07_PL\u00c1N PODUJAT\u00cd j\u00fal 2018<\/a><\/p>\n<p><a href=\"http:\/\/www.scmlondon.org\/wp-content\/uploads\/2017\/12\/08_PL\u00c1N-PODUJAT\u00cd-august-2018-2.pdf\" rel=\"\">08_PL\u00c1N PODUJAT\u00cd august 2018<\/a><\/p>\n<p><a href=\"http:\/\/www.scmlondon.org\/wp-content\/uploads\/2017\/12\/09_PL\u00c1N-PODUJAT\u00cd-september-2018-2.pdf\" rel=\"\">09_PL\u00c1N PODUJAT\u00cd september 2018<\/a><\/p>\n<p><a href=\"http:\/\/www.scmlondon.org\/wp-content\/uploads\/2017\/12\/10_PL\u00c1N-PODUJAT\u00cd-okt\u00f3ber-2018-4.pdf\" rel=\"\">10_PL\u00c1N PODUJAT\u00cd okt\u00f3ber 2018<\/a><\/p>\n<p><a href=\"http:\/\/www.scmlondon.org\/wp-content\/uploads\/2017\/12\/11_PL\u00c1N-PODUJAT\u00cd-november-2018-3.pdf\" rel=\"\">11_PL\u00c1N PODUJAT\u00cd november 2018<\/a><\/p>\n<p><a href=\"http:\/\/www.scmlondon.org\/wp-content\/uploads\/2017\/12\/12_PL\u00c1N-PODUJAT\u00cd-december-2018-6.pdf\" rel=\"\">12_PL\u00c1N PODUJAT\u00cd december 2018<\/a><\/p>\n<p>&nbsp;<\/p>\n","protected":false},"excerpt":{"rendered":"<p>01_PL\u00c1N PODUJAT\u00cd janu\u00e1r 2018 02_PL\u00c1N PODUJAT\u00cd febru\u00e1r 2018 03_PL\u00c1N PODUJAT\u00cd marec 2018 04_PL\u00c1N PODUJAT\u00cd apr\u00edl 2018 05_PL\u00c1N PODUJAT\u00cd m\u00e1j 2018 06_PL\u00c1N PODUJAT\u00cd j\u00fan 2018 07_PL\u00c1N PODUJAT\u00cd j\u00fal 2018 08_PL\u00c1N PODUJAT\u00cd&#8230; <a class=\"meta-more\" href=\"https:\/\/www.scmlondon.org\/?page_id=24132\">Pokra\u010dova\u0165 v \u010d\u00edtan\u00ed <span class=\"meta-nav\">&raquo;<\/span><\/a><\/p>\n","protected":false},"author":826,"featured_media":0,"parent":18879,"menu_order":8,"comment_status":"closed","ping_status":"closed","template":"","meta":{"footnotes":""},"class_list":["post-24132","page","type-page","status-publish","hentry"],"_links":{"self":[{"href":"https:\/\/www.scmlondon.org\/index.php?rest_route=\/wp\/v2\/pages\/24132","targetHints":{"allow":["GET"]}}],"collection":[{"href":"https:\/\/www.scmlondon.org\/index.php?rest_route=\/wp\/v2\/pages"}],"about":[{"href":"https:\/\/www.scmlondon.org\/index.php?rest_route=\/wp\/v2\/types\/page"}],"author":[{"embeddable":true,"href":"https:\/\/www.scmlondon.org\/index.php?rest_route=\/wp\/v2\/users\/826"}],"replies":[{"embeddable":true,"href":"https:\/\/www.scmlondon.org\/index.php?rest_route=%2Fwp%2Fv2%2Fcomments&post=24132"}],"version-history":[{"count":18,"href":"https:\/\/www.scmlondon.org\/index.php?rest_route=\/wp\/v2\/pages\/24132\/revisions"}],"predecessor-version":[{"id":27358,"href":"https:\/\/www.scmlondon.org\/index.php?rest_route=\/wp\/v2\/pages\/24132\/revisions\/27358"}],"up":[{"embeddable":true,"href":"https:\/\/www.scmlondon.org\/index.php?rest_route=\/wp\/v2\/pages\/18879"}],"wp:attachment":[{"href":"https:\/\/www.scmlondon.org\/index.php?rest_route=%2Fwp%2Fv2%2Fmedia&parent=24132"}],"curies":[{"name":"wp","href":"https:\/\/api.w.org\/{rel}","templated":true}]}}