{"id":23100,"date":"2017-02-20T22:05:07","date_gmt":"2017-02-20T22:05:07","guid":{"rendered":"http:\/\/www.scmlondon.org\/?page_id=23100"},"modified":"2020-08-10T22:03:05","modified_gmt":"2020-08-10T21:03:05","slug":"krstne-listy-vypisy-z-matriky","status":"publish","type":"page","link":"https:\/\/www.scmlondon.org\/?page_id=23100","title":{"rendered":"KRSTN\u00c9 LISTY &#8211; V\u00ddPISY Z MATRIKY"},"content":{"rendered":"<div class=\"gmail_default\" style=\"text-align: justify;\">Slovensk\u00e1 katol\u00edcka misia v Lond\u00fdne (SCM) uv\u00e1dza pre v\u0161etk\u00fdch pokrsten\u00fdch v kostole SCM Our Lady of La Salette and St Joseph nasledovn\u00e9:<\/div>\n<div class=\"gmail_default\" style=\"text-align: justify;\">V\u0161etky z\u00e1znamy o prijatej sviatosti krstu s\u00fa evidovan\u00e9 anglickou farnos\u0165ou Our Lady of La Salette and St Joseph, pod ktor\u00fa cirkevnopr\u00e1vne spad\u00e1 aj SCM.<\/div>\n<div class=\"gmail_default\" style=\"text-align: justify;\">Ak sviatos\u0165 krstu bola udelen\u00e1 k\u0148azom SCM v kostole SCM, duchovn\u00fd spr\u00e1vca po vysl\u00fa\u017eenej sviatosti d\u00e1va iba podklady pre z\u00e1pis (krstn\u00fd l\u00edstok) do matriky pokrsten\u00fdch anglickej farnosti a nem\u00e1 pr\u00edstup k tejto matrike. Z\u00e1pis do matriky pokrsten\u00fdch rob\u00ed duchovn\u00fd spr\u00e1vca anglickej farnosti. Slovensk\u00fd k\u0148az nem\u00f4\u017ee robi\u0165 z\u00e1pisy do matriky a ani v\u00fdpisy z matriky (krstn\u00e9 listy), pre tak\u00fdto \u00fakon nem\u00e1 jurisdikciu (pr\u00e1vomoc).<\/div>\n<div class=\"gmail_default\" style=\"text-align: justify;\">O vystavenie v\u00fdpisu z matriky pokrsten\u00fdch &#8211; krstn\u00fd list pre potreby prijatia \u010fal\u0161\u00edch sviatost\u00ed (1.sv.prij\u00edmanie alebo birmovku alebo sob\u00e1\u0161), \u010di prijatie do katol\u00edckej \u0161koly, treba <span style=\"text-decoration: underline;\">v\u017edy opakovane<\/span> po\u017eiada\u0165 <span style=\"text-decoration: underline;\"><strong>anglick\u00fa farnos\u0165,<\/strong><\/span> kde s\u00fa registrovan\u00e9 z\u00e1znamy\u200b v\u0161etk\u00fdch pokrsten\u00fdch v Slovenskej katol\u00edckej misii.<\/div>\n<div class=\"gmail_default\" style=\"text-align: justify;\">K z\u00e1znamu v matrike pokrsten\u00fdch sa k pr\u00edslu\u0161nej osobe pripisuj\u00fa v\u017edy \u010fal\u0161ie prijat\u00e9 sviatosti (tzn. \u017ee z\u00e1znam o prijatej akejko\u013evek \u010fal\u0161ej sviatosti,\u00a0nech s\u00fa prij\u00edman\u00e9 kdeko\u013evek na svete, sa posiela v\u017edy sp\u00e4\u0165 do matriky pokrsten\u00fdch, kde bola osoba pokrsten\u00e1) a preto aj ka\u017ed\u00fd v\u00fdpis z matriky &#8211; krstn\u00fd list obsahuje nov\u00fd z\u00e1znam, t.j. u\u017e \u010fal\u0161iu prijat\u00fa sviatos\u0165.<\/div>\n<div class=\"gmail_default\" style=\"text-align: justify;\"><strong>Preto sa vy\u017eaduje v\u017edy nov\u00fd krstn\u00fd list ku ka\u017edej prij\u00edmanej sviatosti.<\/strong><\/div>\n<div class=\"gmail_default\" style=\"text-align: justify;\"><span style=\"text-decoration: underline;\"><strong>IBA KRSTN\u00dd LIST<\/strong> so z\u00e1znamami o prijat\u00fdch sviatostiach v kolonke &#8222;in\u00e9&#8220; na krstnom liste je ofici\u00e1lnym pr\u00e1voplatn\u00fdm dokladom pre akceptovanie prija\u0165 \u010fal\u0161iu sviatos\u0165.<\/span><\/div>\n<div class=\"gmail_default\">====================================================================<\/div>\n<div class=\"gmail_default\" style=\"text-align: justify;\">\u200bKontakt na anglick\u00fa farnos\u0165 a anglick\u00e9ho k\u0148aza (far\u00e1ra):<\/div>\n<div class=\"gmail_default\" style=\"text-align: justify;\">\n<div class=\"entry entry-content\">\n<p><strong>Miestna anglick\u00e1 farnos\u0165:<\/strong><br \/>\n<i class=\"fa fa-user\"><\/i> Parish Priest: Canon\u00a0Mark Powell<br \/>\nRoman Catholic Church of Our Lady of La Salette and St Jospeh<br \/>\n14 Melior Street, London SE1 3QP<br \/>\nTel:\u00a0(+44) 0207 403 8477<br \/>\nEmail: meliorstreet@rcaos.org.uk<\/p>\n<\/div>\n<\/div>\n<div class=\"gmail_default\"><\/div>\n<h3>Related Images:<\/h3>","protected":false},"excerpt":{"rendered":"<p>Slovensk\u00e1 katol\u00edcka misia v Lond\u00fdne (SCM) uv\u00e1dza pre v\u0161etk\u00fdch pokrsten\u00fdch v kostole SCM Our Lady of La Salette and St Joseph nasledovn\u00e9: V\u0161etky z\u00e1znamy o prijatej sviatosti krstu s\u00fa evidovan\u00e9&#8230; <a class=\"meta-more\" href=\"https:\/\/www.scmlondon.org\/?page_id=23100\">Pokra\u010dova\u0165 v \u010d\u00edtan\u00ed <span class=\"meta-nav\">&raquo;<\/span><\/a><\/p>\n","protected":false},"author":417,"featured_media":0,"parent":10272,"menu_order":4,"comment_status":"closed","ping_status":"closed","template":"","meta":{"ngg_post_thumbnail":0,"footnotes":""},"class_list":["post-23100","page","type-page","status-publish","hentry"],"_links":{"self":[{"href":"https:\/\/www.scmlondon.org\/index.php?rest_route=\/wp\/v2\/pages\/23100","targetHints":{"allow":["GET"]}}],"collection":[{"href":"https:\/\/www.scmlondon.org\/index.php?rest_route=\/wp\/v2\/pages"}],"about":[{"href":"https:\/\/www.scmlondon.org\/index.php?rest_route=\/wp\/v2\/types\/page"}],"author":[{"embeddable":true,"href":"https:\/\/www.scmlondon.org\/index.php?rest_route=\/wp\/v2\/users\/417"}],"replies":[{"embeddable":true,"href":"https:\/\/www.scmlondon.org\/index.php?rest_route=%2Fwp%2Fv2%2Fcomments&post=23100"}],"version-history":[{"count":10,"href":"https:\/\/www.scmlondon.org\/index.php?rest_route=\/wp\/v2\/pages\/23100\/revisions"}],"predecessor-version":[{"id":30139,"href":"https:\/\/www.scmlondon.org\/index.php?rest_route=\/wp\/v2\/pages\/23100\/revisions\/30139"}],"up":[{"embeddable":true,"href":"https:\/\/www.scmlondon.org\/index.php?rest_route=\/wp\/v2\/pages\/10272"}],"wp:attachment":[{"href":"https:\/\/www.scmlondon.org\/index.php?rest_route=%2Fwp%2Fv2%2Fmedia&parent=23100"}],"curies":[{"name":"wp","href":"https:\/\/api.w.org\/{rel}","templated":true}]}}