{"id":22777,"date":"2016-12-12T22:31:38","date_gmt":"2016-12-12T22:31:38","guid":{"rendered":"http:\/\/www.scmlondon.org\/?page_id=22777"},"modified":"2017-12-18T13:15:44","modified_gmt":"2017-12-18T13:15:44","slug":"plan-podujati-v-roku-2017","status":"publish","type":"page","link":"https:\/\/www.scmlondon.org\/?page_id=22777","title":{"rendered":"PL\u00c1N PODUJAT\u00cd V ROKU 2017"},"content":{"rendered":"<p><a href=\"http:\/\/www.scmlondon.org\/wp-content\/uploads\/2016\/12\/01_JANUARY-2017_1-3.pdf\" rel=\"\">01_JANUARY 2017_1<\/a><\/p>\n<p><a href=\"http:\/\/www.scmlondon.org\/wp-content\/uploads\/2016\/12\/02_FEBRUARY-2017_1-2.pdf\" rel=\"\">02_FEBRUARY 2017_1<\/a><\/p>\n<p><a href=\"http:\/\/www.scmlondon.org\/wp-content\/uploads\/2016\/12\/03_MARCH-2017_1-5.pdf\" rel=\"\">03_MARCH 2017_1<\/a><\/p>\n<p><a href=\"http:\/\/www.scmlondon.org\/wp-content\/uploads\/2016\/12\/04_APRIL-2017_1-5.pdf\" rel=\"\">04_APRIL 2017_1<\/a><\/p>\n<p><a href=\"http:\/\/www.scmlondon.org\/wp-content\/uploads\/2016\/12\/05_MAY-2017_1-4.pdf\" rel=\"\">05_MAY 2017_1<\/a><\/p>\n<p><a href=\"http:\/\/www.scmlondon.org\/wp-content\/uploads\/2016\/12\/06_JUNE-2017_1-5.pdf\" rel=\"\">06_JUNE 2017_1<\/a><\/p>\n<p><a href=\"http:\/\/www.scmlondon.org\/wp-content\/uploads\/2016\/12\/07_JULY-2017-1.pdf\" rel=\"\">07_JULY 2017<\/a><\/p>\n<p><a href=\"http:\/\/www.scmlondon.org\/wp-content\/uploads\/2016\/12\/08_AUGUST-2017-1.pdf\" rel=\"\">08_AUGUST 2017<\/a><\/p>\n<p><a href=\"http:\/\/www.scmlondon.org\/wp-content\/uploads\/2016\/12\/09_PP-SEPTEMBER-2017.pdf\" rel=\"\">09_PP SEPTEMBER 2017<\/a><\/p>\n<p><a href=\"http:\/\/www.scmlondon.org\/wp-content\/uploads\/2016\/12\/10_PP-OKT\u00d3BER-2017.pdf\" rel=\"\">10_PP OKT\u00d3BER 2017<\/a><\/p>\n<p><a href=\"http:\/\/www.scmlondon.org\/wp-content\/uploads\/2016\/12\/11_PP-NOVEMBER-2017.pdf\" rel=\"\">11_PP NOVEMBER 2017<\/a><\/p>\n<p><a href=\"http:\/\/www.scmlondon.org\/wp-content\/uploads\/2016\/12\/12_PP-DECEMBER-2017.pdf\" rel=\"\">12_PP DECEMBER 2017<\/a><\/p>\n<p>&nbsp;<\/p>\n<p>&nbsp;<\/p>\n<p>&nbsp;<\/p>\n<p>&nbsp;<\/p>\n","protected":false},"excerpt":{"rendered":"<p>01_JANUARY 2017_1 02_FEBRUARY 2017_1 03_MARCH 2017_1 04_APRIL 2017_1 05_MAY 2017_1 06_JUNE 2017_1 07_JULY 2017 08_AUGUST 2017 09_PP SEPTEMBER 2017 10_PP OKT\u00d3BER 2017 11_PP NOVEMBER 2017 12_PP DECEMBER 2017 &nbsp; &nbsp;&#8230; <a class=\"meta-more\" href=\"https:\/\/www.scmlondon.org\/?page_id=22777\">Pokra\u010dova\u0165 v \u010d\u00edtan\u00ed <span class=\"meta-nav\">&raquo;<\/span><\/a><\/p>\n","protected":false},"author":826,"featured_media":0,"parent":18879,"menu_order":7,"comment_status":"closed","ping_status":"closed","template":"","meta":{"footnotes":""},"class_list":["post-22777","page","type-page","status-publish","hentry"],"_links":{"self":[{"href":"https:\/\/www.scmlondon.org\/index.php?rest_route=\/wp\/v2\/pages\/22777","targetHints":{"allow":["GET"]}}],"collection":[{"href":"https:\/\/www.scmlondon.org\/index.php?rest_route=\/wp\/v2\/pages"}],"about":[{"href":"https:\/\/www.scmlondon.org\/index.php?rest_route=\/wp\/v2\/types\/page"}],"author":[{"embeddable":true,"href":"https:\/\/www.scmlondon.org\/index.php?rest_route=\/wp\/v2\/users\/826"}],"replies":[{"embeddable":true,"href":"https:\/\/www.scmlondon.org\/index.php?rest_route=%2Fwp%2Fv2%2Fcomments&post=22777"}],"version-history":[{"count":25,"href":"https:\/\/www.scmlondon.org\/index.php?rest_route=\/wp\/v2\/pages\/22777\/revisions"}],"predecessor-version":[{"id":23953,"href":"https:\/\/www.scmlondon.org\/index.php?rest_route=\/wp\/v2\/pages\/22777\/revisions\/23953"}],"up":[{"embeddable":true,"href":"https:\/\/www.scmlondon.org\/index.php?rest_route=\/wp\/v2\/pages\/18879"}],"wp:attachment":[{"href":"https:\/\/www.scmlondon.org\/index.php?rest_route=%2Fwp%2Fv2%2Fmedia&parent=22777"}],"curies":[{"name":"wp","href":"https:\/\/api.w.org\/{rel}","templated":true}]}}