{"id":22148,"date":"2016-08-25T16:39:28","date_gmt":"2016-08-25T15:39:28","guid":{"rendered":"http:\/\/www.scmlondon.org\/?page_id=22148"},"modified":"2018-05-08T22:27:15","modified_gmt":"2018-05-08T21:27:15","slug":"bohosluzby-v-birminghame","status":"publish","type":"page","link":"https:\/\/www.scmlondon.org\/?page_id=22148","title":{"rendered":"BOHOSLU\u017dBY V BIRMINGHAME"},"content":{"rendered":"<p>Sv\u00e4t\u00e9 om\u0161e sa v s\u00fa\u010dasnosti (2018) v slovenskom jazyku v tomto meste nesl\u00e1via.<strong><br \/>\n<\/strong><\/p>\n","protected":false},"excerpt":{"rendered":"<p>Sv\u00e4t\u00e9 om\u0161e sa v s\u00fa\u010dasnosti (2018) v slovenskom jazyku v tomto meste nesl\u00e1via.<\/p>\n","protected":false},"author":417,"featured_media":0,"parent":12232,"menu_order":0,"comment_status":"closed","ping_status":"closed","template":"","meta":{"footnotes":""},"class_list":["post-22148","page","type-page","status-publish","hentry"],"_links":{"self":[{"href":"https:\/\/www.scmlondon.org\/index.php?rest_route=\/wp\/v2\/pages\/22148","targetHints":{"allow":["GET"]}}],"collection":[{"href":"https:\/\/www.scmlondon.org\/index.php?rest_route=\/wp\/v2\/pages"}],"about":[{"href":"https:\/\/www.scmlondon.org\/index.php?rest_route=\/wp\/v2\/types\/page"}],"author":[{"embeddable":true,"href":"https:\/\/www.scmlondon.org\/index.php?rest_route=\/wp\/v2\/users\/417"}],"replies":[{"embeddable":true,"href":"https:\/\/www.scmlondon.org\/index.php?rest_route=%2Fwp%2Fv2%2Fcomments&post=22148"}],"version-history":[{"count":14,"href":"https:\/\/www.scmlondon.org\/index.php?rest_route=\/wp\/v2\/pages\/22148\/revisions"}],"predecessor-version":[{"id":25269,"href":"https:\/\/www.scmlondon.org\/index.php?rest_route=\/wp\/v2\/pages\/22148\/revisions\/25269"}],"up":[{"embeddable":true,"href":"https:\/\/www.scmlondon.org\/index.php?rest_route=\/wp\/v2\/pages\/12232"}],"wp:attachment":[{"href":"https:\/\/www.scmlondon.org\/index.php?rest_route=%2Fwp%2Fv2%2Fmedia&parent=22148"}],"curies":[{"name":"wp","href":"https:\/\/api.w.org\/{rel}","templated":true}]}}