{"id":21408,"date":"2016-03-19T16:34:57","date_gmt":"2016-03-19T16:34:57","guid":{"rendered":"http:\/\/www.scmlondon.org\/?page_id=21408"},"modified":"2016-04-02T17:05:35","modified_gmt":"2016-04-02T16:05:35","slug":"statisticke-udaje-ekonomicke","status":"publish","type":"page","link":"https:\/\/www.scmlondon.org\/?page_id=21408","title":{"rendered":"EKONOMICK\u00c1 \u0160TATISTIKA"},"content":{"rendered":"<p>\u010coskoro zverejn\u00edme podrobn\u00e9 \u0161tatistiky n\u00e1\u0161ho financovania.<\/p>\n<h3>Related Images:<\/h3>","protected":false},"excerpt":{"rendered":"<p>\u010coskoro zverejn\u00edme podrobn\u00e9 \u0161tatistiky n\u00e1\u0161ho financovania. Related Images:<\/p>\n","protected":false},"author":417,"featured_media":0,"parent":15711,"menu_order":11,"comment_status":"closed","ping_status":"closed","template":"","meta":{"ngg_post_thumbnail":0,"footnotes":""},"class_list":["post-21408","page","type-page","status-publish","hentry"],"_links":{"self":[{"href":"https:\/\/www.scmlondon.org\/index.php?rest_route=\/wp\/v2\/pages\/21408","targetHints":{"allow":["GET"]}}],"collection":[{"href":"https:\/\/www.scmlondon.org\/index.php?rest_route=\/wp\/v2\/pages"}],"about":[{"href":"https:\/\/www.scmlondon.org\/index.php?rest_route=\/wp\/v2\/types\/page"}],"author":[{"embeddable":true,"href":"https:\/\/www.scmlondon.org\/index.php?rest_route=\/wp\/v2\/users\/417"}],"replies":[{"embeddable":true,"href":"https:\/\/www.scmlondon.org\/index.php?rest_route=%2Fwp%2Fv2%2Fcomments&post=21408"}],"version-history":[{"count":2,"href":"https:\/\/www.scmlondon.org\/index.php?rest_route=\/wp\/v2\/pages\/21408\/revisions"}],"predecessor-version":[{"id":21551,"href":"https:\/\/www.scmlondon.org\/index.php?rest_route=\/wp\/v2\/pages\/21408\/revisions\/21551"}],"up":[{"embeddable":true,"href":"https:\/\/www.scmlondon.org\/index.php?rest_route=\/wp\/v2\/pages\/15711"}],"wp:attachment":[{"href":"https:\/\/www.scmlondon.org\/index.php?rest_route=%2Fwp%2Fv2%2Fmedia&parent=21408"}],"curies":[{"name":"wp","href":"https:\/\/api.w.org\/{rel}","templated":true}]}}