{"id":20933,"date":"2015-12-13T18:08:41","date_gmt":"2015-12-13T18:08:41","guid":{"rendered":"http:\/\/www.scmlondon.org\/?page_id=20933"},"modified":"2018-03-30T22:22:03","modified_gmt":"2018-03-30T21:22:03","slug":"struktura-misie","status":"publish","type":"page","link":"https:\/\/www.scmlondon.org\/?page_id=20933","title":{"rendered":"\u0160TRUKT\u00daRA MISIE 2016"},"content":{"rendered":"<p style=\"text-align: justify;\">Spr\u00e1vcom SCM v Lond\u00fdne je od 12. j\u00fala 2010 o. Mgr. Tibor Borovsk\u00fd (*1964), rod\u00e1k z Nitry, k\u0148az \u017dilinskej diec\u00e9zy. Pri jeho pr\u00e1ci mu asistuje farsk\u00e1 rada.<\/p>\n<p style=\"text-align: justify;\">Farsk\u00e1 rada je poradn\u00fd org\u00e1n k\u0148aza, ktor\u00fd m\u00e1 svoje poslanie vypl\u00fdvaj\u00face z K\u00f3dexu cirkevn\u00e9ho pr\u00e1va a rovnako vypl\u00fdva zo zmluvy medzi diec\u00e9zou Westminster, kam na\u0161a misia patr\u00ed, a Slovenskou katol\u00edckou misiou v Lond\u00fdne.<\/p>\n<p style=\"text-align: justify;\">K 28.11.2015 skon\u010dil mand\u00e1t 3. Farskej rady. Chcem sa po\u010fakova\u0165 v\u0161etk\u00fdm \u010dlenom za kon\u0161trukt\u00edvnu spolupr\u00e1cu, obetavos\u0165 a nasadenie na sl\u00e1vu n\u00e1\u0161ho P\u00e1na, pre dobro Cirkvi a Slovenskej katol\u00edckej misie v Lond\u00fdne.<\/p>\n<h4 style=\"text-align: justify;\"><em>Oznamujem, \u017ee na z\u00e1klade \u00a7537 CIC (K\u00f3dexu cirkevn\u00e9ho pr\u00e1va) a z poslania duchovn\u00e9ho spr\u00e1vcu SCM v Lond\u00fdne mne zveren\u00e9ho Konferenciou biskupov Slovenska a diec\u00e9zou Westminster, menujem do poz\u00edcie \u010dlenov Farskej rady pre nasleduj\u00face funk\u010dn\u00e9 obdobie (cirkevn\u00fd rok 29.11.2015 \u2013 26.11.2016) t\u00fdchto registrovan\u00fdch \u010dlenov SCM:<\/em><\/h4>\n<p><strong><img loading=\"lazy\" decoding=\"async\" class=\"alignright wp-image-21743\" src=\"http:\/\/www.scmlondon.org\/wp-content\/uploads\/2015\/12\/j1a-211x300.jpg\" alt=\"\" width=\"139\" height=\"197\" srcset=\"https:\/\/www.scmlondon.org\/wp-content\/uploads\/2015\/12\/j1a-211x300.jpg 211w, https:\/\/www.scmlondon.org\/wp-content\/uploads\/2015\/12\/j1a.jpg 547w\" sizes=\"auto, (max-width: 139px) 100vw, 139px\" \/><\/strong><\/p>\n<p style=\"text-align: justify;\"><b>J<\/b><strong>armila Antoni\u010dov\u00e1\u00a0\u2013\u00a0predseda FR,\u00a0\u010dlenka ekonomickej komisie FR SCM<br \/>\n<\/strong>Vy\u0161tudovala:<strong>\u00a0Ekonomick\u00e1 Univerzita Bratislava, odbor: Ekonomika a mana\u017ement podniku<br \/>\n<\/strong>Zapojenie do aktiv\u00edt SCM:\u00a0<strong>dobrovo\u013en\u00edk,\u00a0lektorka textov v liturgii, projekcia liturgick\u00fdch textov po\u010das bohoslu\u017eieb a in\u00fdch podujat\u00ed, pomoc pri organizovan\u00ed duchovn\u00fdch a spolo\u010densk\u00fdch podujat\u00ed i fundraisingu, spravovanie a riadenie ekonomick\u00fdch z\u00e1le\u017eitost\u00ed SCM v Lond\u00fdne<\/strong><\/p>\n<p style=\"text-align: justify;\">&#8212;&#8212;&#8212;&#8212;&#8212;&#8212;&#8212;&#8212;&#8212;&#8212;&#8212;&#8212;&#8212;&#8212;&#8212;&#8212;&#8212;&#8212;&#8212;&#8212;&#8212;&#8212;&#8212;&#8212;&#8212;&#8212;&#8212;&#8212;&#8212;&#8212;&#8212;&#8212;&#8212;&#8212;&#8212;&#8212;&#8212;&#8212;&#8212;&#8212;&#8212;&#8212;&#8212;&#8212;&#8212;&#8212;&#8212;&#8212;&#8212;&#8212;&#8212;&#8212;&#8212;&#8211;<\/p>\n<p><strong><img loading=\"lazy\" decoding=\"async\" class=\"alignright wp-image-21748\" src=\"http:\/\/www.scmlondon.org\/wp-content\/uploads\/2015\/12\/mir-200x300.jpg\" alt=\"\" width=\"131\" height=\"197\" srcset=\"https:\/\/www.scmlondon.org\/wp-content\/uploads\/2015\/12\/mir-200x300.jpg 200w, https:\/\/www.scmlondon.org\/wp-content\/uploads\/2015\/12\/mir.jpg 455w\" sizes=\"auto, (max-width: 131px) 100vw, 131px\" \/>Miroslava Han\u00e1kov\u00e1,\u00a0\u00fa\u010dtovn\u00ed\u010dka,\u00a0\u010dlenka ekonomickej komisie FR SCM<\/strong><br \/>\nVy\u0161tudovala:<strong>\u00a0Teologick\u00e1 fakulta UP Olomouc \u2013 kres\u0165ansk\u00e1 v\u00fdchova<\/strong><br \/>\nZapojenie do aktiv\u00edt SCM:<strong>\u00a0dobrovo\u013en\u00edk,\u00a0koordin\u00e1tor projektu \u017dijeme OH pri organiz\u00e1cii OH 2012, lektorka \u010desk\u00fdch textov v liturgii, pomoc pri organizovan\u00ed duchovn\u00fdch a spolo\u010densk\u00fdch podujat\u00ed, upratovanie kostola, fotografovanie, vedenie spolo\u010denstva, anim\u00e1tor, pr\u00edprava sl\u00e1vnost\u00ed \u010desk\u00fdch sv\u00e4tcov v r\u00e1mci misie<\/strong><\/p>\n<p>&#8212;&#8212;&#8212;&#8212;&#8212;&#8212;&#8212;&#8212;&#8212;&#8212;&#8212;&#8212;&#8212;&#8212;&#8212;&#8212;&#8212;&#8212;&#8212;&#8212;&#8212;&#8212;&#8212;&#8212;&#8212;&#8212;&#8212;&#8212;&#8212;&#8212;&#8212;&#8212;&#8212;&#8212;&#8212;&#8212;&#8212;&#8212;&#8212;&#8212;&#8212;&#8212;&#8212;&#8212;&#8212;&#8212;&#8212;&#8212;&#8212;&#8212;&#8212;&#8212;&#8212;&#8211;<\/p>\n<p style=\"text-align: justify;\"><b><strong><img loading=\"lazy\" decoding=\"async\" class=\"alignright wp-image-21750\" src=\"http:\/\/www.scmlondon.org\/wp-content\/uploads\/2015\/12\/joj-200x300.jpg\" alt=\"\" width=\"131\" height=\"197\" srcset=\"https:\/\/www.scmlondon.org\/wp-content\/uploads\/2015\/12\/joj-200x300.jpg 200w, https:\/\/www.scmlondon.org\/wp-content\/uploads\/2015\/12\/joj.jpg 455w\" sizes=\"auto, (max-width: 131px) 100vw, 131px\" \/><\/strong>Jozef Pav\u00fak &#8211;\u00a0kostoln\u00edk,\u00a0pokladn\u00edk,\u00a0\u010dlen ekonomickej komisie FR SCM,<br \/>\n<\/b>Vy\u0161tudoval:\u00a0<b>SOU elektrotechnick\u00e9 Stropkov<br \/>\n<\/b>Zapojenie do aktiv\u00edt SCM:<b>\u00a0dobrovo\u013en\u00edk, pr\u00edprava liturgie, obsluha a starostlivos\u0165 o ob\u010derstvenie v nede\u013eu, upratovanie kostola a spolo\u010dn\u00fdch priestorov a zariaden\u00ed, koordin\u00e1tor projektu \u017dijeme OH pri organiz\u00e1cii OH 2012, lektor textov v liturgii, obsluha pri podujatiach, n\u00e1stenk\u00e1r<br \/>\n<\/b><\/p>\n<p>&#8212;&#8212;&#8212;&#8212;&#8212;&#8212;&#8212;&#8212;&#8212;&#8212;&#8212;&#8212;&#8212;&#8212;&#8212;&#8212;&#8212;&#8212;&#8212;&#8212;&#8212;&#8212;&#8212;&#8212;&#8212;&#8212;&#8212;&#8212;&#8212;&#8212;&#8212;&#8212;&#8212;&#8212;&#8212;&#8212;&#8212;&#8212;&#8212;&#8212;&#8212;&#8212;&#8212;&#8212;&#8212;&#8212;&#8212;&#8212;&#8212;&#8212;&#8212;&#8212;&#8212;&#8212;<\/p>\n<p style=\"text-align: justify;\"><strong><img loading=\"lazy\" decoding=\"async\" class=\"alignright wp-image-21746\" src=\"http:\/\/www.scmlondon.org\/wp-content\/uploads\/2015\/12\/luc-1-200x300.jpg\" alt=\"\" width=\"131\" height=\"197\" srcset=\"https:\/\/www.scmlondon.org\/wp-content\/uploads\/2015\/12\/luc-1-200x300.jpg 200w, https:\/\/www.scmlondon.org\/wp-content\/uploads\/2015\/12\/luc-1.jpg 455w\" sizes=\"auto, (max-width: 131px) 100vw, 131px\" \/>Lucia Zambojov\u00e1\u00a0\u2013\u00a0sekret\u00e1rka SCM, \u010dlenka pastora\u010dnej komisie FR SCM<br \/>\n<\/strong>Vy\u0161tudovala:<strong>\u00a0Trnavsk\u00e1 univerzita v Trnave \u2013 odbor u\u010dite\u013estvo pre 1. stupe\u0148 Z\u0160, anglick\u00fd jazyk a literat\u00fara<br \/>\n<\/strong>Zapojenie do aktiv\u00edt SCM: <strong>administrat\u00edvne riadenie a spravovanie SCM, pomoc pri organizovan\u00ed duchovn\u00fdch a spolo\u010densk\u00fdch podujat\u00ed, lektorka textov v liturgii<\/strong><em><strong><br \/>\n<\/strong><\/em><\/p>\n<p>&#8212;&#8212;&#8212;&#8212;&#8212;&#8212;&#8212;&#8212;&#8212;&#8212;&#8212;&#8212;&#8212;&#8212;&#8212;&#8212;&#8212;&#8212;&#8212;&#8212;&#8212;&#8212;&#8212;&#8212;&#8212;&#8212;&#8212;&#8212;&#8212;&#8212;&#8212;&#8212;&#8212;&#8212;&#8212;&#8212;&#8212;&#8212;&#8212;&#8212;&#8212;&#8212;&#8212;&#8212;&#8212;&#8212;&#8212;&#8212;&#8212;&#8212;&#8212;&#8212;&#8212;&#8212;<\/p>\n<p style=\"text-align: justify;\"><b><strong><img loading=\"lazy\" decoding=\"async\" class=\"alignright wp-image-21751\" src=\"http:\/\/www.scmlondon.org\/wp-content\/uploads\/2015\/12\/kik-200x300.jpg\" alt=\"\" width=\"131\" height=\"197\" srcset=\"https:\/\/www.scmlondon.org\/wp-content\/uploads\/2015\/12\/kik-200x300.jpg 200w, https:\/\/www.scmlondon.org\/wp-content\/uploads\/2015\/12\/kik.jpg 455w\" sizes=\"auto, (max-width: 131px) 100vw, 131px\" \/><\/strong>Krist\u00edna Dugovi\u010dov\u00e1 &#8211; \u010dlenka pastora\u010dnej komisie FR SCM<br \/>\n<\/b>Vy\u0161tudovala:<b>\u00a0Stredn\u00e1 zdravotn\u00e1 \u0161kola Bratislava, diplomovan\u00e1 zdravotn\u00e1 sestra<br \/>\n<\/b>Zapojenie do aktiv\u00edt SCM:<b>\u00a0ved\u00faca modlitbov\u00e9ho spolo\u010denstva, \u010dlenka spev\u00e1ckeho zboru, pomoc pri pr\u00edprave a organizovan\u00ed spolo\u010densk\u00fdch a duchovn\u00fdch podujat\u00ed, lektorka textov v\u00a0liturgii,\u00a0upratovanie kostola a spolo\u010dn\u00fdch priestorov a zariaden\u00ed<i><br \/>\n<\/i><\/b><\/p>\n<p style=\"text-align: justify;\">&#8212;&#8212;&#8212;&#8212;&#8212;&#8212;&#8212;&#8212;&#8212;&#8212;&#8212;&#8212;&#8212;&#8212;&#8212;&#8212;&#8212;&#8212;&#8212;&#8212;&#8212;&#8212;&#8212;&#8212;&#8212;&#8212;&#8212;&#8212;&#8212;&#8212;&#8212;&#8212;&#8212;&#8212;&#8212;&#8212;&#8212;&#8212;&#8212;&#8212;&#8212;&#8212;&#8212;&#8212;&#8212;&#8212;&#8212;&#8212;&#8212;&#8212;&#8212;&#8212;&#8212;&#8211;<\/p>\n<p style=\"text-align: left;\"><b><strong><img loading=\"lazy\" decoding=\"async\" class=\"alignright wp-image-21752\" src=\"http:\/\/www.scmlondon.org\/wp-content\/uploads\/2015\/12\/fer-200x300.jpg\" alt=\"\" width=\"131\" height=\"197\" srcset=\"https:\/\/www.scmlondon.org\/wp-content\/uploads\/2015\/12\/fer-200x300.jpg 200w, https:\/\/www.scmlondon.org\/wp-content\/uploads\/2015\/12\/fer.jpg 455w\" sizes=\"auto, (max-width: 131px) 100vw, 131px\" \/><\/strong><\/b><strong>Franti\u0161ek Klemp\u00e1r \u2013 \u010dlen pastora\u010dnej komisie FR SCM<br \/>\n<\/strong>Vy\u0161tudoval:<strong>\u00a0SOU ban\u00edcke \u2013 Rud\u0148any<br \/>\n<\/strong>Zapojenie do aktiv\u00edt SCM:<strong>\u00a0ved\u00faci modlitbov\u00e9ho spolo\u010denstva, pomoc pri organizovan\u00ed duchovn\u00fdch a spolo\u010densk\u00fdch podujat\u00ed,\u00a0upratovanie kostola a spolo\u010dn\u00fdch priestorov a zariaden\u00ed,\u00a0technick\u00e9 a materi\u00e1lne zais\u0165ovanie a spravovanie priestorov misie<\/strong><\/p>\n<p>&#8212;&#8212;&#8212;&#8212;&#8212;&#8212;&#8212;&#8212;&#8212;&#8212;&#8212;&#8212;&#8212;&#8212;&#8212;&#8212;&#8212;&#8212;&#8212;&#8212;&#8212;&#8212;&#8212;&#8212;&#8212;&#8212;&#8212;&#8212;&#8212;&#8212;&#8212;&#8212;&#8212;&#8212;&#8212;&#8212;&#8212;&#8212;&#8212;&#8212;&#8212;&#8212;&#8212;&#8212;&#8212;&#8212;&#8212;&#8212;&#8212;&#8212;&#8212;&#8212;&#8212;&#8211;<\/p>\n<p style=\"text-align: left;\"><strong><img loading=\"lazy\" decoding=\"async\" class=\"alignright wp-image-21749\" src=\"http:\/\/www.scmlondon.org\/wp-content\/uploads\/2015\/12\/sia-200x300.jpg\" alt=\"\" width=\"131\" height=\"197\" srcset=\"https:\/\/www.scmlondon.org\/wp-content\/uploads\/2015\/12\/sia-200x300.jpg 200w, https:\/\/www.scmlondon.org\/wp-content\/uploads\/2015\/12\/sia.jpg 455w\" sizes=\"auto, (max-width: 131px) 100vw, 131px\" \/>Silvia Margov\u00e1\u00a0\u2013\u00a0\u010dlenka pastora\u010dnej komisie FR SCM<br \/>\n<\/strong>Vy\u0161tudovala:\u00a0<strong>Pr\u00edrodovedeck\u00e1 fakulta, Univerzita Pavla Jozefa \u0160af\u00e1rika v Ko\u0161iciach; odbor: Matematika \u2013 Informatika (u\u010dite\u013estvo v\u0161eobecnovzdel\u00e1vac\u00edch predmetov)<br \/>\n<\/strong>Zapojenie do aktiv\u00edt SCM:\u00a0<strong>pomoc pri organizovan\u00ed duchovn\u00fdch a spolo\u010densk\u00fdch podujat\u00ed,\u00a0upratovanie kostola a spolo\u010dn\u00fdch priestorov a zariaden\u00ed, ved\u00faca kreat\u00edvnej skupiny<\/strong><\/p>\n<p style=\"text-align: justify;\">&#8212;&#8212;&#8212;&#8212;&#8212;&#8212;&#8212;&#8212;&#8212;&#8212;&#8212;&#8212;&#8212;&#8212;&#8212;&#8212;&#8212;&#8212;&#8212;&#8212;&#8212;&#8212;&#8212;&#8212;&#8212;&#8212;&#8212;&#8212;&#8212;&#8212;&#8212;&#8212;&#8212;&#8212;&#8212;&#8212;&#8212;&#8212;&#8212;&#8212;&#8212;&#8212;&#8212;&#8212;&#8212;&#8212;&#8212;&#8212;&#8212;&#8212;&#8212;&#8212;&#8212;&#8211;<\/p>\n<p style=\"text-align: justify;\">Ver\u00edme, \u017ee zvolen\u00ed \u010dlenovia bud\u00fa k tejto zodpovednej \u00falohe pristupova\u0165 svedomito a zodpovedne, aby na\u0161a miestna Cirkev c\u00edtila ve\u013ek\u00fd osoh z ich pr\u00e1ce. K tejto slu\u017ebe pre rozvoj \u017eivota Slovenskej katol\u00edckej misie v Lond\u00fdne im vyprosujeme spolo\u010dne Bo\u017eie po\u017eehnanie a milos\u0165.<\/p>\n<p style=\"text-align: justify;\">D\u0148a 29. novembra 2015 po polud\u0148aj\u0161ej sv\u00e4tej om\u0161i im spr\u00e1vca farnosti odovzdal Menovacie dekr\u00e9ty. Pre ve\u013ek\u00fa migr\u00e1ciu \u010dlenov SCM je Farsk\u00e1 rada volen\u00e1 na obdobie cirkevn\u00e9ho roka. Funk\u010dn\u00e9 obdobie menovanej FR je do 26.11.2016.<\/p>\n<p style=\"text-align: justify;\">Vo\u013eby sa uskuto\u010dnia ka\u017ed\u00fd rok, aby nov\u00e1 FR mohla za\u010da\u0165 pracova\u0165 od 1. adventnej nedele.<\/p>\n<p style=\"text-align: justify;\">T\u00edto zvolen\u00ed \u010dlenovia s\u00fa pripraven\u00ed prij\u00edma\u0165 va\u0161e n\u00e1zory, n\u00e1pady a n\u00e1vrhy pre zlep\u0161enie duchovn\u00e9ho \u017eivota a upev\u0148ovania vz\u0165ahov v r\u00e1mci misie, pre budovanie n\u00e1rodn\u00e9ho, kult\u00farneho a duchovn\u00e9ho povedomia Slov\u00e1kov a \u010cechov \u017eij\u00facich v UK. Obracajte sa na nich s d\u00f4verou, aby predlo\u017een\u00e9 n\u00e1mety mohli prediskutova\u0165 a predklada\u0165 spr\u00e1vcovi misie na pos\u00fadenie.<\/p>\n<p>V\u00edta sa ka\u017ed\u00e1 aktivita, ktor\u00e1 n\u00e1s v\u0161etk\u00fdch v duchovnom i n\u00e1rodnom sebapoznan\u00ed a raste posunie \u010falej a vy\u0161\u0161ie.<\/p>\n<p>&nbsp;<\/p>\n<h2 style=\"text-align: center;\" align=\"center\"><b><span style=\"text-decoration: underline;\">M e n o v a c \u00ed d e k r \u00e9 t<\/span><\/b><\/h2>\n<h4 style=\"text-align: center;\" align=\"center\"><b>London, 29 November, 2015<br \/>\n<\/b><\/h4>\n<p style=\"text-align: center;\">Drah\u00fd brat \/ sestra v Kristu,<\/p>\n<p style=\"text-align: center;\">d\u0148om 29.11.2015<\/p>\n<p style=\"text-align: center;\"><strong>V\u00e1s ustanovujem<\/strong><\/p>\n<p style=\"text-align: center;\">za \u010dlena Farskej rady Slovenskej katol\u00edckej misie v Lond\u00fdne<br \/>\npre cirkevn\u00fd rok 2015 &#8211; 2016.<\/p>\n<p style=\"text-align: center;\">Va\u0161e menovanie je na dobu trvania funk\u010dn\u00e9ho obdobia Farskej rady<br \/>\ndo 26.11.2016.<\/p>\n<p style=\"text-align: center;\">Ku tejto zodpovednej \u00falohe pristupujte svedomite,<br \/>\naby na\u0161a miestna Cirkev c\u00edtila ve\u013ek\u00fd osoh z Va\u0161ej pr\u00e1ce.<br \/>\nKu Va\u0161ej slu\u017ebe pre rozvoj \u017eivota Slovenskej katol\u00edckej misie v Lond\u00fdne V\u00e1m vyprosujem Bo\u017eie po\u017eehnanie a milos\u0165.<\/p>\n<p style=\"text-align: center;\">S \u00factou,<\/p>\n<p style=\"text-align: center;\">Mgr. Tibor Borovsk\u00fd<br \/>\nspr\u00e1vca SCM v Lond\u00fdne<br \/>\nSlovakian Chaplain of SCM in London<\/p>\n<h3>Related Images:<\/h3>","protected":false},"excerpt":{"rendered":"<p>Spr\u00e1vcom SCM v Lond\u00fdne je od 12. j\u00fala 2010 o. Mgr. Tibor Borovsk\u00fd (*1964), rod\u00e1k z Nitry, k\u0148az \u017dilinskej diec\u00e9zy. Pri jeho pr\u00e1ci mu asistuje farsk\u00e1 rada. Farsk\u00e1 rada je&#8230; <a class=\"meta-more\" href=\"https:\/\/www.scmlondon.org\/?page_id=20933\">Pokra\u010dova\u0165 v \u010d\u00edtan\u00ed <span class=\"meta-nav\">&raquo;<\/span><\/a><\/p>\n","protected":false},"author":826,"featured_media":0,"parent":18979,"menu_order":16,"comment_status":"open","ping_status":"closed","template":"","meta":{"ngg_post_thumbnail":0,"footnotes":""},"class_list":["post-20933","page","type-page","status-publish","hentry"],"_links":{"self":[{"href":"https:\/\/www.scmlondon.org\/index.php?rest_route=\/wp\/v2\/pages\/20933","targetHints":{"allow":["GET"]}}],"collection":[{"href":"https:\/\/www.scmlondon.org\/index.php?rest_route=\/wp\/v2\/pages"}],"about":[{"href":"https:\/\/www.scmlondon.org\/index.php?rest_route=\/wp\/v2\/types\/page"}],"author":[{"embeddable":true,"href":"https:\/\/www.scmlondon.org\/index.php?rest_route=\/wp\/v2\/users\/826"}],"replies":[{"embeddable":true,"href":"https:\/\/www.scmlondon.org\/index.php?rest_route=%2Fwp%2Fv2%2Fcomments&post=20933"}],"version-history":[{"count":16,"href":"https:\/\/www.scmlondon.org\/index.php?rest_route=\/wp\/v2\/pages\/20933\/revisions"}],"predecessor-version":[{"id":22767,"href":"https:\/\/www.scmlondon.org\/index.php?rest_route=\/wp\/v2\/pages\/20933\/revisions\/22767"}],"up":[{"embeddable":true,"href":"https:\/\/www.scmlondon.org\/index.php?rest_route=\/wp\/v2\/pages\/18979"}],"wp:attachment":[{"href":"https:\/\/www.scmlondon.org\/index.php?rest_route=%2Fwp%2Fv2%2Fmedia&parent=20933"}],"curies":[{"name":"wp","href":"https:\/\/api.w.org\/{rel}","templated":true}]}}