{"id":20746,"date":"2015-11-18T18:14:02","date_gmt":"2015-11-18T18:14:02","guid":{"rendered":"http:\/\/www.scmlondon.org\/?page_id=20746"},"modified":"2016-04-02T17:05:22","modified_gmt":"2016-04-02T16:05:22","slug":"financovanie","status":"publish","type":"page","link":"https:\/\/www.scmlondon.org\/?page_id=20746","title":{"rendered":"PASTORA\u010cN\u00c1 \u0160TATISTIKA"},"content":{"rendered":"<p><a href=\"http:\/\/www.scmlondon.org\/wp-content\/uploads\/2015\/11\/01_\u0160tatistick\u00e9-\u00fadaje-o-vysl\u00fa\u017een\u00ed-sviatosti-krstu-za-roky-2011-2016-update-19.03.2016.pdf\" rel=\"\">01_\u0160tatistick\u00e9 \u00fadaje o vysl\u00fa\u017een\u00ed sviatosti krstu za roky 2011-2016 &#8211; update 19.03.2016<\/a><\/p>\n<p><a href=\"http:\/\/www.scmlondon.org\/wp-content\/uploads\/2015\/11\/02_\u0160tatistick\u00e9-\u00fadaje-o-po\u010dte-det\u00ed-pripraven\u00fdch-k-1.sv_.prij\u00edmaniu-za-roky-2011-2016-update-19.03.2016.pdf\" rel=\"\">02_\u0160tatistick\u00e9 \u00fadaje o po\u010dte det\u00ed pripraven\u00fdch k 1.sv.prij\u00edmaniu za roky 2011-2016 &#8211; update 19.03.2016<\/a><\/p>\n<p><a href=\"http:\/\/www.scmlondon.org\/wp-content\/uploads\/2015\/11\/03_\u0160tatistick\u00e9-\u00fadaje-o-po\u010dte-katechumenov-a-kandid\u00e1tov-na-sviatosti-kres\u0165anskej-inici\u00e1cie-za-roky-2011-2016-update-19.03.2016.pdf\" rel=\"\">03_\u0160tatistick\u00e9 \u00fadaje o po\u010dte katechumenov a kandid\u00e1tov na sviatosti kres\u0165anskej inici\u00e1cie za roky 2011-2016 &#8211; update 19.03.2016<\/a><\/p>\n<p><a href=\"http:\/\/www.scmlondon.org\/wp-content\/uploads\/2015\/11\/04_\u0160tatistick\u00e9-\u00fadaje-o-po\u010dte-p\u00e1rov-absolvuj\u00facich-pr\u00edpravu-k-sviatosti-man\u017eelstva-za-roky-2011-2016-update-19.03.2016.pdf\" rel=\"\">04_\u0160tatistick\u00e9 \u00fadaje o po\u010dte p\u00e1rov absolvuj\u00facich pr\u00edpravu k sviatosti man\u017eelstva za roky 2011-2016 &#8211; update 19.03.2016<\/a><\/p>\n<p><a href=\"http:\/\/www.scmlondon.org\/wp-content\/uploads\/2015\/11\/05_\u0160\u00da-o-po\u010dte-z\u00fa\u010d.-veriacich-na-bohoslu\u017eb\u00e1ch-a-prijat\u00fdch-sviatostiach-pod\u013ea-jednotliv\u00fdch-mesiacov-za-rok-2015.pdf\" rel=\"\">05_\u0160\u00da o po\u010dte z\u00fa\u010d. veriacich na bohoslu\u017eb\u00e1ch a prijat\u00fdch sviatostiach pod\u013ea jednotliv\u00fdch mesiacov za rok 2015<\/a><\/p>\n<p><a href=\"http:\/\/www.scmlondon.org\/wp-content\/uploads\/2015\/11\/06_\u0160\u00da-o-po\u010dte-z\u00fa\u010dast.-ver.-a-prij.sviatostiach-za-rok-2015-celoro\u010dn\u00fd-preh\u013ead.pdf\" rel=\"\">06_\u0160\u00da o po\u010dte z\u00fa\u010dast. ver. a prij.sviatostiach za rok 2015 &#8211; celoro\u010dn\u00fd preh\u013ead<\/a><\/p>\n","protected":false},"excerpt":{"rendered":"<p>01_\u0160tatistick\u00e9 \u00fadaje o vysl\u00fa\u017een\u00ed sviatosti krstu za roky 2011-2016 &#8211; update 19.03.2016 02_\u0160tatistick\u00e9 \u00fadaje o po\u010dte det\u00ed pripraven\u00fdch k 1.sv.prij\u00edmaniu za roky 2011-2016 &#8211; update 19.03.2016 03_\u0160tatistick\u00e9 \u00fadaje o po\u010dte&#8230; <a class=\"meta-more\" href=\"https:\/\/www.scmlondon.org\/?page_id=20746\">Pokra\u010dova\u0165 v \u010d\u00edtan\u00ed <span class=\"meta-nav\">&raquo;<\/span><\/a><\/p>\n","protected":false},"author":826,"featured_media":0,"parent":15711,"menu_order":10,"comment_status":"open","ping_status":"closed","template":"","meta":{"footnotes":""},"class_list":["post-20746","page","type-page","status-publish","hentry"],"_links":{"self":[{"href":"https:\/\/www.scmlondon.org\/index.php?rest_route=\/wp\/v2\/pages\/20746","targetHints":{"allow":["GET"]}}],"collection":[{"href":"https:\/\/www.scmlondon.org\/index.php?rest_route=\/wp\/v2\/pages"}],"about":[{"href":"https:\/\/www.scmlondon.org\/index.php?rest_route=\/wp\/v2\/types\/page"}],"author":[{"embeddable":true,"href":"https:\/\/www.scmlondon.org\/index.php?rest_route=\/wp\/v2\/users\/826"}],"replies":[{"embeddable":true,"href":"https:\/\/www.scmlondon.org\/index.php?rest_route=%2Fwp%2Fv2%2Fcomments&post=20746"}],"version-history":[{"count":5,"href":"https:\/\/www.scmlondon.org\/index.php?rest_route=\/wp\/v2\/pages\/20746\/revisions"}],"predecessor-version":[{"id":21550,"href":"https:\/\/www.scmlondon.org\/index.php?rest_route=\/wp\/v2\/pages\/20746\/revisions\/21550"}],"up":[{"embeddable":true,"href":"https:\/\/www.scmlondon.org\/index.php?rest_route=\/wp\/v2\/pages\/15711"}],"wp:attachment":[{"href":"https:\/\/www.scmlondon.org\/index.php?rest_route=%2Fwp%2Fv2%2Fmedia&parent=20746"}],"curies":[{"name":"wp","href":"https:\/\/api.w.org\/{rel}","templated":true}]}}