{"id":18879,"date":"2015-01-10T22:19:58","date_gmt":"2015-01-10T22:19:58","guid":{"rendered":"http:\/\/www.scmlondon.org\/?page_id=18879"},"modified":"2015-11-18T17:55:55","modified_gmt":"2015-11-18T17:55:55","slug":"plan-podujati-v-roku-archiv","status":"publish","type":"page","link":"https:\/\/www.scmlondon.org\/?page_id=18879","title":{"rendered":"PL\u00c1N PODUJAT\u00cd V ROKU ARCH\u00cdV"},"content":{"rendered":"<ul class=\"list-pages-shortcode child-pages\"><li class=\"page_item page-item-10234\"><a href=\"https:\/\/www.scmlondon.org\/?page_id=10234\">PL\u00c1N PODUJAT\u00cd V ROKU 2010<\/a><\/li>\n<li class=\"page_item page-item-10322\"><a href=\"https:\/\/www.scmlondon.org\/?page_id=10322\">PL\u00c1N PODUJAT\u00cd V ROKU 2011<\/a><\/li>\n<li class=\"page_item page-item-12166\"><a href=\"https:\/\/www.scmlondon.org\/?page_id=12166\">PL\u00c1N PODUJAT\u00cd V ROKU 2012<\/a><\/li>\n<li class=\"page_item page-item-17059\"><a href=\"https:\/\/www.scmlondon.org\/?page_id=17059\">PL\u00c1N PODUJAT\u00cd V ROKU 2013<\/a><\/li>\n<li class=\"page_item page-item-17061\"><a href=\"https:\/\/www.scmlondon.org\/?page_id=17061\">PL\u00c1N PODUJAT\u00cd V ROKU 2014<\/a><\/li>\n<li class=\"page_item page-item-18999\"><a href=\"https:\/\/www.scmlondon.org\/?page_id=18999\">PL\u00c1N PODUJAT\u00cd V ROKU 2015<\/a><\/li>\n<li class=\"page_item page-item-20988\"><a href=\"https:\/\/www.scmlondon.org\/?page_id=20988\">PL\u00c1N PODUJAT\u00cd V ROKU 2016<\/a><\/li>\n<li class=\"page_item page-item-22777\"><a href=\"https:\/\/www.scmlondon.org\/?page_id=22777\">PL\u00c1N PODUJAT\u00cd V ROKU 2017<\/a><\/li>\n<li class=\"page_item page-item-24132\"><a href=\"https:\/\/www.scmlondon.org\/?page_id=24132\">PL\u00c1N PODUJAT\u00cd V ROKU 2018<\/a><\/li>\n<li class=\"page_item page-item-27428\"><a href=\"https:\/\/www.scmlondon.org\/?page_id=27428\">PL\u00c1N PODUJAT\u00cd V ROKU 2019<\/a><\/li>\n<li class=\"page_item page-item-29029\"><a href=\"https:\/\/www.scmlondon.org\/?page_id=29029\">PL\u00c1N PODUJAT\u00cd NA ROK 2020<\/a><\/li>\n<\/ul>\n<h3>Related Images:<\/h3>","protected":false},"excerpt":{"rendered":"<p>Related Images:<\/p>\n","protected":false},"author":826,"featured_media":0,"parent":18877,"menu_order":0,"comment_status":"open","ping_status":"closed","template":"","meta":{"ngg_post_thumbnail":0,"footnotes":""},"class_list":["post-18879","page","type-page","status-publish","hentry"],"_links":{"self":[{"href":"https:\/\/www.scmlondon.org\/index.php?rest_route=\/wp\/v2\/pages\/18879","targetHints":{"allow":["GET"]}}],"collection":[{"href":"https:\/\/www.scmlondon.org\/index.php?rest_route=\/wp\/v2\/pages"}],"about":[{"href":"https:\/\/www.scmlondon.org\/index.php?rest_route=\/wp\/v2\/types\/page"}],"author":[{"embeddable":true,"href":"https:\/\/www.scmlondon.org\/index.php?rest_route=\/wp\/v2\/users\/826"}],"replies":[{"embeddable":true,"href":"https:\/\/www.scmlondon.org\/index.php?rest_route=%2Fwp%2Fv2%2Fcomments&post=18879"}],"version-history":[{"count":2,"href":"https:\/\/www.scmlondon.org\/index.php?rest_route=\/wp\/v2\/pages\/18879\/revisions"}],"predecessor-version":[{"id":18881,"href":"https:\/\/www.scmlondon.org\/index.php?rest_route=\/wp\/v2\/pages\/18879\/revisions\/18881"}],"up":[{"embeddable":true,"href":"https:\/\/www.scmlondon.org\/index.php?rest_route=\/wp\/v2\/pages\/18877"}],"wp:attachment":[{"href":"https:\/\/www.scmlondon.org\/index.php?rest_route=%2Fwp%2Fv2%2Fmedia&parent=18879"}],"curies":[{"name":"wp","href":"https:\/\/api.w.org\/{rel}","templated":true}]}}