{"id":18739,"date":"2014-12-02T19:16:25","date_gmt":"2014-12-02T19:16:25","guid":{"rendered":"http:\/\/www.scmlondon.org\/?page_id=18739"},"modified":"2025-08-24T20:16:51","modified_gmt":"2025-08-24T19:16:51","slug":"bohosluzby-v-peterborough","status":"publish","type":"page","link":"https:\/\/www.scmlondon.org\/?page_id=18739","title":{"rendered":"BOHOSLU\u017dBY V PETERBOROUGH"},"content":{"rendered":"<p>BOHOSLU\u017dBY<\/p>\n<h3 style=\"text-align: center;\">Stretnutia sa uskuto\u010d\u0148uj\u00fa:<br \/>\nvo farskom kostole Saint Luke\u2019s v Peterborough<br \/>\n26 Benyon Grove, Orton Malborne, PE2 5XS<\/h3>\n<h3 style=\"text-align: center;\"><strong>Stret\u00e1vame sa raz za mesiac v sobotu <\/strong><strong>v\u017edy o 15.00 hod.&nbsp;<\/strong><\/h3>\n<p style=\"text-align: center;\">Term\u00edny pre ka\u017ed\u00fd polrok n\u00e1jdete v sekcii najbli\u017e\u0161ie podujatia alebo kalend\u00e1r podujat\u00ed.<\/p>\n<h3 style=\"text-align: center;\">&nbsp;<\/h3>\n<p>&nbsp;<\/p>\n<p style=\"text-align: justify;\"><strong>Te\u0161\u00edme sa na va\u0161e reakcie, n\u00e1pady, podnety, inform\u00e1cie, n\u00e1vrhy \u2013 \u010doko\u013evek, \u010do napom\u00f4\u017ee a ur\u00fdchli sp\u00f4sob, ako sa da\u0165 \u201cdokopy\u201d<\/strong> <img decoding=\"async\" src=\"http:\/\/www.scmlondon.org\/wp-includes\/images\/smilies\/icon_smile.gif\" alt=\":-)\"><\/p>\n<p>S POZDRAVOM POKOJA A PO\u017dEHNAN\u00cdM V\u0160ETK\u00ddM<\/p>\n<p>Fr Tibor Borovsky<br \/>\nduchovn\u00fd otec SCM<br \/>\nSlovakian&nbsp;Chaplain of SCM<\/p>\n<h4 style=\"text-align: justify;\"><strong>Ak m\u00f4\u017eete o tomto n\u00e1vrhu informova\u0165 prostredn\u00edctvom svojich priate\u013eov a soci\u00e1lnych siet\u00ed, tak to len uv\u00edtame :-).<\/strong><\/h4>\n<p>SPR\u00c1VY A FOTO Z BOHOSLU\u017dIEB A PODUJAT\u00cd<br \/>\nngg_shortcode_0_placeholder<\/p>\n<h4>&#8211; 8.3.2011 &#8211; <a href=\"http:\/\/www.scmlondon.org\/?p=10833\">http:\/\/www.scmlondon.org\/?p=10833<\/a><br \/>\n&#8211; 26.12.2011 &#8211; <a href=\"http:\/\/www.scmlondon.org\/?p=12181\">http:\/\/www.scmlondon.org\/?p=12181<\/a> a <a href=\"http:\/\/www.scmlondon.org\/?p=12193\">http:\/\/www.scmlondon.org\/?p=12193<\/a><br \/>\n&#8211; 7. j\u00fala 2012 &#8211; <a href=\"http:\/\/www.scmlondon.org\/?p=13949\">http:\/\/www.scmlondon.org\/?p=13949<\/a><br \/>\n&#8211; 4. augusta 2012 &#8211; <a href=\"http:\/\/www.scmlondon.org\/?p=14416\">http:\/\/www.scmlondon.org\/?p=14416<\/a><br \/>\n&#8211; 8. septembra 2012 &#8211; <a href=\"http:\/\/www.scmlondon.org\/?p=14669\">http:\/\/www.scmlondon.org\/?p=14669<br \/>\n<\/a>&#8211; 3. novembra 2012 &#8211; <a href=\"http:\/\/www.scmlondon.org\/?p=14871 \" target=\"_blank\" rel=\"noopener\">http:\/\/www.scmlondon.org\/?p=14871<\/a><br \/>\n&#8211; 8. decembra 2012 &#8211; <a href=\"http:\/\/www.scmlondon.org\/?p=14857\" target=\"_blank\" rel=\"noopener\">http:\/\/www.scmlondon.org\/?p=14857<\/a> a <a href=\"http:\/\/www.scmlondon.org\/?p=15039\" target=\"_blank\" rel=\"noopener\">http:\/\/www.scmlondon.org\/?p=15039<br \/>\n<\/a>&#8211; 26. decembra 2012 &#8211; <a href=\"http:\/\/www.scmlondon.org\/?p=15130\" target=\"_blank\" rel=\"noopener\">http:\/\/www.scmlondon.org\/?p=15130<\/a><\/h4>\n<p><a href=\"http:\/\/www.scmlondon.org\/?p=15039\" target=\"_blank\" rel=\"noopener\">&nbsp;<\/a><\/p>\n<h3>Related Images:<\/h3>","protected":false},"excerpt":{"rendered":"<p>BOHOSLU\u017dBY Stretnutia sa uskuto\u010d\u0148uj\u00fa: vo farskom kostole Saint Luke\u2019s v Peterborough 26 Benyon Grove, Orton Malborne, PE2 5XS Stret\u00e1vame sa raz za mesiac v sobotu v\u017edy o 15.00 hod.&nbsp; Term\u00edny&#8230; <a class=\"meta-more\" href=\"https:\/\/www.scmlondon.org\/?page_id=18739\">Pokra\u010dova\u0165 v \u010d\u00edtan\u00ed <span class=\"meta-nav\">&raquo;<\/span><\/a><\/p>\n","protected":false},"author":417,"featured_media":0,"parent":12234,"menu_order":0,"comment_status":"open","ping_status":"closed","template":"","meta":{"ngg_post_thumbnail":0,"footnotes":""},"class_list":["post-18739","page","type-page","status-publish","hentry"],"_links":{"self":[{"href":"https:\/\/www.scmlondon.org\/index.php?rest_route=\/wp\/v2\/pages\/18739","targetHints":{"allow":["GET"]}}],"collection":[{"href":"https:\/\/www.scmlondon.org\/index.php?rest_route=\/wp\/v2\/pages"}],"about":[{"href":"https:\/\/www.scmlondon.org\/index.php?rest_route=\/wp\/v2\/types\/page"}],"author":[{"embeddable":true,"href":"https:\/\/www.scmlondon.org\/index.php?rest_route=\/wp\/v2\/users\/417"}],"replies":[{"embeddable":true,"href":"https:\/\/www.scmlondon.org\/index.php?rest_route=%2Fwp%2Fv2%2Fcomments&post=18739"}],"version-history":[{"count":23,"href":"https:\/\/www.scmlondon.org\/index.php?rest_route=\/wp\/v2\/pages\/18739\/revisions"}],"predecessor-version":[{"id":32884,"href":"https:\/\/www.scmlondon.org\/index.php?rest_route=\/wp\/v2\/pages\/18739\/revisions\/32884"}],"up":[{"embeddable":true,"href":"https:\/\/www.scmlondon.org\/index.php?rest_route=\/wp\/v2\/pages\/12234"}],"wp:attachment":[{"href":"https:\/\/www.scmlondon.org\/index.php?rest_route=%2Fwp%2Fv2%2Fmedia&parent=18739"}],"curies":[{"name":"wp","href":"https:\/\/api.w.org\/{rel}","templated":true}]}}