{"id":12232,"date":"2012-01-12T23:30:28","date_gmt":"2012-01-12T23:30:28","guid":{"rendered":"http:\/\/www.scmlondon.org\/?page_id=12232"},"modified":"2018-01-09T10:19:34","modified_gmt":"2018-01-09T10:19:34","slug":"birmingham","status":"publish","type":"page","link":"https:\/\/www.scmlondon.org\/?page_id=12232","title":{"rendered":"BIRMINGHAM"},"content":{"rendered":"<div style=\"text-align: justify;\">\n<address>Slovensk\u00e1 katol\u00edcka misia (SCM) v Lond\u00fdne ( <a href=\"http:\/\/www.scmlondon.org\" target=\"_blank\">www.scmlondon.org<\/a> ) srde\u010dne pozdravuje v\u0161etk\u00fdch Slov\u00e1kov a \u010cechov v Birminghame. Po dobe spozn\u00e1vania a z\u00edskavania sk\u00fasenost\u00ed sa SCM rozhodla roz\u0161\u00edri\u0165 svoje mo\u017enosti p\u00f4sobenia v \u010fal\u0161\u00edch mest\u00e1ch Anglicka. Po spusten\u00ed projektu v Peterborough v j\u00fali 2012, kde sa bude pravidelne pri bohoslu\u017eb\u00e1ch a spolo\u010densk\u00fdch stretnutiach raz za mesiac stret\u00e1va\u0165 komunita Slov\u00e1kov a \u010cechov, uva\u017eovala o mo\u017enosti vytvori\u0165 miesto a priestor pre rovnak\u00e9 stretnutia aj v Birminghame. D\u00f4vod je celkom prozaick\u00fd \u2013 uchova\u0165 si jazyk, kult\u00faru, vieru, spolupatri\u010dnos\u0165, n\u00e1rodn\u00fa hrdos\u0165, \u013eudsk\u00fa d\u00f4stojnos\u0165, spolo\u010dne sa poduja\u0165 pre\u017e\u00edva\u0165 a zdie\u013ea\u0165 \u010das, odovzd\u00e1va\u0165 si inform\u00e1cie, c\u00edti\u0165 vz\u00e1jomn\u00fa bl\u00edzkos\u0165 a podporu, hlb\u0161ie pre\u017e\u00edva\u0165 ka\u017edodenn\u00fd \u017eivot vo viere v Boha a v \u013eudskej solidarite. R\u00f4zne aktivity duchovn\u00e9ho, kult\u00farneho, spolo\u010densk\u00e9ho, \u0161portov\u00e9ho, \u013eudov\u00e9ho i umeleck\u00e9ho charakteru pre dospel\u00fdch i deti by mali by\u0165 zdrojom uvo\u013enenia i na\u010derpania nov\u00fdch s\u00edl a in\u0161pir\u00e1cie do \u017eivota.<\/address>\n<address>\u00a0<\/address>\n<address style=\"text-align: justify;\">Je pote\u0161en\u00edm, \u017ee mnoh\u00ed maj\u00fa t\u00fa\u017ebu uchova\u0165 si svoje korene aj v zahrani\u010d\u00ed &#8211; kult\u00farne, n\u00e1rodn\u00e9, trad\u00edcie.<\/address>\n<address style=\"text-align: justify;\">\u00a0<\/address>\n<address style=\"text-align: justify;\">Z\u00e1rove\u0148 v\u0161ak so sm\u00fatkom je nutn\u00e9 kon\u0161tatova\u0165, \u017ee komunita sa nem\u00f4\u017ee vytvori\u0165 \u00a0bez adekv\u00e1tnych ochotn\u00fdch dobrovo\u013en\u00edkov, ktor\u00ed by zhroma\u017e\u010fovali \u00fadaje a poskytovali inform\u00e1cie pre v\u0161etk\u00fdch.<\/address>\n<address style=\"text-align: justify;\">\u00a0<\/address>\n<address style=\"text-align: justify;\">Za roky existencie SCM v Lond\u00fdne mnoho \u013eud\u00ed prich\u00e1dzalo a prich\u00e1dza z tejto oblasti do Lond\u00fdna na bohoslu\u017eby, \u010di na pr\u00edpravy ku sviatostiam. Mnoh\u00ed prich\u00e1dzaj\u00fa i preto, aby za\u017eili spolo\u010denstvo, v ktorom vyrastali doma vo svojich farnostiach, pastora\u010dn\u00fdch centr\u00e1ch ap. Dnes je potrebn\u00e9 a mala by sa prejavi\u0165 va\u0161a t\u00fa\u017eba a ochota za\u010da\u0165 budova\u0165 dielo, ktor\u00e9 bude obohaten\u00edm v\u00e1s samotn\u00fdch i druh\u00fdch. Miesto, ktor\u00e9 bude chcen\u00e9 a vyh\u013ead\u00e1van\u00e9 pre svoju atmosf\u00e9ru, potrebu a ponuku. Ka\u017ed\u00fd tak bude ma\u0165 podiel na jeho kr\u00e1se a u\u017eito\u010dnosti.<\/address>\n<address style=\"text-align: justify;\">\u00a0<\/address>\n<address style=\"text-align: justify;\">Spr\u00e1vca SCM nav\u0161t\u00edvil toto mesto mnohokr\u00e1t a skon\u0161tatoval, \u017ee je to n\u00e1dhern\u00e9 mesto a niet divu, \u017ee si ho mnoh\u00ed vybrali za cie\u013e h\u013eadania svojej pr\u00e1ce, \u010di z\u00edskavania nov\u00fdch \u017eivotn\u00fdch sk\u00fasenost\u00ed.<\/address>\n<h3 style=\"text-align: justify;\">Je teraz rada a krok na v\u00e1s da\u0165 o sebe vedie\u0165! Bez prejavenia z\u00e1ujmu, zhroma\u017edenia dostato\u010dn\u00e9ho po\u010dtu \u013eud\u00ed a vytvorenia platformy pre stretnutia, nie je mo\u017en\u00e9 ani pre\u017e\u00edva\u0165 spolupatri\u010dnos\u0165 ani vz\u00e1jomn\u00fa podporu. Uk\u00e1\u017eme, \u017ee sme sa v tomto svete nie\u010do nau\u010dili a pochopili, \u017ee sme in\u00ed ako \u201ct\u00ed\u201d doma, \u017ee sme in\u00ed vn\u00fatorne srdcom i zm\u00fd\u0161\u013ean\u00edm, ako sme boli.<\/h3>\n<h3 style=\"text-align: justify;\">Te\u0161\u00edme sa na va\u0161e reakcie, n\u00e1pady, podnety, inform\u00e1cie, n\u00e1vrhy \u2013 \u010doko\u013evek, \u010do napom\u00f4\u017ee a ur\u00fdchli sp\u00f4sob, ako sa da\u0165 \u201cdokopy\u201d <img decoding=\"async\" src=\"http:\/\/www.scmlondon.org\/wp-includes\/images\/smilies\/icon_smile.gif\" alt=\":-)\" \/><\/h3>\n<p>S POZDRAVOM POKOJA A PO\u017dEHNAN\u00cdM V\u0160ETK\u00ddM<\/p>\n<p>Fr Tibor Borovsky<br \/>\nduchovn\u00fd otec SCM<br \/>\nSlovakian Chaplain of SCM<\/p>\n<p style=\"text-align: justify;\"><strong><span style=\"color: #ff0000;\">Ak m\u00f4\u017eete o tomto n\u00e1vrhu informova\u0165 prostredn\u00edctvom svojich priate\u013eov a soci\u00e1lnych siet\u00ed, tak to len uv\u00edtame.<\/span><\/strong><\/p>\n<h3 style=\"text-align: justify;\">Slovensk\u00e1 katol\u00edcka misia v Lond\u00fdne v s\u00fa\u010dasnosti priamo nepokr\u00fdva duchovn\u00fd \u017eivot v Birmingame.\u00a0Moment\u00e1lne \u017eiadna komunita pod spr\u00e1vou SCM v Lond\u00fdne v Birminghame nie je. Ale je to mo\u017en\u00e9 zmeni\u0165 &#8230;&#8230;.<\/h3>\n<\/div>\n","protected":false},"excerpt":{"rendered":"<p>Slovensk\u00e1 katol\u00edcka misia (SCM) v Lond\u00fdne ( www.scmlondon.org ) srde\u010dne pozdravuje v\u0161etk\u00fdch Slov\u00e1kov a \u010cechov v Birminghame. Po dobe spozn\u00e1vania a z\u00edskavania sk\u00fasenost\u00ed sa SCM rozhodla roz\u0161\u00edri\u0165 svoje mo\u017enosti p\u00f4sobenia&#8230; <a class=\"meta-more\" href=\"https:\/\/www.scmlondon.org\/?page_id=12232\">Pokra\u010dova\u0165 v \u010d\u00edtan\u00ed <span class=\"meta-nav\">&raquo;<\/span><\/a><\/p>\n","protected":false},"author":417,"featured_media":0,"parent":12229,"menu_order":2,"comment_status":"closed","ping_status":"closed","template":"","meta":{"footnotes":""},"class_list":["post-12232","page","type-page","status-publish","hentry"],"_links":{"self":[{"href":"https:\/\/www.scmlondon.org\/index.php?rest_route=\/wp\/v2\/pages\/12232","targetHints":{"allow":["GET"]}}],"collection":[{"href":"https:\/\/www.scmlondon.org\/index.php?rest_route=\/wp\/v2\/pages"}],"about":[{"href":"https:\/\/www.scmlondon.org\/index.php?rest_route=\/wp\/v2\/types\/page"}],"author":[{"embeddable":true,"href":"https:\/\/www.scmlondon.org\/index.php?rest_route=\/wp\/v2\/users\/417"}],"replies":[{"embeddable":true,"href":"https:\/\/www.scmlondon.org\/index.php?rest_route=%2Fwp%2Fv2%2Fcomments&post=12232"}],"version-history":[{"count":18,"href":"https:\/\/www.scmlondon.org\/index.php?rest_route=\/wp\/v2\/pages\/12232\/revisions"}],"predecessor-version":[{"id":24206,"href":"https:\/\/www.scmlondon.org\/index.php?rest_route=\/wp\/v2\/pages\/12232\/revisions\/24206"}],"up":[{"embeddable":true,"href":"https:\/\/www.scmlondon.org\/index.php?rest_route=\/wp\/v2\/pages\/12229"}],"wp:attachment":[{"href":"https:\/\/www.scmlondon.org\/index.php?rest_route=%2Fwp%2Fv2%2Fmedia&parent=12232"}],"curies":[{"name":"wp","href":"https:\/\/api.w.org\/{rel}","templated":true}]}}