{"id":10262,"date":"2022-07-01T15:40:33","date_gmt":"2022-07-01T14:40:33","guid":{"rendered":"http:\/\/www.scmlondon.org\/?page_id=10262"},"modified":"2025-08-04T12:34:09","modified_gmt":"2025-08-04T11:34:09","slug":"bohosluzby-v-scm","status":"publish","type":"page","link":"https:\/\/www.scmlondon.org\/?page_id=10262","title":{"rendered":"SV\u00c4T\u00c9 OM\u0160E"},"content":{"rendered":"<h3 style=\"text-align: justify;\">Kde \u00eds\u0165 na slovensk\u00fa om\u0161u v Lond\u00fdne? Pr\u00ed\u010fte do na\u0161ej Slovenskej katol\u00edckej misie na bohoslu\u017ebu a stretnite sa s krajanmi v &#8222;slovenskom&#8220; kostole v Lond\u00fdne pri London Bridge. Kedy?<\/h3>\n<table style=\"vertical-align: top; height: 141px;\" width=\"575\">\n<tbody>\n<tr>\n<td colspan=\"2\"><b> Pravideln\u00e9 slovensk\u00e9 om\u0161e v Lond\u00fdne:<\/b><\/td>\n<\/tr>\n<tr>\n<td style=\"width: 6em; text-align: center;\">\n<h3>piatok<\/h3>\n<\/td>\n<td>\n<h3>19:30 (slovensko-\u010desky)<\/h3>\n<\/td>\n<\/tr>\n<tr>\n<td style=\"vertical-align: top; text-align: left;\">\n<h3 style=\"text-align: center;\">nede\u013ea<\/h3>\n<\/td>\n<td>\n<h3>14:00 (slovensko-\u010desky)<\/h3>\n<\/td>\n<\/tr>\n<\/tbody>\n<\/table>\n<p>*SCM si vyhradzuje pr\u00e1vo \u00fapravy \u010dasov om\u0161\u00ed. Odpor\u00fa\u010dame preto skontrolova\u0165 <a href=\"\/?cat=18\">aktu\u00e1lne nede\u013en\u00e9 oznamy<\/a> pre pr\u00edpadn\u00e9 zmeny.<\/p>\n<h2 style=\"text-align: center;\"><span style=\"color: #ff0000;\">PO\u010cAS MESIACOV J\u00daL A AUGUST<br \/>\nSA BOHOSLU\u017dBY V KOSTOLE<br \/>\nSLOVENSKEJ KATOL\u00cdCKEJ MISIE<br \/>\nNEKONAJ\u00da.<\/p>\n<p><\/span><span style=\"color: #ff0000;\">\u010cINNOS\u0164 BUDE OBNOVEN\u00c1<br \/>\nNEDE\u013dOU 7.SEPTEMBRA 2025.<\/span><\/h2>\n<p><b>Om\u0161e v in\u00fdch mest\u00e1ch:<\/b> <a href=\"http:\/\/www.scmlondon.org\/?page_id=25257\" target=\"_blank\" rel=\"noopener\">klikni tu<\/a><\/p>\n<table style=\"vertical-align: top; height: 155px;\" width=\"573\">\n<tbody>\n<tr>\n<td colspan=\"2\"><b>Spovedanie v kostole SCM v Lond\u00fdne:<\/b><\/td>\n<\/tr>\n<tr>\n<td style=\"width: 6em; text-align: center;\">\n<h3><strong>piatok<\/strong><\/h3>\n<\/td>\n<td>\n<h3>pred sv. om\u0161ou od 19.00 &#8211; 19.20<\/h3>\n<\/td>\n<\/tr>\n<tr>\n<td style=\"text-align: center;\">\n<h3><b>nede\u013ea<\/b><\/h3>\n<\/td>\n<td>\n<h3>pred sv. om\u0161ou od 13.30 &#8211; 13.50<\/h3>\n<h3>po sv. om\u0161i od 15.30 &#8211; 16.00 (ak bude treba)<\/h3>\n<\/td>\n<\/tr>\n<\/tbody>\n<\/table>\n<p><strong><i class=\"fa fa-envelope\"><\/i> Po\u0161tov\u00e1 adresa:<\/strong><br \/>\nSlovak Catholic Mission in London<br \/>\n14 Melior Street<br \/>\nLondon<br \/>\nSE1 3QP<br \/>\nUnited Kingdom<\/p>\n<p><strong><i class=\"fa fa-street-view\"><\/i> Google Street:<\/strong> Nav\u0161t\u00edvte n\u00e1s cez <a href=\"https:\/\/www.google.co.uk\/maps\/@51.502757,-0.0850114,3a,75y,234.83h,85.52t\/data=!3m6!1e1!3m4!1stI3AS2pkbMB9FcxOJWPbDA!2e0!7i13312!8i6656\" target=\"_blank\" rel=\"noopener\">Google Street View<\/a><br \/>\n<strong><i class=\"fa fa-map\"><\/i> Google Maps:<\/strong> Nechajte sa navigova\u0165 priamo cez <a href=\"https:\/\/www.google.com\/maps\/dir\/51.4977766,-0.0491353\/Slovak+Catholic+Mission+in+London,+14+Melior+St,+London+SE1+3QP\/@51.4994966,-0.0845674,14z\/data=!3m1!4b1!4m17!1m6!3m5!1s0x4876038854015fcb:0x7ebc76a0e42d4cfd!2sSlovak+Catholic+Mission+in+London!8m2!3d51.5024901!4d-0.0850018!4m9!1m1!4e1!1m5!1m1!1s0x4876038854015fcb:0x7ebc76a0e42d4cfd!2m2!1d-0.0849803!2d51.5026804!3e2\" target=\"_blank\" rel=\"noopener\">Google Maps<\/a><\/p>\n<p><strong> Mapa:<\/strong> Mapa Slovenskej katol\u00edckej misie v Lond\u00fdne alebo Ako do slovensk\u00e9ho kostola na London Bridge (<a href=\"https:\/\/www.google.com\/maps\/d\/viewer?mid=11z715ZVxssHce4A7ywaQsKtCEko\" target=\"_blank\" rel=\"noopener\">otvori\u0165 na v\u00e4\u010d\u0161ej mape<\/a>): <iframe loading=\"lazy\" src=\"https:\/\/mapsengine.google.com\/map\/embed?mid=znl8Bh8DYSTw.kuTD0V3TpY0A\" width=\"600\" height=\"480\"><\/iframe><\/p>\n","protected":false},"excerpt":{"rendered":"<p>Kde \u00eds\u0165 na slovensk\u00fa om\u0161u v Lond\u00fdne? Pr\u00ed\u010fte do na\u0161ej Slovenskej katol\u00edckej misie na bohoslu\u017ebu a stretnite sa s krajanmi v &#8222;slovenskom&#8220; kostole v Lond\u00fdne pri London Bridge. Kedy? Pravideln\u00e9&#8230; <a class=\"meta-more\" href=\"https:\/\/www.scmlondon.org\/?page_id=10262\">Pokra\u010dova\u0165 v \u010d\u00edtan\u00ed <span class=\"meta-nav\">&raquo;<\/span><\/a><\/p>\n","protected":false},"author":417,"featured_media":0,"parent":0,"menu_order":2,"comment_status":"open","ping_status":"closed","template":"","meta":{"footnotes":""},"class_list":["post-10262","page","type-page","status-publish","hentry"],"_links":{"self":[{"href":"https:\/\/www.scmlondon.org\/index.php?rest_route=\/wp\/v2\/pages\/10262","targetHints":{"allow":["GET"]}}],"collection":[{"href":"https:\/\/www.scmlondon.org\/index.php?rest_route=\/wp\/v2\/pages"}],"about":[{"href":"https:\/\/www.scmlondon.org\/index.php?rest_route=\/wp\/v2\/types\/page"}],"author":[{"embeddable":true,"href":"https:\/\/www.scmlondon.org\/index.php?rest_route=\/wp\/v2\/users\/417"}],"replies":[{"embeddable":true,"href":"https:\/\/www.scmlondon.org\/index.php?rest_route=%2Fwp%2Fv2%2Fcomments&post=10262"}],"version-history":[{"count":138,"href":"https:\/\/www.scmlondon.org\/index.php?rest_route=\/wp\/v2\/pages\/10262\/revisions"}],"predecessor-version":[{"id":32875,"href":"https:\/\/www.scmlondon.org\/index.php?rest_route=\/wp\/v2\/pages\/10262\/revisions\/32875"}],"wp:attachment":[{"href":"https:\/\/www.scmlondon.org\/index.php?rest_route=%2Fwp%2Fv2%2Fmedia&parent=10262"}],"curies":[{"name":"wp","href":"https:\/\/api.w.org\/{rel}","templated":true}]}}